{"id":242,"date":"2019-08-28T14:03:16","date_gmt":"2019-08-28T12:03:16","guid":{"rendered":"http:\/\/klett.cz\/direkt\/?page_id=242"},"modified":"2023-02-10T10:15:14","modified_gmt":"2023-02-10T09:15:14","slug":"materialy-ke-stazeni","status":"publish","type":"page","link":"https:\/\/klett.cz\/direkt\/materialy-ke-stazeni\/","title":{"rendered":"Materi\u00e1ly ke sta\u017een\u00ed"},"content":{"rendered":"\n<style type=\"text\/css\" data-created_by=\"avia_inline_auto\" id=\"style-css-av-hms1e-fc9c0777a8342c5e74340b8efe61e2d6\">\n.flex_column.av-hms1e-fc9c0777a8342c5e74340b8efe61e2d6{\nborder-radius:0px 0px 0px 0px;\npadding:0px 0px 0px 0px;\n}\n<\/style>\n<div  class='flex_column av-hms1e-fc9c0777a8342c5e74340b8efe61e2d6 av_one_full  avia-builder-el-0  el_before_av_one_full  avia-builder-el-first  first flex_column_div av-zero-column-padding  '     ><section  class='av_textblock_section av-jzv69i76-3e56d37503ef40aa8b546ac3ed8ebdb5 '   itemscope=\"itemscope\" itemtype=\"https:\/\/schema.org\/CreativeWork\" ><div class='avia_textblock'  itemprop=\"text\" ><h1 style=\"text-align: center;\">MATERI\u00c1LY KE STA\u017dEN\u00cd<\/h1>\n<p style=\"text-align: center;\">Obdr\u017eeli jste vzorov\u00fd v\u00fdtisk zdarma nebo u\u010d\u00edte podle Direkt interaktiv? Vyberte si z nab\u00eddky n\u00ed\u017ee a st\u00e1hn\u011bte si pot\u0159ebn\u00e9 materi\u00e1ly.<\/p>\n<\/div><\/section><\/div>\n\n<style type=\"text\/css\" data-created_by=\"avia_inline_auto\" id=\"style-css-av-6x4ju-89ebffe6da083e0cb2534b54e4cadc10\">\n.flex_column.av-6x4ju-89ebffe6da083e0cb2534b54e4cadc10{\nborder-radius:0px 0px 0px 0px;\npadding:0px 0px 0px 0px;\n}\n<\/style>\n<div  class='flex_column av-6x4ju-89ebffe6da083e0cb2534b54e4cadc10 av_one_full  avia-builder-el-2  el_after_av_one_full  el_before_av_one_full  first flex_column_div av-zero-column-padding  column-top-margin'     ><section  class='av_textblock_section av-jzv7lyvn-e25315a381ddbe9f83ba07294186023d '   itemscope=\"itemscope\" itemtype=\"https:\/\/schema.org\/CreativeWork\" ><div class='avia_textblock'  itemprop=\"text\" ><h1 style=\"text-align: center;\">Poslechy k sad\u011b Direkt interaktiv 1<\/h1>\n<p style=\"text-align: center;\"><a href=\"https:\/\/klett.cz\/direkt\/wp-content\/uploads\/2019\/08\/Poslechy-Direkt-interaktiv-1.zip\">Komplet poslechy Direkt interaktiv 1 (ZIP)<\/a><\/p>\n<h1 style=\"text-align: center;\">Poslechy k sad\u011b Direkt interaktiv 2<\/h1>\n<p style=\"text-align: center;\"><a href=\"https:\/\/klett.cz\/direkt\/wp-content\/uploads\/2020\/10\/Poslechy_Direkt_interaktiv_2_mp3.zip\">Komplet poslechy Direkt interaktiv 2 (ZIP)<\/a><\/p>\n<h1 style=\"text-align: center;\">Poslechy k sad\u011b Direkt interaktiv 3<\/h1>\n<p style=\"text-align: center;\"><a href=\"https:\/\/klett.cz\/direkt\/wp-content\/uploads\/2023\/02\/direkt-interaktiv-3-poslechy.zip\">Komplet poslechy Direkt interaktiv 3 (ZIP)<\/a><\/p>\n<\/div><\/section><\/div>\n<style type=\"text\/css\" data-created_by=\"avia_inline_auto\" id=\"style-css-av-6x4ju-89ebffe6da083e0cb2534b54e4cadc10\">\n.flex_column.av-6x4ju-89ebffe6da083e0cb2534b54e4cadc10{\nborder-radius:0px 0px 0px 0px;\npadding:0px 0px 0px 0px;\n}\n<\/style>\n<div  class='flex_column av-6x4ju-89ebffe6da083e0cb2534b54e4cadc10 av_one_full  avia-builder-el-4  el_after_av_one_full  avia-builder-el-last  first flex_column_div av-zero-column-padding  column-top-margin'     ><section  class='av_textblock_section av-jzv7lyvn-e25315a381ddbe9f83ba07294186023d '   itemscope=\"itemscope\" itemtype=\"https:\/\/schema.org\/CreativeWork\" ><div class='avia_textblock'  itemprop=\"text\" ><h1 style=\"text-align: center;\">Poslechy k Intensivtrainer k Direkt interaktiv<\/h1>\n<p style=\"text-align: center;\"><a href=\"https:\/\/klett.cz\/direkt\/wp-content\/uploads\/2020\/02\/INTENSIVTRAINER_Direkt_interaktiv_1.zip\">Poslechy k Intensivtrainer k Direkt interaktiv 1<\/a> (ZIP)<\/p>\n<p style=\"text-align: center;\"><a href=\"https:\/\/klett.cz\/direkt\/wp-content\/uploads\/2020\/11\/Intensivtrainer-2-poslechy-MP3.zip\">Poslechy k Intensivtrainer k Direkt interaktiv 2<\/a> (ZIP)<\/p>\n<p style=\"text-align: center;\"><a href=\"https:\/\/klett.cz\/direkt\/wp-content\/uploads\/2023\/02\/direkt-interaktiv-3-intensivtrainer-poslechy.zip\">Poslechy k Intensivtrainer k Direkt interaktiv 3 <\/a>(ZIP)<\/p>\n<\/div><\/section><\/div><\/p>\n","protected":false},"excerpt":{"rendered":"","protected":false},"author":3,"featured_media":0,"parent":0,"menu_order":0,"comment_status":"closed","ping_status":"closed","template":"","meta":{"_exactmetrics_skip_tracking":false,"_exactmetrics_sitenote_active":false,"_exactmetrics_sitenote_note":"","_exactmetrics_sitenote_category":0,"footnotes":""},"class_list":["post-242","page","type-page","status-publish","hentry"],"_links":{"self":[{"href":"https:\/\/klett.cz\/direkt\/wp-json\/wp\/v2\/pages\/242","targetHints":{"allow":["GET"]}}],"collection":[{"href":"https:\/\/klett.cz\/direkt\/wp-json\/wp\/v2\/pages"}],"about":[{"href":"https:\/\/klett.cz\/direkt\/wp-json\/wp\/v2\/types\/page"}],"author":[{"embeddable":true,"href":"https:\/\/klett.cz\/direkt\/wp-json\/wp\/v2\/users\/3"}],"replies":[{"embeddable":true,"href":"https:\/\/klett.cz\/direkt\/wp-json\/wp\/v2\/comments?post=242"}],"version-history":[{"count":14,"href":"https:\/\/klett.cz\/direkt\/wp-json\/wp\/v2\/pages\/242\/revisions"}],"predecessor-version":[{"id":897,"href":"https:\/\/klett.cz\/direkt\/wp-json\/wp\/v2\/pages\/242\/revisions\/897"}],"wp:attachment":[{"href":"https:\/\/klett.cz\/direkt\/wp-json\/wp\/v2\/media?parent=242"}],"curies":[{"name":"wp","href":"https:\/\/api.w.org\/{rel}","templated":true}]}}