{"id":2,"date":"2018-08-03T14:39:48","date_gmt":"2018-08-03T12:39:48","guid":{"rendered":"http:\/\/klett.cz\/direkt\/?page_id=2"},"modified":"2022-01-25T10:24:37","modified_gmt":"2022-01-25T09:24:37","slug":"domu","status":"publish","type":"page","link":"https:\/\/klett.cz\/direkt\/","title":{"rendered":"Dom\u016f"},"content":{"rendered":"\n<style type=\"text\/css\" data-created_by=\"avia_inline_auto\" id=\"style-css-av-n4eq-2ece985f81b77cd3360277294c6ff700\">\n.flex_column.av-n4eq-2ece985f81b77cd3360277294c6ff700{\nborder-radius:0px 0px 0px 0px;\npadding:0px 0px 0px 0px;\n}\n<\/style>\n<div  class='flex_column av-n4eq-2ece985f81b77cd3360277294c6ff700 av_one_full  avia-builder-el-0  el_before_av_hr  avia-builder-el-first  first flex_column_div av-zero-column-padding  '     ><style type=\"text\/css\" data-created_by=\"avia_inline_auto\" id=\"style-css-av-ju3k-c36d8a7c2de40ada6ec1b070d6b6a2db\">\n.avia-image-container.av-ju3k-c36d8a7c2de40ada6ec1b070d6b6a2db img.avia_image{\nbox-shadow:none;\n}\n.avia-image-container.av-ju3k-c36d8a7c2de40ada6ec1b070d6b6a2db .av-image-caption-overlay-center{\ncolor:#ffffff;\n}\n<\/style>\n<div  class='avia-image-container av-ju3k-c36d8a7c2de40ada6ec1b070d6b6a2db av-styling- avia-align-center  avia-builder-el-1  avia-builder-el-no-sibling '   itemprop=\"image\" itemscope=\"itemscope\" itemtype=\"https:\/\/schema.org\/ImageObject\" ><div class=\"avia-image-container-inner\"><div class=\"avia-image-overlay-wrap\"><img decoding=\"async\" fetchpriority=\"high\" class='wp-image-320 avia-img-lazy-loading-not-320 avia_image ' src=\"https:\/\/klett.cz\/direkt\/wp-content\/uploads\/2019\/11\/Kopie-na\u0301vrhu-Bez-na\u0301zvu-3.png\" alt='' title='Kopie na\u0301vrhu Bez na\u0301zvu (3)'  height=\"630\" width=\"1231\"  itemprop=\"thumbnailUrl\" srcset=\"https:\/\/klett.cz\/direkt\/wp-content\/uploads\/2019\/11\/Kopie-na\u0301vrhu-Bez-na\u0301zvu-3.png 1231w, https:\/\/klett.cz\/direkt\/wp-content\/uploads\/2019\/11\/Kopie-na\u0301vrhu-Bez-na\u0301zvu-3-300x154.png 300w, https:\/\/klett.cz\/direkt\/wp-content\/uploads\/2019\/11\/Kopie-na\u0301vrhu-Bez-na\u0301zvu-3-768x393.png 768w, https:\/\/klett.cz\/direkt\/wp-content\/uploads\/2019\/11\/Kopie-na\u0301vrhu-Bez-na\u0301zvu-3-1030x527.png 1030w, https:\/\/klett.cz\/direkt\/wp-content\/uploads\/2019\/11\/Kopie-na\u0301vrhu-Bez-na\u0301zvu-3-705x361.png 705w, https:\/\/klett.cz\/direkt\/wp-content\/uploads\/2019\/11\/Kopie-na\u0301vrhu-Bez-na\u0301zvu-3-450x230.png 450w\" sizes=\"(max-width: 1231px) 100vw, 1231px\" \/><\/div><\/div><\/div><\/div>\n\n<style type=\"text\/css\" data-created_by=\"avia_inline_auto\" id=\"style-css-av-i4ci-c11f24cea8e4951fc66b8ca5af6e6cb6\">\n#top .hr.hr-invisible.av-i4ci-c11f24cea8e4951fc66b8ca5af6e6cb6{\nheight:20px;\n}\n<\/style>\n<div  class='hr av-i4ci-c11f24cea8e4951fc66b8ca5af6e6cb6 hr-invisible  avia-builder-el-2  el_after_av_one_full  el_before_av_heading '><span class='hr-inner '><span class=\"hr-inner-style\"><\/span><\/span><\/div>\n\n<style type=\"text\/css\" data-created_by=\"avia_inline_auto\" id=\"style-css-av-e26-c3b96f62184ba8eede9ac78e1683880b\">\n#top .av-special-heading.av-e26-c3b96f62184ba8eede9ac78e1683880b{\npadding-bottom:10px;\n}\nbody .av-special-heading.av-e26-c3b96f62184ba8eede9ac78e1683880b .av-special-heading-tag .heading-char{\nfont-size:25px;\n}\n.av-special-heading.av-e26-c3b96f62184ba8eede9ac78e1683880b .av-subheading{\nfont-size:15px;\n}\n<\/style>\n<div  class='av-special-heading av-e26-c3b96f62184ba8eede9ac78e1683880b av-special-heading-h2 blockquote modern-quote modern-centered  avia-builder-el-3  el_after_av_hr  el_before_av_hr '><h2 class='av-special-heading-tag '  itemprop=\"headline\"  >P\u0159edstavujeme Direkt interaktiv<\/h2><div class=\"special-heading-border\"><div class=\"special-heading-inner-border\"><\/div><\/div><\/div>\n\n<style type=\"text\/css\" data-created_by=\"avia_inline_auto\" id=\"style-css-av-en2s-7bdcae96b1e605e673824247406728de\">\n#top .hr.hr-invisible.av-en2s-7bdcae96b1e605e673824247406728de{\nheight:20px;\n}\n<\/style>\n<div  class='hr av-en2s-7bdcae96b1e605e673824247406728de hr-invisible  avia-builder-el-4  el_after_av_heading  el_before_av_textblock '><span class='hr-inner '><span class=\"hr-inner-style\"><\/span><\/span><\/div>\n<section  class='av_textblock_section av-csuw-0c668cc8559f81a13f7bb14d7eecd20a '   itemscope=\"itemscope\" itemtype=\"https:\/\/schema.org\/CreativeWork\" ><div class='avia_textblock'  itemprop=\"text\" ><p style=\"text-align: center;\">Direkt interaktiv je aktualizovan\u00e1 podoba obl\u00edben\u00e9 u\u010debnice n\u011bm\u010diny Direkt neu pro st\u0159edn\u00ed \u0161koly <strong>v ti\u0161t\u011bn\u00e9 i interaktivn\u00ed podob\u011b<\/strong>.<\/p>\n<p style=\"text-align: center;\"><strong>T\u0159i d\u00edly<\/strong> u\u010debnice s\u00a0integrovan\u00fdm pracovn\u00edm se\u0161item dovedou \u017e\u00e1ky na \u00farove\u0148 <strong>B1<\/strong> (A1\/A2, A2, B1) dle Spole\u010dn\u00e9ho evropsk\u00e9ho referen\u010dn\u00edho r\u00e1mce pro jazyky. Ka\u017ed\u00fd z t\u011bchto d\u00edl\u016f obsahuje c\u00edlenou p\u0159\u00edpravu na sou\u010dasnou podobu maturitn\u00edch zkou\u0161ek.<\/p>\n<p style=\"text-align: center;\">U\u010debnice Direkt interaktiv byly schv\u00e1leny Ministerstvem \u0161kolstv\u00ed, ml\u00e1de\u017ee a t\u011blov\u00fdchovy.<\/p>\n<\/div><\/section>\n\n<style type=\"text\/css\" data-created_by=\"avia_inline_auto\" id=\"style-css-av-9hgk-3badc887a487f835662aed48c1adbfc4\">\n.flex_column.av-9hgk-3badc887a487f835662aed48c1adbfc4{\nborder-radius:0px 0px 0px 0px;\npadding:0px 0px 0px 0px;\n}\n<\/style>\n<div  class='flex_column av-9hgk-3badc887a487f835662aed48c1adbfc4 av_one_full  avia-builder-el-6  el_after_av_textblock  el_before_av_one_full  first flex_column_div av-zero-column-padding  column-top-margin'     ><div  class='avia-button-wrap av-7pc8-4309bd5369ebe1958467a8a7037ddb39-wrap avia-button-center  avia-builder-el-7  avia-builder-el-no-sibling '><a href='https:\/\/www.mauthor.com\/embed\/6017243584135168'  class='avia-button av-7pc8-4309bd5369ebe1958467a8a7037ddb39 av-link-btn avia-icon_select-yes-left-icon avia-size-x-large avia-position-center avia-color-theme-color'  target=\"_blank\"  rel=\"noopener noreferrer\"  aria-label=\"Vyzkou\u0161et interaktivn\u00ed obsah Direkt interaktiv\"><span class='avia_button_icon avia_button_icon_left avia-iconfont avia-font-entypo-fontello' data-av_icon='\ue803' data-av_iconfont='entypo-fontello' ><\/span><span class='avia_iconbox_title' >Vyzkou\u0161et interaktivn\u00ed obsah Direkt interaktiv<\/span><\/a><\/div><\/div>\n\n<style type=\"text\/css\" data-created_by=\"avia_inline_auto\" id=\"style-css-av-60wo-cc7d176fd71f1a89a63ed806146d61d5\">\n.flex_column.av-60wo-cc7d176fd71f1a89a63ed806146d61d5{\nborder-radius:0px 0px 0px 0px;\npadding:0px 0px 0px 0px;\n}\n<\/style>\n<div  class='flex_column av-60wo-cc7d176fd71f1a89a63ed806146d61d5 av_one_full  avia-builder-el-8  el_after_av_one_full  avia-builder-el-last  first flex_column_div av-zero-column-padding  column-top-margin'     ><style type=\"text\/css\" data-created_by=\"avia_inline_auto\" id=\"style-css-av-3uxq-c06604c16950d725c76f8ce742c46a64\">\n.avia-image-container.av-3uxq-c06604c16950d725c76f8ce742c46a64 img.avia_image{\nbox-shadow:none;\n}\n.avia-image-container.av-3uxq-c06604c16950d725c76f8ce742c46a64 .av-image-caption-overlay-center{\ncolor:#ffffff;\n}\n<\/style>\n<div  class='avia-image-container av-3uxq-c06604c16950d725c76f8ce742c46a64 av-styling- avia-align-center  avia-builder-el-9  avia-builder-el-no-sibling '   itemprop=\"image\" itemscope=\"itemscope\" itemtype=\"https:\/\/schema.org\/ImageObject\" ><div class=\"avia-image-container-inner\"><div class=\"avia-image-overlay-wrap\"><img decoding=\"async\" fetchpriority=\"high\" class='wp-image-196 avia-img-lazy-loading-not-196 avia_image ' src=\"https:\/\/klett.cz\/direkt\/wp-content\/uploads\/2019\/04\/10duvodu_1030x432px-1-1030x432.jpg\" alt='1) ti\u0161t\u011bn\u00e1 a pln\u011b interaktivn\u00ed verze pro \u017e\u00e1ky i u\u010ditele 2) snadn\u00e1 orientace v u\u010debnici i pracovn\u00edm se\u0161it\u011b 3) c\u00edlen\u00e1 p\u0159\u00edprava k maturit\u011b 4) vnit\u0159n\u00ed diferenciace dle m\u00edry znalosti jazyka 5) praktick\u00e9 vyu\u017eit\u00ed, modern\u00ed prost\u0159ed\u00ed a aktivity 6) koncept zohled\u0148uj\u00edc\u00ed specifika \u010desk\u00e9ho prost\u0159ed\u00ed 7) didaktick\u00e1 videa s re\u00e1ln\u00fdmi hrdiny videa a poslechy na DVD v r\u00e1mci metodick\u00e9 p\u0159\u00edru\u010dky 9) minim\u00e1ln\u00ed n\u00e1roky na p\u0159\u00edpravu na v\u00fduku d\u00edky metodick\u00e9 p\u0159\u00edru\u010dce 10) integrovan\u00fd pracovn\u00ed se\u0161it' title='10 D\u016eVOD\u016e PRO\u010c U\u010cIT S DIREKT INTERAKTIV'  height=\"432\" width=\"1030\"  itemprop=\"thumbnailUrl\" srcset=\"https:\/\/klett.cz\/direkt\/wp-content\/uploads\/2019\/04\/10duvodu_1030x432px-1.jpg 1030w, https:\/\/klett.cz\/direkt\/wp-content\/uploads\/2019\/04\/10duvodu_1030x432px-1-300x126.jpg 300w, https:\/\/klett.cz\/direkt\/wp-content\/uploads\/2019\/04\/10duvodu_1030x432px-1-768x322.jpg 768w, https:\/\/klett.cz\/direkt\/wp-content\/uploads\/2019\/04\/10duvodu_1030x432px-1-705x296.jpg 705w, https:\/\/klett.cz\/direkt\/wp-content\/uploads\/2019\/04\/10duvodu_1030x432px-1-450x189.jpg 450w\" sizes=\"(max-width: 1030px) 100vw, 1030px\" \/><\/div><\/div><\/div><\/div>\n","protected":false},"excerpt":{"rendered":"","protected":false},"author":1,"featured_media":0,"parent":0,"menu_order":0,"comment_status":"closed","ping_status":"closed","template":"","meta":{"_exactmetrics_skip_tracking":false,"_exactmetrics_sitenote_active":false,"_exactmetrics_sitenote_note":"","_exactmetrics_sitenote_category":0,"footnotes":""},"class_list":["post-2","page","type-page","status-publish","hentry"],"_links":{"self":[{"href":"https:\/\/klett.cz\/direkt\/wp-json\/wp\/v2\/pages\/2","targetHints":{"allow":["GET"]}}],"collection":[{"href":"https:\/\/klett.cz\/direkt\/wp-json\/wp\/v2\/pages"}],"about":[{"href":"https:\/\/klett.cz\/direkt\/wp-json\/wp\/v2\/types\/page"}],"author":[{"embeddable":true,"href":"https:\/\/klett.cz\/direkt\/wp-json\/wp\/v2\/users\/1"}],"replies":[{"embeddable":true,"href":"https:\/\/klett.cz\/direkt\/wp-json\/wp\/v2\/comments?post=2"}],"version-history":[{"count":20,"href":"https:\/\/klett.cz\/direkt\/wp-json\/wp\/v2\/pages\/2\/revisions"}],"predecessor-version":[{"id":1021,"href":"https:\/\/klett.cz\/direkt\/wp-json\/wp\/v2\/pages\/2\/revisions\/1021"}],"wp:attachment":[{"href":"https:\/\/klett.cz\/direkt\/wp-json\/wp\/v2\/media?parent=2"}],"curies":[{"name":"wp","href":"https:\/\/api.w.org\/{rel}","templated":true}]}}