{"id":3466,"date":"2023-01-13T20:37:35","date_gmt":"2023-01-13T19:37:35","guid":{"rendered":"https:\/\/klett.cz\/bloggers\/?page_id=3466"},"modified":"2023-01-13T20:37:35","modified_gmt":"2023-01-13T19:37:35","slug":"kahoot-booster-2-unit-2","status":"publish","type":"page","link":"https:\/\/klett.cz\/bloggers\/kahoot-booster-2-unit-2\/","title":{"rendered":"Kahoot! \u2013 Booster 2 \u2013 Unit 2"},"content":{"rendered":"\n<style type=\"text\/css\" data-created_by=\"avia_inline_auto\" id=\"style-css-av-av_one_full-79ff81c021393065cee878051452f6a6\">\n.flex_column.av-av_one_full-79ff81c021393065cee878051452f6a6{\nborder-radius:0px 0px 0px 0px;\npadding:0px 0px 0px 0px;\n}\n<\/style>\n<div  class='flex_column av-av_one_full-79ff81c021393065cee878051452f6a6 av_one_full  avia-builder-el-0  el_before_av_one_full  avia-builder-el-first  first flex_column_div av-zero-column-padding  '     ><style type=\"text\/css\" data-created_by=\"avia_inline_auto\" id=\"style-css-av-km3lhwxq-2e3745e35602ae37e8601408d13c0c7a\">\n.avia-image-container.av-km3lhwxq-2e3745e35602ae37e8601408d13c0c7a img.avia_image{\nbox-shadow:none;\n}\n.avia-image-container.av-km3lhwxq-2e3745e35602ae37e8601408d13c0c7a .av-image-caption-overlay-center{\ncolor:#ffffff;\n}\n<\/style>\n<div  class='avia-image-container av-km3lhwxq-2e3745e35602ae37e8601408d13c0c7a av-styling- avia-align-center  avia-builder-el-1  avia-builder-el-no-sibling '   itemprop=\"image\" itemscope=\"itemscope\" itemtype=\"https:\/\/schema.org\/ImageObject\" ><div class=\"avia-image-container-inner\"><div class=\"avia-image-overlay-wrap\"><img decoding=\"async\" fetchpriority=\"high\" class='wp-image-2516 avia-img-lazy-loading-not-2516 avia_image ' src=\"https:\/\/klett.cz\/bloggers\/wp-content\/uploads\/1280px-Kahoot_Logo.svg_-300x102..png\" alt='' title='1280px-Kahoot_Logo.svg_-300x102.'  height=\"102\" width=\"300\"  itemprop=\"thumbnailUrl\"  \/><\/div><\/div><\/div><\/div>\n\n<style type=\"text\/css\" data-created_by=\"avia_inline_auto\" id=\"style-css-av-av_one_full-79ff81c021393065cee878051452f6a6\">\n.flex_column.av-av_one_full-79ff81c021393065cee878051452f6a6{\nborder-radius:0px 0px 0px 0px;\npadding:0px 0px 0px 0px;\n}\n<\/style>\n<div  class='flex_column av-av_one_full-79ff81c021393065cee878051452f6a6 av_one_full  avia-builder-el-2  el_after_av_one_full  el_before_av_one_full  first flex_column_div av-zero-column-padding  column-top-margin'     ><section  class='av_textblock_section av-km3li7tz-c027d7900e9b306a58a847cc1bf69980 '   itemscope=\"itemscope\" itemtype=\"https:\/\/schema.org\/CreativeWork\" ><div class='avia_textblock'  itemprop=\"text\" ><h1 style=\"text-align: center;\">Z\u00c1BAVN\u00c9 KV\u00cdZY KAHOOT! K UNIT 2<\/h1>\n<\/div><\/section><\/div><div  class='flex_column av-av_one_full-7714eba142aeda1f8b5272a3c372b279 av_one_full  avia-builder-el-4  el_after_av_one_full  el_before_av_one_full  first flex_column_div  column-top-margin'     ><section  class='av_textblock_section av-lcux7jpk-982366a3f4fd59298d472b7929a1fb59 '   itemscope=\"itemscope\" itemtype=\"https:\/\/schema.org\/CreativeWork\" ><div class='avia_textblock'  itemprop=\"text\" ><h2 style=\"text-align: center;\"><a href=\"https:\/\/create.kahoot.it\/share\/bloggers-1-vocabulary-unit-2\/512d4945-2dee-4b50-b8e1-c9fd79b1028e\" target=\"_blank\" rel=\"noopener\">Bloggers 2 Vocabulary \u2013 Unit 2<\/a><\/h2>\n<\/div><\/section><\/div><div  class='flex_column av-av_one_full-7714eba142aeda1f8b5272a3c372b279 av_one_full  avia-builder-el-6  el_after_av_one_full  avia-builder-el-last  first flex_column_div  column-top-margin'     ><section  class='av_textblock_section av-lcux8h30-f468bdbe866b2195994c441ccb7176da '   itemscope=\"itemscope\" itemtype=\"https:\/\/schema.org\/CreativeWork\" ><div class='avia_textblock'  itemprop=\"text\" ><h2 style=\"text-align: center;\"><a href=\"https:\/\/create.kahoot.it\/share\/bloggers-2-grammar-unit-2\/04e2773f-f556-4540-8676-32d4d9609508\" target=\"_blank\" rel=\"noopener\">Bloggers 2 Grammar \u2013 Unit 2<\/a><\/h2>\n<\/div><\/section><\/div><\/p>\n","protected":false},"excerpt":{"rendered":"","protected":false},"author":4,"featured_media":0,"parent":0,"menu_order":0,"comment_status":"closed","ping_status":"closed","template":"","meta":{"footnotes":""},"class_list":["post-3466","page","type-page","status-publish","hentry"],"_links":{"self":[{"href":"https:\/\/klett.cz\/bloggers\/wp-json\/wp\/v2\/pages\/3466","targetHints":{"allow":["GET"]}}],"collection":[{"href":"https:\/\/klett.cz\/bloggers\/wp-json\/wp\/v2\/pages"}],"about":[{"href":"https:\/\/klett.cz\/bloggers\/wp-json\/wp\/v2\/types\/page"}],"author":[{"embeddable":true,"href":"https:\/\/klett.cz\/bloggers\/wp-json\/wp\/v2\/users\/4"}],"replies":[{"embeddable":true,"href":"https:\/\/klett.cz\/bloggers\/wp-json\/wp\/v2\/comments?post=3466"}],"version-history":[{"count":3,"href":"https:\/\/klett.cz\/bloggers\/wp-json\/wp\/v2\/pages\/3466\/revisions"}],"predecessor-version":[{"id":3474,"href":"https:\/\/klett.cz\/bloggers\/wp-json\/wp\/v2\/pages\/3466\/revisions\/3474"}],"wp:attachment":[{"href":"https:\/\/klett.cz\/bloggers\/wp-json\/wp\/v2\/media?parent=3466"}],"curies":[{"name":"wp","href":"https:\/\/api.w.org\/{rel}","templated":true}]}}