{"id":3453,"date":"2023-01-13T20:50:54","date_gmt":"2023-01-13T19:50:54","guid":{"rendered":"https:\/\/klett.cz\/bloggers\/?page_id=3453"},"modified":"2023-01-20T11:20:06","modified_gmt":"2023-01-20T10:20:06","slug":"kahoot-booster-2","status":"publish","type":"page","link":"https:\/\/klett.cz\/bloggers\/kahoot-booster-2\/","title":{"rendered":"Kahoot! \u2013 Booster 2"},"content":{"rendered":"\n<style type=\"text\/css\" data-created_by=\"avia_inline_auto\" id=\"style-css-av-811t59-7d537b660b7b7ff0f24490954f991057\">\n.flex_column.av-811t59-7d537b660b7b7ff0f24490954f991057{\nborder-radius:0px 0px 0px 0px;\npadding:0px 0px 0px 0px;\n}\n<\/style>\n<div  class='flex_column av-811t59-7d537b660b7b7ff0f24490954f991057 av_one_full  avia-builder-el-0  el_before_av_one_full  avia-builder-el-first  first flex_column_div av-zero-column-padding  '     ><style type=\"text\/css\" data-created_by=\"avia_inline_auto\" id=\"style-css-av-km3lhwxq-2e3745e35602ae37e8601408d13c0c7a\">\n.avia-image-container.av-km3lhwxq-2e3745e35602ae37e8601408d13c0c7a img.avia_image{\nbox-shadow:none;\n}\n.avia-image-container.av-km3lhwxq-2e3745e35602ae37e8601408d13c0c7a .av-image-caption-overlay-center{\ncolor:#ffffff;\n}\n<\/style>\n<div  class='avia-image-container av-km3lhwxq-2e3745e35602ae37e8601408d13c0c7a av-styling- avia-align-center  avia-builder-el-1  avia-builder-el-no-sibling '   itemprop=\"image\" itemscope=\"itemscope\" itemtype=\"https:\/\/schema.org\/ImageObject\" ><div class=\"avia-image-container-inner\"><div class=\"avia-image-overlay-wrap\"><img decoding=\"async\" fetchpriority=\"high\" class='wp-image-2516 avia-img-lazy-loading-not-2516 avia_image ' src=\"https:\/\/klett.cz\/bloggers\/wp-content\/uploads\/1280px-Kahoot_Logo.svg_-300x102..png\" alt='' title='1280px-Kahoot_Logo.svg_-300x102.'  height=\"102\" width=\"300\"  itemprop=\"thumbnailUrl\"  \/><\/div><\/div><\/div><\/div>\n\n<style type=\"text\/css\" data-created_by=\"avia_inline_auto\" id=\"style-css-av-62nav1-2d839cd08ad0710befb697129ff817a7\">\n.flex_column.av-62nav1-2d839cd08ad0710befb697129ff817a7{\nborder-radius:0px 0px 0px 0px;\npadding:0px 0px 0px 0px;\n}\n<\/style>\n<div  class='flex_column av-62nav1-2d839cd08ad0710befb697129ff817a7 av_one_full  avia-builder-el-2  el_after_av_one_full  el_before_av_one_full  first flex_column_div av-zero-column-padding  column-top-margin'     ><section  class='av_textblock_section av-lcu7vm8g-f7e3d237a3649a0f702f89ac1c688b70 '   itemscope=\"itemscope\" itemtype=\"https:\/\/schema.org\/CreativeWork\" ><div class='avia_textblock'  itemprop=\"text\" ><h1 style=\"text-align: center;\">ONLINE KV\u00cdZY KAHOOT! K CVI\u010cEBNICI BOOSTER 2<\/h1>\n<p style=\"text-align: center;\">K jednotliv\u00fdm lekc\u00edm cvi\u010debnice Booster 2 jsme vytvo\u0159ili online z\u00e1bavn\u00e9 kv\u00edzy Kahoot!<\/p>\n<p style=\"text-align: center;\">Ke ka\u017ed\u00e9 lekci jsou v\u017edy k dispozici dva takov\u00e9 kv\u00edzy \u2013 jeden zam\u011b\u0159en\u00fd na slovn\u00ed z\u00e1sobu a druh\u00fd na gramatiku.<\/p>\n<\/div><\/section><\/div>\n\n<style type=\"text\/css\" data-created_by=\"avia_inline_auto\" id=\"style-css-av-40c6ul-44324ceaa8cd45da7aee53dedc526bfc\">\n.flex_column.av-40c6ul-44324ceaa8cd45da7aee53dedc526bfc{\nborder-radius:0px 0px 0px 0px;\npadding:0px 0px 0px 0px;\n}\n<\/style>\n<div  class='flex_column av-40c6ul-44324ceaa8cd45da7aee53dedc526bfc av_one_full  avia-builder-el-4  el_after_av_one_full  el_before_av_one_full  first flex_column_div av-zero-column-padding  column-top-margin'     ><section  class='av_textblock_section av-2b8wgt-30d9f0c6bc4c5cd790fd02d4180d2118 '   itemscope=\"itemscope\" itemtype=\"https:\/\/schema.org\/CreativeWork\" ><div class='avia_textblock'  itemprop=\"text\" ><p style=\"text-align: center;\">Vyberte si lekci, kter\u00e1 v\u00e1s zaj\u00edm\u00e1, a pak u\u017e se jen bavte (a u\u010dte) s\u00a0na\u0161imi z\u00e1bavn\u00fdmi kv\u00edzy.<\/p>\n<\/div><\/section><\/div>\n<div  class='flex_column av-9pxdr1-1672f36de5504acce19eccceaefbc58a av_one_full  avia-builder-el-6  el_after_av_one_full  el_before_av_one_full  first flex_column_div  column-top-margin'     ><section  class='av_textblock_section av-lcuwwq70-1c361a64a25bba721375e1dbe461f682 '   itemscope=\"itemscope\" itemtype=\"https:\/\/schema.org\/CreativeWork\" ><div class='avia_textblock'  itemprop=\"text\" ><h1 style=\"text-align: center;\"><a href=\"https:\/\/klett.cz\/bloggers\/kahoot-booster-2-unit-1\/\">Kahoot! k UNIT 1<\/a><\/h1>\n<p style=\"font-weight: 400; text-align: center;\">gramatika: <strong>\u00a0need\/need to, p\u0159\u00edslove\u010dn\u00e9 ur\u010den\u00ed m\u00edry (very\/quite\/a bit\/not at all), spojky (a\/ale\/proto\u017ee)<\/strong><\/p>\n<p style=\"font-weight: 400; text-align: center;\">slovn\u00ed z\u00e1soba: <strong>sporty, zdrav\u00fd \u017eivotn\u00ed styl<\/strong><\/p>\n<\/div><\/section><\/div><div  class='flex_column av-7ns9sd-48eada7535e68892dee3aa45e0442be0 av_one_full  avia-builder-el-8  el_after_av_one_full  el_before_av_one_full  first flex_column_div  column-top-margin'     ><section  class='av_textblock_section av-lcuwwwj4-02f504fc67d14d543a299d568fe3d240 '   itemscope=\"itemscope\" itemtype=\"https:\/\/schema.org\/CreativeWork\" ><div class='avia_textblock'  itemprop=\"text\" ><h1 style=\"text-align: center;\"><a href=\"https:\/\/klett.cz\/bloggers\/kahoot-booster-2-unit-2\/\">Kahoot! k UNIT 2<\/a><\/h1>\n<p style=\"font-weight: 400; text-align: center;\">gramatika: <strong>\u00a0a few\/a little\/a lot of, how much\/how many\/a lot of, (ne)po\u010ditateln\u00e1 jm\u00e9na, some\/any<\/strong><\/p>\n<p style=\"font-weight: 400; text-align: center;\">slovn\u00ed z\u00e1soba:<strong> j\u00eddlo<\/strong><\/p>\n<\/div><\/section><\/div><div  class='flex_column av-63sgcd-a5fa8c6d65c53980151a6223aa6961b2 av_one_full  avia-builder-el-10  el_after_av_one_full  el_before_av_one_full  first flex_column_div  column-top-margin'     ><section  class='av_textblock_section av-lcuwx27t-da99b8816fe0fd75331ae53d33d4a353 '   itemscope=\"itemscope\" itemtype=\"https:\/\/schema.org\/CreativeWork\" ><div class='avia_textblock'  itemprop=\"text\" ><h1 style=\"text-align: center;\"><a href=\"https:\/\/klett.cz\/bloggers\/kahoot-booster-2-unit-3\/\">Kahoot! k UNIT 3<\/a><\/h1>\n<p style=\"font-weight: 400; text-align: center;\">gramatika: <strong>\u00a0stup\u0148ov\u00e1n\u00ed<\/strong><\/p>\n<p style=\"font-weight: 400; text-align: center;\">slovn\u00ed z\u00e1soba:<strong> p\u0159\u00edroda, zv\u00ed\u0159ata, dom\u00e1c\u00ed mazl\u00ed\u010dci<\/strong><\/p>\n<\/div><\/section><\/div><div  class='flex_column av-3j3h65-1c2034a1fc8b9b35eb6ee0bb0b8644ff av_one_full  avia-builder-el-12  el_after_av_one_full  el_before_av_one_full  first flex_column_div  column-top-margin'     ><section  class='av_textblock_section av-lcuwxnax-30df413a221a040eb3c5077dc4b21db3 '   itemscope=\"itemscope\" itemtype=\"https:\/\/schema.org\/CreativeWork\" ><div class='avia_textblock'  itemprop=\"text\" ><h1 style=\"text-align: center;\"><a href=\"https:\/\/klett.cz\/bloggers\/kahoot-booster-2-unit-4\/\">Kahoot! k UNIT 4<\/a><\/h1>\n<p style=\"font-weight: 400; text-align: center;\">gramatika: <strong>\u00a0minul\u00fd \u010das prost\u00fd \u2013 kladn\u00e9 v\u011bty, pravideln\u00e1 slovesa\/nepravideln\u00e1 (go\/see\/have\/eat\/buy\/take)<\/strong><\/p>\n<p style=\"font-weight: 400; text-align: center;\">slovn\u00ed z\u00e1soba:<strong> m\u011bsto, cestov\u00e1n\u00ed<\/strong><\/p>\n<\/div><\/section><\/div><div  class='flex_column av-2il6ct-68a0b0b6960c287fca4c7ce99dcc159c av_one_full  avia-builder-el-14  el_after_av_one_full  avia-builder-el-last  first flex_column_div  column-top-margin'     ><section  class='av_textblock_section av-lcuwy7tr-54c841349bdafb9bee2e38360a1be6c6 '   itemscope=\"itemscope\" itemtype=\"https:\/\/schema.org\/CreativeWork\" ><div class='avia_textblock'  itemprop=\"text\" ><h1 style=\"text-align: center;\"><a href=\"https:\/\/klett.cz\/bloggers\/kahoot-booster-2-unit-5\/\">Kahoot! k UNIT 5<\/a><\/h1>\n<p style=\"font-weight: 400; text-align: center;\">gramatika: <strong>\u00a0minul\u00fd \u010das prost\u00fd \u2013 z\u00e1por, ot\u00e1zka<\/strong><\/p>\n<p style=\"font-weight: 400; text-align: center;\">slovn\u00ed z\u00e1soba:<strong> film, filmov\u00e9 hv\u011bzdy, \u017eivotopis<\/strong><\/p>\n<\/div><\/section><\/div><\/p>\n","protected":false},"excerpt":{"rendered":"","protected":false},"author":4,"featured_media":0,"parent":0,"menu_order":0,"comment_status":"closed","ping_status":"closed","template":"","meta":{"footnotes":""},"class_list":["post-3453","page","type-page","status-publish","hentry"],"_links":{"self":[{"href":"https:\/\/klett.cz\/bloggers\/wp-json\/wp\/v2\/pages\/3453","targetHints":{"allow":["GET"]}}],"collection":[{"href":"https:\/\/klett.cz\/bloggers\/wp-json\/wp\/v2\/pages"}],"about":[{"href":"https:\/\/klett.cz\/bloggers\/wp-json\/wp\/v2\/types\/page"}],"author":[{"embeddable":true,"href":"https:\/\/klett.cz\/bloggers\/wp-json\/wp\/v2\/users\/4"}],"replies":[{"embeddable":true,"href":"https:\/\/klett.cz\/bloggers\/wp-json\/wp\/v2\/comments?post=3453"}],"version-history":[{"count":6,"href":"https:\/\/klett.cz\/bloggers\/wp-json\/wp\/v2\/pages\/3453\/revisions"}],"predecessor-version":[{"id":3506,"href":"https:\/\/klett.cz\/bloggers\/wp-json\/wp\/v2\/pages\/3453\/revisions\/3506"}],"wp:attachment":[{"href":"https:\/\/klett.cz\/bloggers\/wp-json\/wp\/v2\/media?parent=3453"}],"curies":[{"name":"wp","href":"https:\/\/api.w.org\/{rel}","templated":true}]}}