{"id":3423,"date":"2022-12-13T16:05:49","date_gmt":"2022-12-13T15:05:49","guid":{"rendered":"https:\/\/klett.cz\/bloggers\/?page_id=3423"},"modified":"2023-01-03T12:25:15","modified_gmt":"2023-01-03T11:25:15","slug":"kahoot-bloggers-4","status":"publish","type":"page","link":"https:\/\/klett.cz\/bloggers\/kahoot-bloggers-4\/","title":{"rendered":"Kahoot! \u2013 Bloggers 4"},"content":{"rendered":"\n<style type=\"text\/css\" data-created_by=\"avia_inline_auto\" id=\"style-css-av-fky1nz-925a59f21a5d57226a14b43f1e30e15b\">\n.flex_column.av-fky1nz-925a59f21a5d57226a14b43f1e30e15b{\nborder-radius:0px 0px 0px 0px;\npadding:0px 0px 0px 0px;\n}\n<\/style>\n<div  class='flex_column av-fky1nz-925a59f21a5d57226a14b43f1e30e15b av_one_full  avia-builder-el-0  el_before_av_one_full  avia-builder-el-first  first flex_column_div av-zero-column-padding  '     ><style type=\"text\/css\" data-created_by=\"avia_inline_auto\" id=\"style-css-av-km3lhwxq-2e3745e35602ae37e8601408d13c0c7a\">\n.avia-image-container.av-km3lhwxq-2e3745e35602ae37e8601408d13c0c7a img.avia_image{\nbox-shadow:none;\n}\n.avia-image-container.av-km3lhwxq-2e3745e35602ae37e8601408d13c0c7a .av-image-caption-overlay-center{\ncolor:#ffffff;\n}\n<\/style>\n<div  class='avia-image-container av-km3lhwxq-2e3745e35602ae37e8601408d13c0c7a av-styling- avia-align-center  avia-builder-el-1  avia-builder-el-no-sibling '   itemprop=\"image\" itemscope=\"itemscope\" itemtype=\"https:\/\/schema.org\/ImageObject\" ><div class=\"avia-image-container-inner\"><div class=\"avia-image-overlay-wrap\"><img decoding=\"async\" fetchpriority=\"high\" class='wp-image-2516 avia-img-lazy-loading-not-2516 avia_image ' src=\"https:\/\/klett.cz\/bloggers\/wp-content\/uploads\/1280px-Kahoot_Logo.svg_-300x102..png\" alt='' title='1280px-Kahoot_Logo.svg_-300x102.'  height=\"102\" width=\"300\"  itemprop=\"thumbnailUrl\"  \/><\/div><\/div><\/div><\/div>\n\n<style type=\"text\/css\" data-created_by=\"avia_inline_auto\" id=\"style-css-av-dh7pin-05df099144a68eba96219eb1e5aac75f\">\n.flex_column.av-dh7pin-05df099144a68eba96219eb1e5aac75f{\nborder-radius:0px 0px 0px 0px;\npadding:0px 0px 0px 0px;\n}\n<\/style>\n<div  class='flex_column av-dh7pin-05df099144a68eba96219eb1e5aac75f av_one_full  avia-builder-el-2  el_after_av_one_full  el_before_av_one_full  first flex_column_div av-zero-column-padding  column-top-margin'     ><section  class='av_textblock_section av-ktidqzu8-01b9744295228c3494ae0d4ca731827a '   itemscope=\"itemscope\" itemtype=\"https:\/\/schema.org\/CreativeWork\" ><div class='avia_textblock'  itemprop=\"text\" ><h1 style=\"text-align: center;\">ONLINE KV\u00cdZY KAHOOT! K BLOGGERS 4<\/h1>\n<\/div><\/section><\/div>\n<div  class='flex_column av-d70jxb-5e4f8d235c91cb45b2c71f499d930028 av_one_full  avia-builder-el-4  el_after_av_one_full  el_before_av_one_full  first flex_column_div  column-top-margin'     ><style type=\"text\/css\" data-created_by=\"avia_inline_auto\" id=\"style-css-av-lbmcq3na-d6ab4fbd7c36698f1b17090b10b88200\">\n.avia-image-container.av-lbmcq3na-d6ab4fbd7c36698f1b17090b10b88200 img.avia_image{\nbox-shadow:none;\n}\n.avia-image-container.av-lbmcq3na-d6ab4fbd7c36698f1b17090b10b88200 .av-image-caption-overlay-center{\ncolor:#ffffff;\n}\n<\/style>\n<div  class='avia-image-container av-lbmcq3na-d6ab4fbd7c36698f1b17090b10b88200 av-styling- avia-align-center  avia-builder-el-5  avia-builder-el-no-sibling '   itemprop=\"image\" itemscope=\"itemscope\" itemtype=\"https:\/\/schema.org\/ImageObject\" ><div class=\"avia-image-container-inner\"><div class=\"avia-image-overlay-wrap\"><img decoding=\"async\" fetchpriority=\"high\" class='wp-image-3203 avia-img-lazy-loading-not-3203 avia_image ' src=\"https:\/\/klett.cz\/bloggers\/wp-content\/uploads\/bloggers-4-ucebnice-211x300.png\" alt='' title='Bloggers 4 \u2013 u\u010debnice'  height=\"300\" width=\"211\"  itemprop=\"thumbnailUrl\" srcset=\"https:\/\/klett.cz\/bloggers\/wp-content\/uploads\/bloggers-4-ucebnice-211x300.png 211w, https:\/\/klett.cz\/bloggers\/wp-content\/uploads\/bloggers-4-ucebnice.png 497w\" sizes=\"(max-width: 211px) 100vw, 211px\" \/><\/div><\/div><\/div><\/div>\n<div  class='flex_column av-b4tq8f-be935adb57c5ecb556394f9917c3d1b9 av_one_full  avia-builder-el-6  el_after_av_one_full  el_before_av_one_full  first flex_column_div  column-top-margin'     ><section  class='av_textblock_section av-lbmcqvns-696139c006531954a84ca3654be45379 '   itemscope=\"itemscope\" itemtype=\"https:\/\/schema.org\/CreativeWork\" ><div class='avia_textblock'  itemprop=\"text\" ><h1 style=\"text-align: center;\"><a href=\"https:\/\/create.kahoot.it\/share\/bloggers-4-unit-0\/5d196fbe-a6ba-4d89-9118-d049ddf27cd5\" target=\"_blank\" rel=\"noopener\">Bloggers 4 \u2013 Unit 0<\/a><\/h1>\n<p style=\"text-align: center;\"><strong>vyj\u00e1d\u0159en\u00ed budoucnosti (be going to, will, won\u00b4t); oslava, p\u0159edpov\u011b\u010f po\u010das\u00ed, pl\u00e1ny a c\u00edle<\/strong><\/p>\n<\/div><\/section><\/div><div  class='flex_column av-9h75zz-09ed403cb6ba56e2f331f06e87495862 av_one_full  avia-builder-el-8  el_after_av_one_full  el_before_av_one_full  first flex_column_div  column-top-margin'     ><section  class='av_textblock_section av-lbmcr0li-003272016f5f4b1848b4193d123f936c '   itemscope=\"itemscope\" itemtype=\"https:\/\/schema.org\/CreativeWork\" ><div class='avia_textblock'  itemprop=\"text\" ><h1 style=\"text-align: center;\"><a href=\"https:\/\/create.kahoot.it\/share\/bloggers-4-unit-1\/792b7374-3d6e-4af7-a167-7ce785072e6d\" target=\"_blank\" rel=\"noopener\">Bloggers 4 \u2013 Unit 1<\/a><\/h1>\n<p style=\"text-align: center;\"><strong>\u010d\u00edslovky, more\/less\/fewer than, as many\/much as; 1. kondicion\u00e1l, pasivum; zelen\u00e9 m\u011bsto, \u017eivotn\u00ed prost\u0159ed\u00ed, ochrana p\u0159\u00edrody<\/strong><\/p>\n<\/div><\/section><\/div><div  class='flex_column av-7z9xqn-295c0eed7da968be91879523816c918e av_one_full  avia-builder-el-10  el_after_av_one_full  el_before_av_one_full  first flex_column_div  column-top-margin'     ><section  class='av_textblock_section av-lbmcr60u-12b20cd896640628492d1a008067465c '   itemscope=\"itemscope\" itemtype=\"https:\/\/schema.org\/CreativeWork\" ><div class='avia_textblock'  itemprop=\"text\" ><h1 style=\"text-align: center;\"><a href=\"https:\/\/create.kahoot.it\/share\/bloggers-4-unit-2\/10621af2-87a3-4e18-ab01-2a890f808b0e\" target=\"_blank\" rel=\"noopener\">Bloggers 4 \u2013 Unit 2<\/a><\/h1>\n<p style=\"text-align: center;\"><strong>p\u0159edp\u0159\u00edtomn\u00fd \u010das, would rather, would prefer; lidsk\u00fd charakter, p\u0159\u00e1telstv\u00ed, vztahy<\/strong><\/p>\n<\/div><\/section><\/div><div  class='flex_column av-5dd8hr-7569178a147cbd4ee15e263abb1db5cb av_one_full  avia-builder-el-12  el_after_av_one_full  el_before_av_one_full  first flex_column_div  column-top-margin'     ><section  class='av_textblock_section av-lbmcrals-5d75d4e6db7316f75af2a7837f6d0501 '   itemscope=\"itemscope\" itemtype=\"https:\/\/schema.org\/CreativeWork\" ><div class='avia_textblock'  itemprop=\"text\" ><h1 style=\"text-align: center;\"><a href=\"https:\/\/create.kahoot.it\/share\/bloggers-4-unit-3\/fac9611f-fd77-4756-93ab-469e1d1f1c5b\" target=\"_blank\" rel=\"noopener\">Bloggers 4 \u2013 Unit 3<\/a><\/h1>\n<p style=\"text-align: center;\"><strong>will have to, p\u0159edp\u0159\u00edtomn\u00fd \u010das (still\/yet\/already, since\/for); pr\u00e1ce, \u017eivotopis, brig\u00e1da<\/strong><\/p>\n<\/div><\/section><\/div><div  class='flex_column av-3zxef3-34af071ee204a8ac1dd366051917e542 av_one_full  avia-builder-el-14  el_after_av_one_full  el_before_av_one_full  first flex_column_div  column-top-margin'     ><section  class='av_textblock_section av-lbmcrfom-f87b35dd2513068df67aec4e5785aa6a '   itemscope=\"itemscope\" itemtype=\"https:\/\/schema.org\/CreativeWork\" ><div class='avia_textblock'  itemprop=\"text\" ><h1 style=\"text-align: center;\"><a href=\"https:\/\/create.kahoot.it\/share\/bloggers-4-unit-4\/6ce4e9a4-2a57-4e3e-b7b0-4224945c0083\" target=\"_blank\" rel=\"noopener\">Bloggers 4 \u2013 Unit 4<\/a><\/h1>\n<div style=\"text-align: center;\"><strong>if + prost\u00fd minul\u00fd \u010das, would + infinitiv; lidsk\u00e9 t\u011blo, zdrav\u00ed, nemoc, n\u00e1v\u0161t\u011bva l\u00e9ka\u0159e<\/strong><\/div>\n<\/div><\/section><\/div><div  class='flex_column av-2m5ryn-0cdd6e9448da4b8a31b63891e104f1d6 av_one_full  avia-builder-el-16  el_after_av_one_full  avia-builder-el-last  first flex_column_div  column-top-margin'     ><section  class='av_textblock_section av-lbmcrlky-71b1be1231a2aba252ad4e58b50c4304 '   itemscope=\"itemscope\" itemtype=\"https:\/\/schema.org\/CreativeWork\" ><div class='avia_textblock'  itemprop=\"text\" ><h1 style=\"text-align: center;\"><a href=\"https:\/\/create.kahoot.it\/share\/bloggers-4-unit-5\/28712984-8dff-453c-8057-43a8e40ba277\" target=\"_blank\" rel=\"noopener\">Bloggers 4 \u2013 Unit 5<\/a><\/h1>\n<p style=\"text-align: center;\"><strong>be allowed to, can a be allowed to\/must and have to; p\u0159edsudky, stereotypy a kontrasty, \u017eivot ve Velk\u00e9 Brit\u00e1nii<\/strong><\/p>\n<\/div><\/section><\/div><\/p>\n","protected":false},"excerpt":{"rendered":"","protected":false},"author":4,"featured_media":0,"parent":0,"menu_order":0,"comment_status":"closed","ping_status":"closed","template":"","meta":{"footnotes":""},"class_list":["post-3423","page","type-page","status-publish","hentry"],"_links":{"self":[{"href":"https:\/\/klett.cz\/bloggers\/wp-json\/wp\/v2\/pages\/3423","targetHints":{"allow":["GET"]}}],"collection":[{"href":"https:\/\/klett.cz\/bloggers\/wp-json\/wp\/v2\/pages"}],"about":[{"href":"https:\/\/klett.cz\/bloggers\/wp-json\/wp\/v2\/types\/page"}],"author":[{"embeddable":true,"href":"https:\/\/klett.cz\/bloggers\/wp-json\/wp\/v2\/users\/4"}],"replies":[{"embeddable":true,"href":"https:\/\/klett.cz\/bloggers\/wp-json\/wp\/v2\/comments?post=3423"}],"version-history":[{"count":5,"href":"https:\/\/klett.cz\/bloggers\/wp-json\/wp\/v2\/pages\/3423\/revisions"}],"predecessor-version":[{"id":3440,"href":"https:\/\/klett.cz\/bloggers\/wp-json\/wp\/v2\/pages\/3423\/revisions\/3440"}],"wp:attachment":[{"href":"https:\/\/klett.cz\/bloggers\/wp-json\/wp\/v2\/media?parent=3423"}],"curies":[{"name":"wp","href":"https:\/\/api.w.org\/{rel}","templated":true}]}}