{"id":2996,"date":"2021-09-13T10:14:39","date_gmt":"2021-09-13T08:14:39","guid":{"rendered":"https:\/\/klett.cz\/bloggers\/?page_id=2996"},"modified":"2021-09-21T11:05:55","modified_gmt":"2021-09-21T09:05:55","slug":"kahoot-bloggers-1","status":"publish","type":"page","link":"https:\/\/klett.cz\/bloggers\/kahoot-bloggers-1\/","title":{"rendered":"Kahoot! &#8211; Bloggers 1"},"content":{"rendered":"\n<style type=\"text\/css\" data-created_by=\"avia_inline_auto\" id=\"style-css-av-42wzjo-7624a597949e70f359f840f99b4122e0\">\n.flex_column.av-42wzjo-7624a597949e70f359f840f99b4122e0{\nborder-radius:0px 0px 0px 0px;\npadding:0px 0px 0px 0px;\n}\n<\/style>\n<div  class='flex_column av-42wzjo-7624a597949e70f359f840f99b4122e0 av_one_full  avia-builder-el-0  el_before_av_one_full  avia-builder-el-first  first flex_column_div av-zero-column-padding  '     ><style type=\"text\/css\" data-created_by=\"avia_inline_auto\" id=\"style-css-av-km3lhwxq-2e3745e35602ae37e8601408d13c0c7a\">\n.avia-image-container.av-km3lhwxq-2e3745e35602ae37e8601408d13c0c7a img.avia_image{\nbox-shadow:none;\n}\n.avia-image-container.av-km3lhwxq-2e3745e35602ae37e8601408d13c0c7a .av-image-caption-overlay-center{\ncolor:#ffffff;\n}\n<\/style>\n<div  class='avia-image-container av-km3lhwxq-2e3745e35602ae37e8601408d13c0c7a av-styling- avia-align-center  avia-builder-el-1  avia-builder-el-no-sibling '   itemprop=\"image\" itemscope=\"itemscope\" itemtype=\"https:\/\/schema.org\/ImageObject\" ><div class=\"avia-image-container-inner\"><div class=\"avia-image-overlay-wrap\"><img decoding=\"async\" fetchpriority=\"high\" class='wp-image-2516 avia-img-lazy-loading-not-2516 avia_image ' src=\"https:\/\/klett.cz\/bloggers\/wp-content\/uploads\/1280px-Kahoot_Logo.svg_-300x102..png\" alt='' title='1280px-Kahoot_Logo.svg_-300x102.'  height=\"102\" width=\"300\"  itemprop=\"thumbnailUrl\"  \/><\/div><\/div><\/div><\/div>\n\n<style type=\"text\/css\" data-created_by=\"avia_inline_auto\" id=\"style-css-av-bbdp0r-c428ac9f07bf4bb21b455df637665cea\">\n.flex_column.av-bbdp0r-c428ac9f07bf4bb21b455df637665cea{\nborder-radius:0px 0px 0px 0px;\npadding:0px 0px 0px 0px;\n}\n<\/style>\n<div  class='flex_column av-bbdp0r-c428ac9f07bf4bb21b455df637665cea av_one_full  avia-builder-el-2  el_after_av_one_full  el_before_av_one_full  first flex_column_div av-zero-column-padding  column-top-margin'     ><section  class='av_textblock_section av-km3lcp5r-4795d779e8084a3ce4383377fcbf0c5c '   itemscope=\"itemscope\" itemtype=\"https:\/\/schema.org\/CreativeWork\" ><div class='avia_textblock'  itemprop=\"text\" ><h1 style=\"text-align: center;\">ONLINE KV\u00cdZY KAHOOT! K BLOGGERS 1<\/h1>\n<\/div><\/section><\/div>\n\n<style type=\"text\/css\" data-created_by=\"avia_inline_auto\" id=\"style-css-av-1xkzs4-e4b59ca0f85f9fa33fd5ad1ae1e59013\">\n.flex_column.av-1xkzs4-e4b59ca0f85f9fa33fd5ad1ae1e59013{\nborder-radius:0px 0px 0px 0px;\npadding:0px 0px 0px 0px;\n}\n<\/style>\n<div  class='flex_column av-1xkzs4-e4b59ca0f85f9fa33fd5ad1ae1e59013 av_one_full  avia-builder-el-4  el_after_av_one_full  el_before_av_one_full  first flex_column_div av-zero-column-padding  column-top-margin'     ><style type=\"text\/css\" data-created_by=\"avia_inline_auto\" id=\"style-css-av-ktide5wf-b1c2c14edc9bd59f2559161260cdaf8b\">\n.avia-image-container.av-ktide5wf-b1c2c14edc9bd59f2559161260cdaf8b img.avia_image{\nbox-shadow:none;\n}\n.avia-image-container.av-ktide5wf-b1c2c14edc9bd59f2559161260cdaf8b .av-image-caption-overlay-center{\ncolor:#ffffff;\n}\n<\/style>\n<div  class='avia-image-container av-ktide5wf-b1c2c14edc9bd59f2559161260cdaf8b av-styling- avia-align-center  avia-builder-el-5  avia-builder-el-no-sibling '   itemprop=\"image\" itemscope=\"itemscope\" itemtype=\"https:\/\/schema.org\/ImageObject\" ><div class=\"avia-image-container-inner\"><div class=\"avia-image-overlay-wrap\"><img decoding=\"async\" fetchpriority=\"high\" class='wp-image-2877 avia-img-lazy-loading-not-2877 avia_image ' src=\"https:\/\/klett.cz\/bloggers\/wp-content\/uploads\/Bloggers1-ucebnice-obalka-218x300.png\" alt='' title='U\u010debnice Bloggers 1'  height=\"300\" width=\"218\"  itemprop=\"thumbnailUrl\" srcset=\"https:\/\/klett.cz\/bloggers\/wp-content\/uploads\/Bloggers1-ucebnice-obalka-218x300.png 218w, https:\/\/klett.cz\/bloggers\/wp-content\/uploads\/Bloggers1-ucebnice-obalka.png 419w\" sizes=\"(max-width: 218px) 100vw, 218px\" \/><\/div><\/div><\/div><\/div>\n\n<style type=\"text\/css\" data-created_by=\"avia_inline_auto\" id=\"style-css-av-bbdp0r-c428ac9f07bf4bb21b455df637665cea\">\n.flex_column.av-bbdp0r-c428ac9f07bf4bb21b455df637665cea{\nborder-radius:0px 0px 0px 0px;\npadding:0px 0px 0px 0px;\n}\n<\/style>\n<div  class='flex_column av-bbdp0r-c428ac9f07bf4bb21b455df637665cea av_one_full  avia-builder-el-6  el_after_av_one_full  el_before_av_one_full  first flex_column_div av-zero-column-padding  column-top-margin'     ><section  class='av_textblock_section av-km3lcp5r-4795d779e8084a3ce4383377fcbf0c5c '   itemscope=\"itemscope\" itemtype=\"https:\/\/schema.org\/CreativeWork\" ><div class='avia_textblock'  itemprop=\"text\" ><h1 style=\"text-align: center;\"><a href=\"https:\/\/create.kahoot.it\/details\/71708e67-eb91-43fa-909f-13bc1c553fa8\">Bloggers 1 \u2013 UNIT 0<\/a><\/h1>\n<p style=\"text-align: center;\"><b>\u010d\u00edslovky, m\u011bs\u00edce, barvy, p\u0159edm\u011bty ve \u0161kole, pokyny u\u010ditele, pozdravy<\/b><\/p>\n<\/div><\/section><\/div>\n<style type=\"text\/css\" data-created_by=\"avia_inline_auto\" id=\"style-css-av-bbdp0r-c428ac9f07bf4bb21b455df637665cea\">\n.flex_column.av-bbdp0r-c428ac9f07bf4bb21b455df637665cea{\nborder-radius:0px 0px 0px 0px;\npadding:0px 0px 0px 0px;\n}\n<\/style>\n<div  class='flex_column av-bbdp0r-c428ac9f07bf4bb21b455df637665cea av_one_full  avia-builder-el-8  el_after_av_one_full  el_before_av_one_full  first flex_column_div av-zero-column-padding  column-top-margin'     ><section  class='av_textblock_section av-km3lcp5r-4795d779e8084a3ce4383377fcbf0c5c '   itemscope=\"itemscope\" itemtype=\"https:\/\/schema.org\/CreativeWork\" ><div class='avia_textblock'  itemprop=\"text\" ><h1 style=\"text-align: center;\"><a href=\"https:\/\/create.kahoot.it\/details\/197f4ae4-69e2-4c7c-abf4-94968b302df5\">Bloggers 1 \u2013 UNIT 1<\/a><\/h1>\n<p style=\"text-align: center;\"><b>zem\u011b \u2013 n\u00e1rodnosti, osobn\u00ed data, kon\u00ed\u010dky + r\u00e1d\/nerad, \u0161koln\u00ed budova + z\u00e1kladn\u00ed p\u0159edlo\u017eky; p\u0159\u00edtomn\u00fd \u010das pr\u016fb\u011bhov\u00fd \u2013 formy<\/b><\/p>\n<\/div><\/section><\/div>\n<style type=\"text\/css\" data-created_by=\"avia_inline_auto\" id=\"style-css-av-bbdp0r-c428ac9f07bf4bb21b455df637665cea\">\n.flex_column.av-bbdp0r-c428ac9f07bf4bb21b455df637665cea{\nborder-radius:0px 0px 0px 0px;\npadding:0px 0px 0px 0px;\n}\n<\/style>\n<div  class='flex_column av-bbdp0r-c428ac9f07bf4bb21b455df637665cea av_one_full  avia-builder-el-10  el_after_av_one_full  el_before_av_one_full  first flex_column_div av-zero-column-padding  column-top-margin'     ><section  class='av_textblock_section av-km3lcp5r-4795d779e8084a3ce4383377fcbf0c5c '   itemscope=\"itemscope\" itemtype=\"https:\/\/schema.org\/CreativeWork\" ><div class='avia_textblock'  itemprop=\"text\" ><h1 style=\"text-align: center;\"><a href=\"https:\/\/create.kahoot.it\/details\/547f2e6e-7ce2-49c1-937d-fd6dbd4c5931\">Bloggers 1 \u2013 UNIT 2<\/a><\/h1>\n<p style=\"text-align: center;\"><b>\u010dlenov\u00e9 rodiny, vzhled, popis \u010dlov\u011bka; have got<\/b><\/p>\n<\/div><\/section><\/div>\n<style type=\"text\/css\" data-created_by=\"avia_inline_auto\" id=\"style-css-av-bbdp0r-c428ac9f07bf4bb21b455df637665cea\">\n.flex_column.av-bbdp0r-c428ac9f07bf4bb21b455df637665cea{\nborder-radius:0px 0px 0px 0px;\npadding:0px 0px 0px 0px;\n}\n<\/style>\n<div  class='flex_column av-bbdp0r-c428ac9f07bf4bb21b455df637665cea av_one_full  avia-builder-el-12  el_after_av_one_full  el_before_av_one_full  first flex_column_div av-zero-column-padding  column-top-margin'     ><section  class='av_textblock_section av-km3lcp5r-4795d779e8084a3ce4383377fcbf0c5c '   itemscope=\"itemscope\" itemtype=\"https:\/\/schema.org\/CreativeWork\" ><div class='avia_textblock'  itemprop=\"text\" ><h1 style=\"text-align: center;\"><a href=\"https:\/\/create.kahoot.it\/details\/4e682202-1460-4a2c-b2f8-5853a5d2e101\">Bloggers 1 \u2013 UNIT 3<\/a><\/h1>\n<p style=\"text-align: center;\"><b>denn\u00ed re\u017eim, \u0161koln\u00ed rozvrh, \u010das \u2013 hodiny, volno\u010dasov\u00e9 aktivity; p\u0159\u00edtomn\u00fd \u010das prost\u00fd<\/b><\/p>\n<\/div><\/section><\/div>\n<style type=\"text\/css\" data-created_by=\"avia_inline_auto\" id=\"style-css-av-bbdp0r-c428ac9f07bf4bb21b455df637665cea\">\n.flex_column.av-bbdp0r-c428ac9f07bf4bb21b455df637665cea{\nborder-radius:0px 0px 0px 0px;\npadding:0px 0px 0px 0px;\n}\n<\/style>\n<div  class='flex_column av-bbdp0r-c428ac9f07bf4bb21b455df637665cea av_one_full  avia-builder-el-14  el_after_av_one_full  el_before_av_one_full  first flex_column_div av-zero-column-padding  column-top-margin'     ><section  class='av_textblock_section av-km3lcp5r-4795d779e8084a3ce4383377fcbf0c5c '   itemscope=\"itemscope\" itemtype=\"https:\/\/schema.org\/CreativeWork\" ><div class='avia_textblock'  itemprop=\"text\" ><h1 style=\"text-align: center;\"><a href=\"https:\/\/create.kahoot.it\/details\/7e819ceb-dbbd-4cb5-9453-9f40c6f99b45\">Bloggers 1 \u2013 UNIT 4<\/a><\/h1>\n<p style=\"text-align: center;\"><b>popis domu, vybaven\u00ed domu\/bytu, dom\u00e1c\u00ed pr\u00e1ce, p\u0159edlo\u017eky \u2013 prostor, z\u00e1jmena \u2013 objekt, posesiva mod\u00e1ln\u00ed slovesa<\/b><\/p>\n<\/div><\/section><\/div>\n<style type=\"text\/css\" data-created_by=\"avia_inline_auto\" id=\"style-css-av-bbdp0r-c428ac9f07bf4bb21b455df637665cea\">\n.flex_column.av-bbdp0r-c428ac9f07bf4bb21b455df637665cea{\nborder-radius:0px 0px 0px 0px;\npadding:0px 0px 0px 0px;\n}\n<\/style>\n<div  class='flex_column av-bbdp0r-c428ac9f07bf4bb21b455df637665cea av_one_full  avia-builder-el-16  el_after_av_one_full  avia-builder-el-last  first flex_column_div av-zero-column-padding  column-top-margin'     ><section  class='av_textblock_section av-km3lcp5r-4795d779e8084a3ce4383377fcbf0c5c '   itemscope=\"itemscope\" itemtype=\"https:\/\/schema.org\/CreativeWork\" ><div class='avia_textblock'  itemprop=\"text\" ><h1 style=\"text-align: center;\"><a href=\"https:\/\/create.kahoot.it\/details\/f2b81046-57db-4afe-8543-1b3fd49c2fd4\">Bloggers 1 \u2013 UNIT 5<\/a><\/h1>\n<p style=\"text-align: center;\"><b>oble\u010den\u00ed, obchody, zbo\u017e\u00ed, p\u0159\u00edtomn\u00fd \u010das prost\u00fd a pr\u016fb\u011bhov\u00fd<\/b><\/p>\n<\/div><\/section><\/div><\/p>\n","protected":false},"excerpt":{"rendered":"","protected":false},"author":4,"featured_media":0,"parent":0,"menu_order":0,"comment_status":"closed","ping_status":"closed","template":"","meta":{"footnotes":""},"class_list":["post-2996","page","type-page","status-publish","hentry"],"_links":{"self":[{"href":"https:\/\/klett.cz\/bloggers\/wp-json\/wp\/v2\/pages\/2996","targetHints":{"allow":["GET"]}}],"collection":[{"href":"https:\/\/klett.cz\/bloggers\/wp-json\/wp\/v2\/pages"}],"about":[{"href":"https:\/\/klett.cz\/bloggers\/wp-json\/wp\/v2\/types\/page"}],"author":[{"embeddable":true,"href":"https:\/\/klett.cz\/bloggers\/wp-json\/wp\/v2\/users\/4"}],"replies":[{"embeddable":true,"href":"https:\/\/klett.cz\/bloggers\/wp-json\/wp\/v2\/comments?post=2996"}],"version-history":[{"count":6,"href":"https:\/\/klett.cz\/bloggers\/wp-json\/wp\/v2\/pages\/2996\/revisions"}],"predecessor-version":[{"id":3065,"href":"https:\/\/klett.cz\/bloggers\/wp-json\/wp\/v2\/pages\/2996\/revisions\/3065"}],"wp:attachment":[{"href":"https:\/\/klett.cz\/bloggers\/wp-json\/wp\/v2\/media?parent=2996"}],"curies":[{"name":"wp","href":"https:\/\/api.w.org\/{rel}","templated":true}]}}