{"id":2992,"date":"2021-09-13T10:38:41","date_gmt":"2021-09-13T08:38:41","guid":{"rendered":"https:\/\/klett.cz\/bloggers\/?page_id=2992"},"modified":"2023-01-03T15:08:37","modified_gmt":"2023-01-03T14:08:37","slug":"kahoot","status":"publish","type":"page","link":"https:\/\/klett.cz\/bloggers\/kahoot\/","title":{"rendered":"Kahoot!"},"content":{"rendered":"\n<style type=\"text\/css\" data-created_by=\"avia_inline_auto\" id=\"style-css-av-8145o0-0d6fb7600a671eec46896692d93ada04\">\n.flex_column.av-8145o0-0d6fb7600a671eec46896692d93ada04{\nborder-radius:0px 0px 0px 0px;\npadding:0px 0px 0px 0px;\n}\n<\/style>\n<div  class='flex_column av-8145o0-0d6fb7600a671eec46896692d93ada04 av_one_full  avia-builder-el-0  el_before_av_one_full  avia-builder-el-first  first flex_column_div av-zero-column-padding  '     ><style type=\"text\/css\" data-created_by=\"avia_inline_auto\" id=\"style-css-av-km3lhwxq-2e3745e35602ae37e8601408d13c0c7a\">\n.avia-image-container.av-km3lhwxq-2e3745e35602ae37e8601408d13c0c7a img.avia_image{\nbox-shadow:none;\n}\n.avia-image-container.av-km3lhwxq-2e3745e35602ae37e8601408d13c0c7a .av-image-caption-overlay-center{\ncolor:#ffffff;\n}\n<\/style>\n<div  class='avia-image-container av-km3lhwxq-2e3745e35602ae37e8601408d13c0c7a av-styling- avia-align-center  avia-builder-el-1  avia-builder-el-no-sibling '   itemprop=\"image\" itemscope=\"itemscope\" itemtype=\"https:\/\/schema.org\/ImageObject\" ><div class=\"avia-image-container-inner\"><div class=\"avia-image-overlay-wrap\"><img decoding=\"async\" fetchpriority=\"high\" class='wp-image-2516 avia-img-lazy-loading-not-2516 avia_image ' src=\"https:\/\/klett.cz\/bloggers\/wp-content\/uploads\/1280px-Kahoot_Logo.svg_-300x102..png\" alt='' title='1280px-Kahoot_Logo.svg_-300x102.'  height=\"102\" width=\"300\"  itemprop=\"thumbnailUrl\"  \/><\/div><\/div><\/div><\/div>\n\n<style type=\"text\/css\" data-created_by=\"avia_inline_auto\" id=\"style-css-av-bbdp0r-c428ac9f07bf4bb21b455df637665cea\">\n.flex_column.av-bbdp0r-c428ac9f07bf4bb21b455df637665cea{\nborder-radius:0px 0px 0px 0px;\npadding:0px 0px 0px 0px;\n}\n<\/style>\n<div  class='flex_column av-bbdp0r-c428ac9f07bf4bb21b455df637665cea av_one_full  avia-builder-el-2  el_after_av_one_full  el_before_av_one_full  first flex_column_div av-zero-column-padding  column-top-margin'     ><section  class='av_textblock_section av-km3lcp5r-4795d779e8084a3ce4383377fcbf0c5c '   itemscope=\"itemscope\" itemtype=\"https:\/\/schema.org\/CreativeWork\" ><div class='avia_textblock'  itemprop=\"text\" ><h1 style=\"text-align: center;\">ONLINE KV\u00cdZY KAHOOT! K U\u010cEBNICI BLOGGERS<\/h1>\n<p style=\"text-align: center;\">K jednotliv\u00fdm lekc\u00edm u\u010debnice Bloggers jsme vytvo\u0159ili online z\u00e1bavn\u00e9 kv\u00edzy Kahoot!<\/p>\n<p style=\"text-align: center;\">Vyberte si lekci, kter\u00e1 v\u00e1s zaj\u00edm\u00e1, a pak u\u017e se jen bavte (a u\u010dte) s\u00a0na\u0161imi z\u00e1bavn\u00fdmi kv\u00edzy.<\/p>\n<\/div><\/section><\/div>\n\n<style type=\"text\/css\" data-created_by=\"avia_inline_auto\" id=\"style-css-av-2yrxxs-a9748cd72098a4c189bb86a60f0642a6\">\n.flex_column.av-2yrxxs-a9748cd72098a4c189bb86a60f0642a6{\nborder-radius:0px 0px 0px 0px;\npadding:0px 0px 0px 0px;\n}\n<\/style>\n<div  class='flex_column av-2yrxxs-a9748cd72098a4c189bb86a60f0642a6 av_one_full  avia-builder-el-4  el_after_av_one_full  el_before_av_one_full  first flex_column_div av-zero-column-padding  column-top-margin'     ><style type=\"text\/css\" data-created_by=\"avia_inline_auto\" id=\"style-css-av-ktie9fhf-71b7b75a75db26a1a0209c6ef75dcafc\">\n.avia-image-container.av-ktie9fhf-71b7b75a75db26a1a0209c6ef75dcafc img.avia_image{\nbox-shadow:none;\n}\n.avia-image-container.av-ktie9fhf-71b7b75a75db26a1a0209c6ef75dcafc .av-image-caption-overlay-center{\ncolor:#ffffff;\n}\n<\/style>\n<div  class='avia-image-container av-ktie9fhf-71b7b75a75db26a1a0209c6ef75dcafc av-styling- avia-align-center  avia-builder-el-5  avia-builder-el-no-sibling '   itemprop=\"image\" itemscope=\"itemscope\" itemtype=\"https:\/\/schema.org\/ImageObject\" ><div class=\"avia-image-container-inner\"><div class=\"avia-image-overlay-wrap\"><img decoding=\"async\" fetchpriority=\"high\" class='wp-image-3030 avia-img-lazy-loading-not-3030 avia_image ' src=\"https:\/\/klett.cz\/bloggers\/wp-content\/uploads\/bloggers-kahoot.png\" alt='' title='bloggers-kahoot'  height=\"650\" width=\"900\"  itemprop=\"thumbnailUrl\" srcset=\"https:\/\/klett.cz\/bloggers\/wp-content\/uploads\/bloggers-kahoot.png 900w, https:\/\/klett.cz\/bloggers\/wp-content\/uploads\/bloggers-kahoot-300x217.png 300w, https:\/\/klett.cz\/bloggers\/wp-content\/uploads\/bloggers-kahoot-768x555.png 768w, https:\/\/klett.cz\/bloggers\/wp-content\/uploads\/bloggers-kahoot-705x509.png 705w\" sizes=\"(max-width: 900px) 100vw, 900px\" \/><\/div><\/div><\/div><\/div>\n\n<style type=\"text\/css\" data-created_by=\"avia_inline_auto\" id=\"style-css-av-6gup00-663f94cf9c7ffe3b83263d0d1737683f\">\n.flex_column.av-6gup00-663f94cf9c7ffe3b83263d0d1737683f{\nborder-radius:0px 0px 0px 0px;\npadding:0px 0px 0px 0px;\n}\n<\/style>\n<div  class='flex_column av-6gup00-663f94cf9c7ffe3b83263d0d1737683f av_one_full  avia-builder-el-6  el_after_av_one_full  el_before_av_one_full  first flex_column_div av-zero-column-padding  column-top-margin'     ><section  class='av_textblock_section av-ktid0iyx-9f18a9673a1d20e118f839d92322ea06 '   itemscope=\"itemscope\" itemtype=\"https:\/\/schema.org\/CreativeWork\" ><div class='avia_textblock'  itemprop=\"text\" ><h1 style=\"text-align: center;\"><a href=\"https:\/\/klett.cz\/bloggers\/kahoot-bloggers-1\/\">Kahoot! k Bloggers 1<\/a><\/h1>\n<\/div><\/section><\/div>\n\n<style type=\"text\/css\" data-created_by=\"avia_inline_auto\" id=\"style-css-av-4az72o-c1ebbde62e96379104a738e5051093f7\">\n.flex_column.av-4az72o-c1ebbde62e96379104a738e5051093f7{\nborder-radius:0px 0px 0px 0px;\npadding:0px 0px 0px 0px;\n}\n<\/style>\n<div  class='flex_column av-4az72o-c1ebbde62e96379104a738e5051093f7 av_one_full  avia-builder-el-8  el_after_av_one_full  el_before_av_one_full  first flex_column_div av-zero-column-padding  column-top-margin'     ><section  class='av_textblock_section av-ktid0iyx-9f18a9673a1d20e118f839d92322ea06 '   itemscope=\"itemscope\" itemtype=\"https:\/\/schema.org\/CreativeWork\" ><div class='avia_textblock'  itemprop=\"text\" ><h1 style=\"text-align: center;\"><a href=\"https:\/\/klett.cz\/bloggers\/kahoot-bloggers-2\/\">Kahoot! k Bloggers 2<\/a><\/h1>\n<\/div><\/section><\/div>\n\n<style type=\"text\/css\" data-created_by=\"avia_inline_auto\" id=\"style-css-av-2wf2ds-140fd463fbc7a049c4c078cbfbf281de\">\n.flex_column.av-2wf2ds-140fd463fbc7a049c4c078cbfbf281de{\nborder-radius:0px 0px 0px 0px;\npadding:0px 0px 0px 0px;\n}\n<\/style>\n<div  class='flex_column av-2wf2ds-140fd463fbc7a049c4c078cbfbf281de av_one_full  avia-builder-el-10  el_after_av_one_full  el_before_av_one_full  first flex_column_div av-zero-column-padding  column-top-margin'     ><section  class='av_textblock_section av-ktid0iyx-9f18a9673a1d20e118f839d92322ea06 '   itemscope=\"itemscope\" itemtype=\"https:\/\/schema.org\/CreativeWork\" ><div class='avia_textblock'  itemprop=\"text\" ><h1 style=\"text-align: center;\"><a href=\"https:\/\/klett.cz\/bloggers\/kahoot-bloggers-3\/\">Kahoot! k Bloggers 3<\/a><\/h1>\n<\/div><\/section><\/div>\n\n<style type=\"text\/css\" data-created_by=\"avia_inline_auto\" id=\"style-css-av-av_one_full-79ff81c021393065cee878051452f6a6\">\n.flex_column.av-av_one_full-79ff81c021393065cee878051452f6a6{\nborder-radius:0px 0px 0px 0px;\npadding:0px 0px 0px 0px;\n}\n<\/style>\n<div  class='flex_column av-av_one_full-79ff81c021393065cee878051452f6a6 av_one_full  avia-builder-el-12  el_after_av_one_full  el_before_av_one_full  first flex_column_div av-zero-column-padding  column-top-margin'     ><section  class='av_textblock_section av-lcgb300g-ecf0bc42b705eacd301ea5322c8b3446 '   itemscope=\"itemscope\" itemtype=\"https:\/\/schema.org\/CreativeWork\" ><div class='avia_textblock'  itemprop=\"text\" ><h1 style=\"text-align: center;\"><a href=\"https:\/\/klett.cz\/bloggers\/kahoot-bloggers-4\/\">Kahoot! k Bloggers 4<\/a><\/h1>\n<\/div><\/section><\/div>\n<style type=\"text\/css\" data-created_by=\"avia_inline_auto\" id=\"style-css-av-2wf2ds-140fd463fbc7a049c4c078cbfbf281de\">\n.flex_column.av-2wf2ds-140fd463fbc7a049c4c078cbfbf281de{\nborder-radius:0px 0px 0px 0px;\npadding:0px 0px 0px 0px;\n}\n<\/style>\n<div  class='flex_column av-2wf2ds-140fd463fbc7a049c4c078cbfbf281de av_one_full  avia-builder-el-14  el_after_av_one_full  avia-builder-el-last  first flex_column_div av-zero-column-padding  column-top-margin'     ><section  class='av_textblock_section av-ktid0iyx-9f18a9673a1d20e118f839d92322ea06 '   itemscope=\"itemscope\" itemtype=\"https:\/\/schema.org\/CreativeWork\" ><div class='avia_textblock'  itemprop=\"text\" ><h1 style=\"text-align: center;\"><a href=\"https:\/\/klett.cz\/bloggers\/kahoot-booster-1\/\">Kahoot! k Booster 1<\/a><\/h1>\n<\/div><\/section><\/div><\/p>\n","protected":false},"excerpt":{"rendered":"","protected":false},"author":4,"featured_media":0,"parent":0,"menu_order":0,"comment_status":"closed","ping_status":"closed","template":"","meta":{"footnotes":""},"class_list":["post-2992","page","type-page","status-publish","hentry"],"_links":{"self":[{"href":"https:\/\/klett.cz\/bloggers\/wp-json\/wp\/v2\/pages\/2992","targetHints":{"allow":["GET"]}}],"collection":[{"href":"https:\/\/klett.cz\/bloggers\/wp-json\/wp\/v2\/pages"}],"about":[{"href":"https:\/\/klett.cz\/bloggers\/wp-json\/wp\/v2\/types\/page"}],"author":[{"embeddable":true,"href":"https:\/\/klett.cz\/bloggers\/wp-json\/wp\/v2\/users\/4"}],"replies":[{"embeddable":true,"href":"https:\/\/klett.cz\/bloggers\/wp-json\/wp\/v2\/comments?post=2992"}],"version-history":[{"count":10,"href":"https:\/\/klett.cz\/bloggers\/wp-json\/wp\/v2\/pages\/2992\/revisions"}],"predecessor-version":[{"id":3439,"href":"https:\/\/klett.cz\/bloggers\/wp-json\/wp\/v2\/pages\/2992\/revisions\/3439"}],"wp:attachment":[{"href":"https:\/\/klett.cz\/bloggers\/wp-json\/wp\/v2\/media?parent=2992"}],"curies":[{"name":"wp","href":"https:\/\/api.w.org\/{rel}","templated":true}]}}