{"id":2668,"date":"2021-03-10T16:29:48","date_gmt":"2021-03-10T15:29:48","guid":{"rendered":"https:\/\/klett.cz\/bloggers\/?page_id=2668"},"modified":"2023-01-13T20:32:04","modified_gmt":"2023-01-13T19:32:04","slug":"kahoot-booster-1-unit-1","status":"publish","type":"page","link":"https:\/\/klett.cz\/bloggers\/kahoot-booster-1-unit-1\/","title":{"rendered":"Kahoot! \u2013 Booster 1 \u2013 Unit 1"},"content":{"rendered":"\n<style type=\"text\/css\" data-created_by=\"avia_inline_auto\" id=\"style-css-av-7gmerw-3f05987f5b99e2903c55672f59525ec1\">\n.flex_column.av-7gmerw-3f05987f5b99e2903c55672f59525ec1{\nborder-radius:0px 0px 0px 0px;\npadding:0px 0px 0px 0px;\n}\n<\/style>\n<div  class='flex_column av-7gmerw-3f05987f5b99e2903c55672f59525ec1 av_one_full  avia-builder-el-0  el_before_av_one_full  avia-builder-el-first  first flex_column_div av-zero-column-padding  '     ><style type=\"text\/css\" data-created_by=\"avia_inline_auto\" id=\"style-css-av-km3lhwxq-2e3745e35602ae37e8601408d13c0c7a\">\n.avia-image-container.av-km3lhwxq-2e3745e35602ae37e8601408d13c0c7a img.avia_image{\nbox-shadow:none;\n}\n.avia-image-container.av-km3lhwxq-2e3745e35602ae37e8601408d13c0c7a .av-image-caption-overlay-center{\ncolor:#ffffff;\n}\n<\/style>\n<div  class='avia-image-container av-km3lhwxq-2e3745e35602ae37e8601408d13c0c7a av-styling- avia-align-center  avia-builder-el-1  avia-builder-el-no-sibling '   itemprop=\"image\" itemscope=\"itemscope\" itemtype=\"https:\/\/schema.org\/ImageObject\" ><div class=\"avia-image-container-inner\"><div class=\"avia-image-overlay-wrap\"><img decoding=\"async\" fetchpriority=\"high\" class='wp-image-2516 avia-img-lazy-loading-not-2516 avia_image ' src=\"https:\/\/klett.cz\/bloggers\/wp-content\/uploads\/1280px-Kahoot_Logo.svg_-300x102..png\" alt='' title='1280px-Kahoot_Logo.svg_-300x102.'  height=\"102\" width=\"300\"  itemprop=\"thumbnailUrl\"  \/><\/div><\/div><\/div><\/div>\n\n<style type=\"text\/css\" data-created_by=\"avia_inline_auto\" id=\"style-css-av-5x80xo-c9df7c1f985386ef20e39739aefb134f\">\n.flex_column.av-5x80xo-c9df7c1f985386ef20e39739aefb134f{\nborder-radius:0px 0px 0px 0px;\npadding:0px 0px 0px 0px;\n}\n<\/style>\n<div  class='flex_column av-5x80xo-c9df7c1f985386ef20e39739aefb134f av_one_full  avia-builder-el-2  el_after_av_one_full  el_before_av_one_full  first flex_column_div av-zero-column-padding  column-top-margin'     ><section  class='av_textblock_section av-km3li7tz-9e427f5bafd7937b7182a861e8dd5c6e '   itemscope=\"itemscope\" itemtype=\"https:\/\/schema.org\/CreativeWork\" ><div class='avia_textblock'  itemprop=\"text\" ><h1 style=\"text-align: center;\">Z\u00c1BAVN\u00c9 KV\u00cdZY KAHOOT! K UNIT 1<\/h1>\n<\/div><\/section><\/div>\n\n<style type=\"text\/css\" data-created_by=\"avia_inline_auto\" id=\"style-css-av-3inlks-2fa0400ffe34aee9fb6a974b67cd839b\">\n.flex_column.av-3inlks-2fa0400ffe34aee9fb6a974b67cd839b{\nborder-radius:0px 0px 0px 0px;\npadding:0px 0px 0px 0px;\n}\n<\/style>\n<div  class='flex_column av-3inlks-2fa0400ffe34aee9fb6a974b67cd839b av_one_full  avia-builder-el-4  el_after_av_one_full  el_before_av_one_full  first flex_column_div av-zero-column-padding  column-top-margin'     ><section  class='av_textblock_section av-km3li7tz-9e427f5bafd7937b7182a861e8dd5c6e '   itemscope=\"itemscope\" itemtype=\"https:\/\/schema.org\/CreativeWork\" ><div class='avia_textblock'  itemprop=\"text\" ><h2 style=\"text-align: center;\"><a href=\"https:\/\/create.kahoot.it\/share\/bloggers-1-vocabulary-unit-1\/303af18d-bc48-4fa4-8547-37eaf9c46833\" target=\"_blank\" rel=\"noopener\">Bloggers 1 Vocabulary \u2013 Unit 1<\/a><\/h2>\n<\/div><\/section><\/div>\n<style type=\"text\/css\" data-created_by=\"avia_inline_auto\" id=\"style-css-av-2vpzcs-cb0b0cb3a1e9f0e45dc92475906bc0f1\">\n.flex_column.av-2vpzcs-cb0b0cb3a1e9f0e45dc92475906bc0f1{\nborder-radius:0px 0px 0px 0px;\npadding:0px 0px 0px 0px;\n}\n<\/style>\n<div  class='flex_column av-2vpzcs-cb0b0cb3a1e9f0e45dc92475906bc0f1 av_one_full  avia-builder-el-6  el_after_av_one_full  avia-builder-el-last  first flex_column_div av-zero-column-padding  column-top-margin'     ><section  class='av_textblock_section av-km3li7tz-9e427f5bafd7937b7182a861e8dd5c6e '   itemscope=\"itemscope\" itemtype=\"https:\/\/schema.org\/CreativeWork\" ><div class='avia_textblock'  itemprop=\"text\" ><h2 style=\"text-align: center;\"><a href=\"https:\/\/create.kahoot.it\/share\/bloggers-1-grammar-unit-1\/cb9c3381-80d7-4e29-afb7-5bce552f490b\" target=\"_blank\" rel=\"noopener\">Bloggers 1 Grammar \u2013 Unit 1<\/a><\/h2>\n<\/div><\/section><\/div><\/p>\n","protected":false},"excerpt":{"rendered":"","protected":false},"author":4,"featured_media":0,"parent":0,"menu_order":0,"comment_status":"closed","ping_status":"closed","template":"","meta":{"footnotes":""},"class_list":["post-2668","page","type-page","status-publish","hentry"],"_links":{"self":[{"href":"https:\/\/klett.cz\/bloggers\/wp-json\/wp\/v2\/pages\/2668","targetHints":{"allow":["GET"]}}],"collection":[{"href":"https:\/\/klett.cz\/bloggers\/wp-json\/wp\/v2\/pages"}],"about":[{"href":"https:\/\/klett.cz\/bloggers\/wp-json\/wp\/v2\/types\/page"}],"author":[{"embeddable":true,"href":"https:\/\/klett.cz\/bloggers\/wp-json\/wp\/v2\/users\/4"}],"replies":[{"embeddable":true,"href":"https:\/\/klett.cz\/bloggers\/wp-json\/wp\/v2\/comments?post=2668"}],"version-history":[{"count":6,"href":"https:\/\/klett.cz\/bloggers\/wp-json\/wp\/v2\/pages\/2668\/revisions"}],"predecessor-version":[{"id":3502,"href":"https:\/\/klett.cz\/bloggers\/wp-json\/wp\/v2\/pages\/2668\/revisions\/3502"}],"wp:attachment":[{"href":"https:\/\/klett.cz\/bloggers\/wp-json\/wp\/v2\/media?parent=2668"}],"curies":[{"name":"wp","href":"https:\/\/api.w.org\/{rel}","templated":true}]}}