{"id":2667,"date":"2021-03-10T16:44:13","date_gmt":"2021-03-10T15:44:13","guid":{"rendered":"https:\/\/klett.cz\/bloggers\/?page_id=2667"},"modified":"2023-01-13T08:59:49","modified_gmt":"2023-01-13T07:59:49","slug":"kahoot-booster-1","status":"publish","type":"page","link":"https:\/\/klett.cz\/bloggers\/kahoot-booster-1\/","title":{"rendered":"Kahoot! \u2013 Booster 1"},"content":{"rendered":"\n<style type=\"text\/css\" data-created_by=\"avia_inline_auto\" id=\"style-css-av-d2o2mj-c6febb83d744c0cfe52d5bb6929cfa78\">\n.flex_column.av-d2o2mj-c6febb83d744c0cfe52d5bb6929cfa78{\nborder-radius:0px 0px 0px 0px;\npadding:0px 0px 0px 0px;\n}\n<\/style>\n<div  class='flex_column av-d2o2mj-c6febb83d744c0cfe52d5bb6929cfa78 av_one_full  avia-builder-el-0  el_before_av_one_full  avia-builder-el-first  first flex_column_div av-zero-column-padding  '     ><style type=\"text\/css\" data-created_by=\"avia_inline_auto\" id=\"style-css-av-km3lg0jz-5afc25ef3c308707a5f21102414ce587\">\n.avia-image-container.av-km3lg0jz-5afc25ef3c308707a5f21102414ce587 img.avia_image{\nbox-shadow:none;\n}\n.avia-image-container.av-km3lg0jz-5afc25ef3c308707a5f21102414ce587 .av-image-caption-overlay-center{\ncolor:#ffffff;\n}\n<\/style>\n<div  class='avia-image-container av-km3lg0jz-5afc25ef3c308707a5f21102414ce587 av-styling- avia-align-center  avia-builder-el-1  avia-builder-el-no-sibling '   itemprop=\"image\" itemscope=\"itemscope\" itemtype=\"https:\/\/schema.org\/ImageObject\" ><div class=\"avia-image-container-inner\"><div class=\"avia-image-overlay-wrap\"><img decoding=\"async\" fetchpriority=\"high\" class='wp-image-2516 avia-img-lazy-loading-not-2516 avia_image ' src=\"https:\/\/klett.cz\/bloggers\/wp-content\/uploads\/1280px-Kahoot_Logo.svg_-300x102..png\" alt='' title='1280px-Kahoot_Logo.svg_-300x102.'  height=\"102\" width=\"300\"  itemprop=\"thumbnailUrl\"  \/><\/div><\/div><\/div><\/div>\n\n<style type=\"text\/css\" data-created_by=\"avia_inline_auto\" id=\"style-css-av-1lxe3-5455349636a7997bc180095ff5f5d6c4\">\n.flex_column.av-1lxe3-5455349636a7997bc180095ff5f5d6c4{\nborder-radius:0px 0px 0px 0px;\npadding:0px 0px 0px 0px;\n}\n<\/style>\n<div  class='flex_column av-1lxe3-5455349636a7997bc180095ff5f5d6c4 av_one_full  avia-builder-el-2  el_after_av_one_full  el_before_av_one_full  first flex_column_div av-zero-column-padding  column-top-margin'     ><section  class='av_textblock_section av-25l1wb-7471668a3a5127dccebd81bad9a01643 '   itemscope=\"itemscope\" itemtype=\"https:\/\/schema.org\/CreativeWork\" ><div class='avia_textblock'  itemprop=\"text\" ><h1 style=\"text-align: center;\">ONLINE KV\u00cdZY KAHOOT! K CVI\u010cEBNICI BOOSTER 1<\/h1>\n<p style=\"text-align: center;\">K jednotliv\u00fdm lekc\u00edm cvi\u010debnice Booster 1 jsme vytvo\u0159ili online z\u00e1bavn\u00e9 kv\u00edzy Kahoot!<\/p>\n<p style=\"text-align: center;\">Ke ka\u017ed\u00e9 lekci jsou v\u017edy k dispozici dva takov\u00e9 kv\u00edzy \u2013 jeden zam\u011b\u0159en\u00fd na slovn\u00ed z\u00e1sobu a druh\u00fd na gramatiku.<\/p>\n<\/div><\/section><\/div>\n\n<style type=\"text\/css\" data-created_by=\"avia_inline_auto\" id=\"style-css-av-bbdp0r-c428ac9f07bf4bb21b455df637665cea\">\n.flex_column.av-bbdp0r-c428ac9f07bf4bb21b455df637665cea{\nborder-radius:0px 0px 0px 0px;\npadding:0px 0px 0px 0px;\n}\n<\/style>\n<div  class='flex_column av-bbdp0r-c428ac9f07bf4bb21b455df637665cea av_one_full  avia-builder-el-4  el_after_av_one_full  el_before_av_one_full  first flex_column_div av-zero-column-padding  column-top-margin'     ><section  class='av_textblock_section av-km3lcp5r-4795d779e8084a3ce4383377fcbf0c5c '   itemscope=\"itemscope\" itemtype=\"https:\/\/schema.org\/CreativeWork\" ><div class='avia_textblock'  itemprop=\"text\" ><p style=\"text-align: center;\">Vyberte si lekci, kter\u00e1 v\u00e1s zaj\u00edm\u00e1, a pak u\u017e se jen bavte (a u\u010dte) s\u00a0na\u0161imi z\u00e1bavn\u00fdmi kv\u00edzy.<\/p>\n<\/div><\/section><\/div>\n\n<style type=\"text\/css\" data-created_by=\"avia_inline_auto\" id=\"style-css-av-984i5n-56af5dc8c4d1043e6b3d8006644c872c\">\n.flex_column.av-984i5n-56af5dc8c4d1043e6b3d8006644c872c{\nborder-radius:0px 0px 0px 0px;\npadding:0px 0px 0px 0px;\n}\n<\/style>\n<div  class='flex_column av-984i5n-56af5dc8c4d1043e6b3d8006644c872c av_one_full  avia-builder-el-6  el_after_av_one_full  el_before_av_one_full  first flex_column_div av-zero-column-padding  column-top-margin'     ><section  class='av_textblock_section av-km3leqya-47b2135233aacc2e4a68af8af7c8bba2 '   itemscope=\"itemscope\" itemtype=\"https:\/\/schema.org\/CreativeWork\" ><div class='avia_textblock'  itemprop=\"text\" ><h1 style=\"text-align: center;\"><a href=\"https:\/\/klett.cz\/bloggers\/kahoot-booster-1-unit-1\/\">Kahoot! k UNIT 1<\/a><\/h1>\n<p style=\"text-align: center;\"><b>zem\u011b \u2013 n\u00e1rodnosti, osobn\u00ed data, kon\u00ed\u010dky + r\u00e1d\/nerad, \u0161koln\u00ed budova + z\u00e1kladn\u00ed p\u0159edlo\u017eky; p\u0159\u00edtomn\u00fd \u010das pr\u016fb\u011bhov\u00fd \u2013 formy<\/b><\/p>\n<\/div><\/section><\/div>\n\n<style type=\"text\/css\" data-created_by=\"avia_inline_auto\" id=\"style-css-av-7ibxa3-f22919a6cec965dcc1b814191421d000\">\n.flex_column.av-7ibxa3-f22919a6cec965dcc1b814191421d000{\nborder-radius:0px 0px 0px 0px;\npadding:0px 0px 0px 0px;\n}\n<\/style>\n<div  class='flex_column av-7ibxa3-f22919a6cec965dcc1b814191421d000 av_one_full  avia-builder-el-8  el_after_av_one_full  el_before_av_one_full  first flex_column_div av-zero-column-padding  column-top-margin'     ><section  class='av_textblock_section av-km3leqya-6-633d6f9b7ff1fb131310f2086f810e3b '   itemscope=\"itemscope\" itemtype=\"https:\/\/schema.org\/CreativeWork\" ><div class='avia_textblock'  itemprop=\"text\" ><h1 style=\"text-align: center;\"><a href=\"https:\/\/klett.cz\/bloggers\/kahoot-booster-1-unit-2\/\">Kahoot! k UNIT 2<\/a><\/h1>\n<p style=\"text-align: center;\"><b>\u010dlenov\u00e9 rodiny, vzhled, popis \u010dlov\u011bka; have got<\/b><\/p>\n<\/div><\/section><\/div>\n\n<style type=\"text\/css\" data-created_by=\"avia_inline_auto\" id=\"style-css-av-5khzqj-d45580e2d846e851a61a25d68566579e\">\n.flex_column.av-5khzqj-d45580e2d846e851a61a25d68566579e{\nborder-radius:0px 0px 0px 0px;\npadding:0px 0px 0px 0px;\n}\n<\/style>\n<div  class='flex_column av-5khzqj-d45580e2d846e851a61a25d68566579e av_one_full  avia-builder-el-10  el_after_av_one_full  el_before_av_one_full  first flex_column_div av-zero-column-padding  column-top-margin'     ><section  class='av_textblock_section av-km3leqya-5-1d4c3124518d80b2e47a4a82a542c753 '   itemscope=\"itemscope\" itemtype=\"https:\/\/schema.org\/CreativeWork\" ><div class='avia_textblock'  itemprop=\"text\" ><h1 style=\"text-align: center;\"><a href=\"https:\/\/klett.cz\/bloggers\/kahoot-booster-1-unit-3\/\">Kahoot! k UNIT 3<\/a><\/h1>\n<p style=\"text-align: center;\"><b>denn\u00ed re\u017eim, \u0161koln\u00ed rozvrh, \u010das \u2013 hodiny, volno\u010dasov\u00e9 aktivity; p\u0159\u00edtomn\u00fd \u010das prost\u00fd<\/b><\/p>\n<\/div><\/section><\/div>\n\n<style type=\"text\/css\" data-created_by=\"avia_inline_auto\" id=\"style-css-av-em18r-79c366221ffff4034c7da8477b49a417\">\n.flex_column.av-em18r-79c366221ffff4034c7da8477b49a417{\nborder-radius:0px 0px 0px 0px;\npadding:0px 0px 0px 0px;\n}\n<\/style>\n<div  class='flex_column av-em18r-79c366221ffff4034c7da8477b49a417 av_one_full  avia-builder-el-12  el_after_av_one_full  el_before_av_one_full  first flex_column_div av-zero-column-padding  column-top-margin'     ><section  class='av_textblock_section av-km3leqya-4-56a739e2ecb58d99fa27f413d50c1590 '   itemscope=\"itemscope\" itemtype=\"https:\/\/schema.org\/CreativeWork\" ><div class='avia_textblock'  itemprop=\"text\" ><h1 style=\"text-align: center;\"><a href=\"https:\/\/klett.cz\/bloggers\/kahoot-booster-1-unit-4\/\">Kahoot! k UNIT 4<\/a><\/h1>\n<p style=\"text-align: center;\"><b>popis domu, vybaven\u00ed domu\/bytu, dom\u00e1c\u00ed pr\u00e1ce, p\u0159edlo\u017eky \u2013 prostor, z\u00e1jmena \u2013 objekt, posesiva mod\u00e1ln\u00ed slovesa<\/b><\/p>\n<\/div><\/section><\/div>\n\n<style type=\"text\/css\" data-created_by=\"avia_inline_auto\" id=\"style-css-av-34nhff-693e88260c72dcf94d342b694dd6aa11\">\n.flex_column.av-34nhff-693e88260c72dcf94d342b694dd6aa11{\nborder-radius:0px 0px 0px 0px;\npadding:0px 0px 0px 0px;\n}\n<\/style>\n<div  class='flex_column av-34nhff-693e88260c72dcf94d342b694dd6aa11 av_one_full  avia-builder-el-14  el_after_av_one_full  avia-builder-el-last  first flex_column_div av-zero-column-padding  column-top-margin'     ><section  class='av_textblock_section av-km3leqya-3-507ccb63a4d1e3eb4ca472c4f2c3435e '   itemscope=\"itemscope\" itemtype=\"https:\/\/schema.org\/CreativeWork\" ><div class='avia_textblock'  itemprop=\"text\" ><h1 style=\"text-align: center;\"><a href=\"https:\/\/klett.cz\/bloggers\/kahoot-booster-1-unit-5\/\">Kahoot! k UNIT 5<\/a><\/h1>\n<p style=\"text-align: center;\"><b>oble\u010den\u00ed, obchody, zbo\u017e\u00ed, p\u0159\u00edtomn\u00fd \u010das prost\u00fd a pr\u016fb\u011bhov\u00fd<\/b><\/p>\n<\/div><\/section><\/div>\n","protected":false},"excerpt":{"rendered":"","protected":false},"author":4,"featured_media":0,"parent":0,"menu_order":0,"comment_status":"closed","ping_status":"closed","template":"","meta":{"footnotes":""},"class_list":["post-2667","page","type-page","status-publish","hentry"],"_links":{"self":[{"href":"https:\/\/klett.cz\/bloggers\/wp-json\/wp\/v2\/pages\/2667","targetHints":{"allow":["GET"]}}],"collection":[{"href":"https:\/\/klett.cz\/bloggers\/wp-json\/wp\/v2\/pages"}],"about":[{"href":"https:\/\/klett.cz\/bloggers\/wp-json\/wp\/v2\/types\/page"}],"author":[{"embeddable":true,"href":"https:\/\/klett.cz\/bloggers\/wp-json\/wp\/v2\/users\/4"}],"replies":[{"embeddable":true,"href":"https:\/\/klett.cz\/bloggers\/wp-json\/wp\/v2\/comments?post=2667"}],"version-history":[{"count":17,"href":"https:\/\/klett.cz\/bloggers\/wp-json\/wp\/v2\/pages\/2667\/revisions"}],"predecessor-version":[{"id":3505,"href":"https:\/\/klett.cz\/bloggers\/wp-json\/wp\/v2\/pages\/2667\/revisions\/3505"}],"wp:attachment":[{"href":"https:\/\/klett.cz\/bloggers\/wp-json\/wp\/v2\/media?parent=2667"}],"curies":[{"name":"wp","href":"https:\/\/api.w.org\/{rel}","templated":true}]}}