{"id":2422,"date":"2020-08-25T15:46:19","date_gmt":"2020-08-25T13:46:19","guid":{"rendered":"https:\/\/klett.cz\/bloggers\/?page_id=2422"},"modified":"2021-09-08T10:28:41","modified_gmt":"2021-09-08T08:28:41","slug":"minutove-rozpisy","status":"publish","type":"page","link":"https:\/\/klett.cz\/bloggers\/minutove-rozpisy\/","title":{"rendered":"Minutov\u00e9 rozpisy lekc\u00ed"},"content":{"rendered":"\n<style type=\"text\/css\" data-created_by=\"avia_inline_auto\" id=\"style-css-av-6c67qu-aa9fe3b237e466971071cbce7c871531\">\n.flex_column.av-6c67qu-aa9fe3b237e466971071cbce7c871531{\nborder-radius:0px 0px 0px 0px;\npadding:0px 0px 0px 0px;\n}\n<\/style>\n<div  class='flex_column av-6c67qu-aa9fe3b237e466971071cbce7c871531 av_one_full  avia-builder-el-0  el_before_av_one_full  avia-builder-el-first  first flex_column_div av-zero-column-padding  '     ><section  class='av_textblock_section av-ke9zyany-f415e17d96461092e73e9811970e67c1 '   itemscope=\"itemscope\" itemtype=\"https:\/\/schema.org\/CreativeWork\" ><div class='avia_textblock'  itemprop=\"text\" ><h1 style=\"text-align: center;\">Minutov\u00e9 rozpisy lekc\u00ed<\/h1>\n<p style=\"text-align: center;\">Tyto rozpisy nab\u00edzej\u00ed n\u00e1vod, jak pojmout jednotliv\u00e9 v\u00fdukov\u00e9 jednotky (45 minut) lekce. Jsou ur\u010den\u00e9 t\u011bm, kte\u0159\u00ed s Bloggers za\u010d\u00ednaj\u00ed a cht\u011bj\u00ed m\u00edt materi\u00e1l, kter\u00fd jim pom\u016f\u017ee l\u00e9pe se s n\u00edm sezn\u00e1mit. Jsou na pohled dlouh\u00e9, ale n\u011bkter\u00e9 pas\u00e1\u017ee jsou ur\u010den\u00e9 k vymaz\u00e1n\u00ed podle toho, jestli u\u010ditel chce nebo m\u016f\u017ee vyu\u017e\u00edvat interaktivn\u00ed verzi u\u010debnice.<\/p>\n<p style=\"text-align: center;\"><strong><u>MINUTOV\u00c9 ROZPISY (= LESSON PLANS) <\/u><\/strong>maj\u00ed z\u00e1m\u011brn\u011b formu wordov\u00e9ho dokumentu, aby si je u\u010ditel mohl upravit na m\u00edru.<\/p>\n<\/div><\/section><\/div>\n\n<style type=\"text\/css\" data-created_by=\"avia_inline_auto\" id=\"style-css-av-46ov2u-63f2acca25e4e20a8d1f8242f2f27250\">\n.flex_column.av-46ov2u-63f2acca25e4e20a8d1f8242f2f27250{\nborder-radius:0px 0px 0px 0px;\npadding:0px 0px 0px 0px;\n}\n<\/style>\n<div  class='flex_column av-46ov2u-63f2acca25e4e20a8d1f8242f2f27250 av_one_full  avia-builder-el-2  el_after_av_one_full  el_before_av_one_full  first flex_column_div av-zero-column-padding  column-top-margin'     ><style type=\"text\/css\" data-created_by=\"avia_inline_auto\" id=\"style-css-av-ke9zza9d-c157f72d20465c281809291a85e1bf81\">\n.avia-image-container.av-ke9zza9d-c157f72d20465c281809291a85e1bf81 img.avia_image{\nbox-shadow:none;\n}\n.avia-image-container.av-ke9zza9d-c157f72d20465c281809291a85e1bf81 .av-image-caption-overlay-center{\ncolor:#ffffff;\n}\n<\/style>\n<div  class='avia-image-container av-ke9zza9d-c157f72d20465c281809291a85e1bf81 av-styling- avia-align-center  avia-builder-el-3  avia-builder-el-no-sibling '   itemprop=\"image\" itemscope=\"itemscope\" itemtype=\"https:\/\/schema.org\/ImageObject\" ><div class=\"avia-image-container-inner\"><div class=\"avia-image-overlay-wrap\"><img decoding=\"async\" fetchpriority=\"high\" class='wp-image-2932 avia-img-lazy-loading-not-2932 avia_image ' src=\"https:\/\/klett.cz\/bloggers\/wp-content\/uploads\/Bloggers_minutove-rozpisy-300x251.png\" alt='' title='Bloggers_minutove rozpisy'  height=\"251\" width=\"300\"  itemprop=\"thumbnailUrl\" srcset=\"https:\/\/klett.cz\/bloggers\/wp-content\/uploads\/Bloggers_minutove-rozpisy-300x251.png 300w, https:\/\/klett.cz\/bloggers\/wp-content\/uploads\/Bloggers_minutove-rozpisy.png 705w\" sizes=\"(max-width: 300px) 100vw, 300px\" \/><\/div><\/div><\/div><\/div>\n<style type=\"text\/css\" data-created_by=\"avia_inline_auto\" id=\"style-css-av-2qtskm-c039d40478e59fcb13d48403d44f402f\">\n.flex_column.av-2qtskm-c039d40478e59fcb13d48403d44f402f{\nborder-radius:0px 0px 0px 0px;\npadding:0px 0px 0px 0px;\n}\n<\/style>\n<div  class='flex_column av-2qtskm-c039d40478e59fcb13d48403d44f402f av_one_full  avia-builder-el-4  el_after_av_one_full  avia-builder-el-last  first flex_column_div av-zero-column-padding  column-top-margin'     ><section  class='av_textblock_section av-kea04q8p-d30e71d463db26592066cad73db63129 '   itemscope=\"itemscope\" itemtype=\"https:\/\/schema.org\/CreativeWork\" ><div class='avia_textblock'  itemprop=\"text\" ><p style=\"text-align: center;\">Klikn\u011bte na vybran\u00fd rozpis, kter\u00fd se okam\u017eit\u011b st\u00e1hne do va\u0161eho po\u010d\u00edta\u010de.<\/p>\n<h2 style=\"text-align: center;\"><a href=\"https:\/\/klett.cz\/bloggers\/wp-content\/uploads\/BLOGGERS-1-L0-str.-10-a-11.docx\">BLOGGERS 1 &#8211; L0 &#8211; str. 10 a 11<\/a><\/h2>\n<h2 style=\"text-align: center;\"><a href=\"https:\/\/klett.cz\/bloggers\/wp-content\/uploads\/BLOGGERS-1-L0-str.-12.docx\">BLOGGERS 1 &#8211; L0 &#8211; str. 12<\/a><\/h2>\n<h2 style=\"text-align: center;\"><a href=\"https:\/\/klett.cz\/bloggers\/wp-content\/uploads\/BLOGGERS-1-L0-str.-13.docx\">BLOGGERS 1 &#8211; L0 &#8211; str. 13<\/a><\/h2>\n<h2 style=\"text-align: center;\"><a href=\"https:\/\/klett.cz\/bloggers\/wp-content\/uploads\/BLOGGERS-1-L0-str.-14.docx\">BLOGGERS 1 &#8211; L0 &#8211; str. 14<\/a><\/h2>\n<h2 style=\"text-align: center;\"><a href=\"https:\/\/klett.cz\/bloggers\/wp-content\/uploads\/BLOGGERS-1-L0-str.-14-15.docx\">BLOGGERS 1 &#8211; L0 &#8211; str. 14-15<\/a><\/h2>\n<h2 style=\"text-align: center;\"><a href=\"https:\/\/klett.cz\/bloggers\/wp-content\/uploads\/BLOGGERS-1-L0-str.-16.docx\">BLOGGERS 1 &#8211; L0 &#8211; str. 16<\/a><\/h2>\n<\/div><\/section><\/div><\/p>\n","protected":false},"excerpt":{"rendered":"","protected":false},"author":4,"featured_media":0,"parent":0,"menu_order":0,"comment_status":"closed","ping_status":"closed","template":"","meta":{"footnotes":""},"class_list":["post-2422","page","type-page","status-publish","hentry"],"_links":{"self":[{"href":"https:\/\/klett.cz\/bloggers\/wp-json\/wp\/v2\/pages\/2422","targetHints":{"allow":["GET"]}}],"collection":[{"href":"https:\/\/klett.cz\/bloggers\/wp-json\/wp\/v2\/pages"}],"about":[{"href":"https:\/\/klett.cz\/bloggers\/wp-json\/wp\/v2\/types\/page"}],"author":[{"embeddable":true,"href":"https:\/\/klett.cz\/bloggers\/wp-json\/wp\/v2\/users\/4"}],"replies":[{"embeddable":true,"href":"https:\/\/klett.cz\/bloggers\/wp-json\/wp\/v2\/comments?post=2422"}],"version-history":[{"count":6,"href":"https:\/\/klett.cz\/bloggers\/wp-json\/wp\/v2\/pages\/2422\/revisions"}],"predecessor-version":[{"id":2931,"href":"https:\/\/klett.cz\/bloggers\/wp-json\/wp\/v2\/pages\/2422\/revisions\/2931"}],"wp:attachment":[{"href":"https:\/\/klett.cz\/bloggers\/wp-json\/wp\/v2\/media?parent=2422"}],"curies":[{"name":"wp","href":"https:\/\/api.w.org\/{rel}","templated":true}]}}