{"id":236,"date":"2018-01-25T18:04:16","date_gmt":"2018-01-25T17:04:16","guid":{"rendered":"http:\/\/klett.cz\/bloggers\/?page_id=236"},"modified":"2019-04-24T15:41:41","modified_gmt":"2019-04-24T13:41:41","slug":"christopher","status":"publish","type":"page","link":"https:\/\/klett.cz\/bloggers\/christopher\/","title":{"rendered":"Christopher"},"content":{"rendered":"<div id='av_section_1'  class='avia-section av-av_section-2dcda1862a94bb522b437cf4f29dd74d main_color avia-section-default avia-no-shadow  avia-builder-el-0  el_before_av_textblock  avia-builder-el-first  avia-bg-style-scroll container_wrap sidebar_right'  ><div class='container av-section-cont-open' ><main  role=\"main\" itemprop=\"mainContentOfPage\"  class='template-page content  av-content-small alpha units'><div class='post-entry post-entry-type-page post-entry-236'><div class='entry-content-wrapper clearfix'>\n\n<style type=\"text\/css\" data-created_by=\"avia_inline_auto\" id=\"style-css-av-av_one_half-15d750bd1b332b34c6e70b077ebbccdf\">\n.flex_column.av-av_one_half-15d750bd1b332b34c6e70b077ebbccdf{\nborder-radius:0px 0px 0px 0px;\npadding:0px 0px 0px 0px;\n}\n<\/style>\n<div  class='flex_column av-av_one_half-15d750bd1b332b34c6e70b077ebbccdf av_one_half  avia-builder-el-1  el_before_av_one_half  avia-builder-el-first  first flex_column_div av-zero-column-padding  '     ><section  class='av_textblock_section av-av_textblock-2de302bf1aa3cf4c9157dbe6f50ac7eb '   itemscope=\"itemscope\" itemtype=\"https:\/\/schema.org\/CreativeWork\" ><div class='avia_textblock'  itemprop=\"text\" ><blockquote>\n<p>Jmenuju se Christopher. V\u0161ichni mi ale \u0159\u00edkaj\u00ed Chris. M\u00e1m r\u00e1d fotbal a j\u00edzdu na kole. Nejv\u00edc m\u011b bav\u00ed po\u010d\u00edta\u010dov\u00e9 hry. Je mi teprve 10 let, ale s\u00e9gra Mia mi dovolila d\u011blat s\u00a0n\u00ed na Bloggers. Je to nejlep\u0161\u00ed s\u00e9gra na sv\u011bt\u011b! Lekce 4. je cel\u00e1 na\u0161e. T\u011b\u0161te se!<\/p>\n<\/blockquote>\n<\/div><\/section><\/div>\n<style type=\"text\/css\" data-created_by=\"avia_inline_auto\" id=\"style-css-av-av_one_half-c8fc129dc35fd1ae2a1e410224d39ea8\">\n.flex_column.av-av_one_half-c8fc129dc35fd1ae2a1e410224d39ea8{\nborder-radius:0px 0px 0px 0px;\npadding:0px 0px 0px 0px;\n}\n<\/style>\n<div  class='flex_column av-av_one_half-c8fc129dc35fd1ae2a1e410224d39ea8 av_one_half  avia-builder-el-3  el_after_av_one_half  avia-builder-el-last  flex_column_div av-zero-column-padding  '     ><style type=\"text\/css\" data-created_by=\"avia_inline_auto\" id=\"style-css-av-av_image-bc48c6a3dfdc376e200559c15cadbae3\">\n.avia-image-container.av-av_image-bc48c6a3dfdc376e200559c15cadbae3 img.avia_image{\nbox-shadow:none;\n}\n.avia-image-container.av-av_image-bc48c6a3dfdc376e200559c15cadbae3 .av-image-caption-overlay-center{\ncolor:#ffffff;\n}\n<\/style>\n<div  class='avia-image-container av-av_image-bc48c6a3dfdc376e200559c15cadbae3 av-styling- avia-align-center  avia-builder-el-4  avia-builder-el-no-sibling '   itemprop=\"image\" itemscope=\"itemscope\" itemtype=\"https:\/\/schema.org\/ImageObject\" ><div class=\"avia-image-container-inner\"><div class=\"avia-image-overlay-wrap\"><img decoding=\"async\" fetchpriority=\"high\" class='wp-image-264 avia-img-lazy-loading-not-264 avia_image ' src=\"https:\/\/klett.cz\/bloggers\/wp-content\/uploads\/Chris-200x300.jpg\" alt='' title='Chris'  height=\"300\" width=\"200\"  itemprop=\"thumbnailUrl\" srcset=\"https:\/\/klett.cz\/bloggers\/wp-content\/uploads\/Chris-200x300.jpg 200w, https:\/\/klett.cz\/bloggers\/wp-content\/uploads\/Chris.jpg 450w\" sizes=\"(max-width: 200px) 100vw, 200px\" \/><\/div><\/div><\/div><\/div><\/div><\/div><\/main><!-- close content main element --><\/div><\/div><div id='after_section_1'  class='main_color av_default_container_wrap container_wrap sidebar_right'  ><div class='container av-section-cont-open' ><div class='template-page content  av-content-small alpha units'><div class='post-entry post-entry-type-page post-entry-236'><div class='entry-content-wrapper clearfix'><section  class='av_textblock_section av-av_textblock-2de302bf1aa3cf4c9157dbe6f50ac7eb '   itemscope=\"itemscope\" itemtype=\"https:\/\/schema.org\/CreativeWork\" ><div class='avia_textblock'  itemprop=\"text\" ><p style=\"text-align: center;\">\r\n    <div style=\"max-width:1100px;\">        \r\n    <video id=\"plyr69d259e7908a2\" controls class=\"easy-video-player\">\r\n       <source src=\"http:\/\/klett.cz\/bloggers\/wp-content\/uploads\/Klett_Lekce4_Extras_Chris.mp4\" type=\"video\/mp4\" \/>\r\n    <\/video>\r\n    <\/div>    <script>\r\n        const evplayerplyr69d259e7908a2 = new Plyr(document.getElementById('plyr69d259e7908a2'));\r\n        evplayerplyr69d259e7908a2.ratio = '16:9';\r\n        evplayerplyr69d259e7908a2.iconUrl = 'https:\/\/klett.cz\/bloggers\/wp-content\/plugins\/easy-video-player\/lib\/plyr.svg';\r\n        evplayerplyr69d259e7908a2.blankVideo = 'https:\/\/klett.cz\/bloggers\/wp-content\/plugins\/easy-video-player\/lib\/blank.mp4';  \r\n    <\/script><\/p>\n<\/div><\/section><\/p>\n","protected":false},"excerpt":{"rendered":"","protected":false},"author":2,"featured_media":0,"parent":0,"menu_order":0,"comment_status":"closed","ping_status":"closed","template":"","meta":{"footnotes":""},"class_list":["post-236","page","type-page","status-publish","hentry"],"_links":{"self":[{"href":"https:\/\/klett.cz\/bloggers\/wp-json\/wp\/v2\/pages\/236","targetHints":{"allow":["GET"]}}],"collection":[{"href":"https:\/\/klett.cz\/bloggers\/wp-json\/wp\/v2\/pages"}],"about":[{"href":"https:\/\/klett.cz\/bloggers\/wp-json\/wp\/v2\/types\/page"}],"author":[{"embeddable":true,"href":"https:\/\/klett.cz\/bloggers\/wp-json\/wp\/v2\/users\/2"}],"replies":[{"embeddable":true,"href":"https:\/\/klett.cz\/bloggers\/wp-json\/wp\/v2\/comments?post=236"}],"version-history":[{"count":7,"href":"https:\/\/klett.cz\/bloggers\/wp-json\/wp\/v2\/pages\/236\/revisions"}],"predecessor-version":[{"id":1781,"href":"https:\/\/klett.cz\/bloggers\/wp-json\/wp\/v2\/pages\/236\/revisions\/1781"}],"wp:attachment":[{"href":"https:\/\/klett.cz\/bloggers\/wp-json\/wp\/v2\/media?parent=236"}],"curies":[{"name":"wp","href":"https:\/\/api.w.org\/{rel}","templated":true}]}}