{"id":2059,"date":"2019-09-05T16:05:02","date_gmt":"2019-09-05T14:05:02","guid":{"rendered":"https:\/\/klett.cz\/bloggers\/?page_id=2059"},"modified":"2021-08-08T17:54:22","modified_gmt":"2021-08-08T15:54:22","slug":"podklady-do-vyuky","status":"publish","type":"page","link":"https:\/\/klett.cz\/bloggers\/podklady-do-vyuky\/","title":{"rendered":"Podklady do v\u00fduky"},"content":{"rendered":"\n<style type=\"text\/css\" data-created_by=\"avia_inline_auto\" id=\"style-css-av-39cd7f-1a076ed2a6ec00cf0bc9c3ffbefeebd5\">\n.flex_column.av-39cd7f-1a076ed2a6ec00cf0bc9c3ffbefeebd5{\nborder-radius:0px 0px 0px 0px;\npadding:0px 0px 0px 0px;\n}\n<\/style>\n<div  class='flex_column av-39cd7f-1a076ed2a6ec00cf0bc9c3ffbefeebd5 av_one_full  avia-builder-el-0  el_before_av_one_full  avia-builder-el-first  first flex_column_div av-zero-column-padding  '     ><section  class='av_textblock_section av-k06rg4nb-259e77927b04c4e22b57a8392960f3c3 '   itemscope=\"itemscope\" itemtype=\"https:\/\/schema.org\/CreativeWork\" ><div class='avia_textblock'  itemprop=\"text\" ><h1 style=\"text-align: center;\">Podklady do v\u00fduky<\/h1>\n<p style=\"text-align: center;\">P\u0159ipravili jsme pro v\u00e1s podklady do v\u00fduky, dal\u0161\u00ed materi\u00e1ly a cvi\u010den\u00ed.<\/p>\n<\/div><\/section><br \/>\n\n<style type=\"text\/css\" data-created_by=\"avia_inline_auto\" id=\"style-css-av-k2q3wbnv-d2f8ae21a315c8c619d2e07cf3ccbf25\">\n.avia-image-container.av-k2q3wbnv-d2f8ae21a315c8c619d2e07cf3ccbf25 img.avia_image{\nbox-shadow:none;\n}\n.avia-image-container.av-k2q3wbnv-d2f8ae21a315c8c619d2e07cf3ccbf25 .av-image-caption-overlay-center{\ncolor:#ffffff;\n}\n<\/style>\n<div  class='avia-image-container av-k2q3wbnv-d2f8ae21a315c8c619d2e07cf3ccbf25 av-styling- avia-align-center  avia-builder-el-2  el_after_av_textblock  el_before_av_hr '   itemprop=\"image\" itemscope=\"itemscope\" itemtype=\"https:\/\/schema.org\/ImageObject\" ><div class=\"avia-image-container-inner\"><div class=\"avia-image-overlay-wrap\"><img decoding=\"async\" fetchpriority=\"high\" class='wp-image-2160 avia-img-lazy-loading-not-2160 avia_image ' src=\"https:\/\/klett.cz\/bloggers\/wp-content\/uploads\/Kopie-na\u0301vrhu-Kopie-na\u0301vrhu-Bez-na\u0301zvu.png\" alt='' title='Podklady do v\u00fduky'  height=\"450\" width=\"800\"  itemprop=\"thumbnailUrl\" srcset=\"https:\/\/klett.cz\/bloggers\/wp-content\/uploads\/Kopie-na\u0301vrhu-Kopie-na\u0301vrhu-Bez-na\u0301zvu.png 800w, https:\/\/klett.cz\/bloggers\/wp-content\/uploads\/Kopie-na\u0301vrhu-Kopie-na\u0301vrhu-Bez-na\u0301zvu-300x169.png 300w, https:\/\/klett.cz\/bloggers\/wp-content\/uploads\/Kopie-na\u0301vrhu-Kopie-na\u0301vrhu-Bez-na\u0301zvu-768x432.png 768w, https:\/\/klett.cz\/bloggers\/wp-content\/uploads\/Kopie-na\u0301vrhu-Kopie-na\u0301vrhu-Bez-na\u0301zvu-705x397.png 705w, https:\/\/klett.cz\/bloggers\/wp-content\/uploads\/Kopie-na\u0301vrhu-Kopie-na\u0301vrhu-Bez-na\u0301zvu-450x253.png 450w\" sizes=\"(max-width: 800px) 100vw, 800px\" \/><\/div><\/div><\/div><br \/>\n\n<style type=\"text\/css\" data-created_by=\"avia_inline_auto\" id=\"style-css-av-k2q3utxy-abb8a500832a55c2078f0550ae808b6e\">\n#top .hr.hr-invisible.av-k2q3utxy-abb8a500832a55c2078f0550ae808b6e{\nheight:50px;\n}\n<\/style>\n<div  class='hr av-k2q3utxy-abb8a500832a55c2078f0550ae808b6e hr-invisible  avia-builder-el-3  el_after_av_image  el_before_av_textblock '><span class='hr-inner '><span class=\"hr-inner-style\"><\/span><\/span><\/div><br \/>\n<section  class='av_textblock_section av-k2q3uory-d7f7261b39a60b269b0ca11ec3990437 '   itemscope=\"itemscope\" itemtype=\"https:\/\/schema.org\/CreativeWork\" ><div class='avia_textblock'  itemprop=\"text\" ><h3 style=\"text-align: center;\">Zaj\u00edmaj\u00ed v\u00e1s cvi\u010den\u00ed do hodin angli\u010dtiny?<\/h3>\n<p style=\"text-align: center;\">Nav\u0161tivte n\u00e1\u0161 <a href=\"https:\/\/klett.cz\/bloggers\/blog\/\">archiv<\/a>, kde najdete mnoho inspirace a konkr\u00e9tn\u00edch zad\u00e1n\u00ed.<\/p>\n<h3 style=\"text-align: center;\">Za\u010d\u00edn\u00e1te s v\u00fdukou Bloggers? Vyu\u017eijte minutov\u00e9 rozpisy!<\/h3>\n<p style=\"text-align: center;\">P\u0159ipravili jsme pro v\u00e1s <a href=\"https:\/\/klett.cz\/bloggers\/minutove-rozpisy\/\">minutov\u00e9 rozpisy<\/a>, kter\u00e9 v\u00e1m v\u00fduku velmi usnadn\u00ed. Jedn\u00e1 se o jak\u00fdsi n\u00e1vod, jak pojmout jednotliv\u00e9 v\u00fdukov\u00e9 jednotky (45 minut) lekce. Minutov\u00e9 rozpisy jsou variabiln\u00ed, n\u011bkter\u00e9 pas\u00e1\u017ee jsou ur\u010den\u00e9 k vymaz\u00e1n\u00ed podle toho, jestli u\u010ditel chce nebo m\u016f\u017ee vyu\u017e\u00edvat interaktivn\u00ed verzi u\u010debnice.<\/p>\n<\/div><\/section><\/p><\/div>\n<style type=\"text\/css\" data-created_by=\"avia_inline_auto\" id=\"style-css-av-36kp8r-c4f4a27719d761b209d02ba88b669c0e\">\n.flex_column.av-36kp8r-c4f4a27719d761b209d02ba88b669c0e{\nborder-radius:0px 0px 0px 0px;\npadding:0px 0px 0px 0px;\n}\n<\/style>\n<div  class='flex_column av-36kp8r-c4f4a27719d761b209d02ba88b669c0e av_one_full  avia-builder-el-5  el_after_av_one_full  el_before_av_one_half  first flex_column_div av-zero-column-padding  column-top-margin'     ><style type=\"text\/css\" data-created_by=\"avia_inline_auto\" id=\"style-css-av-k3k76qe3-b466b61110bad75cf9966f82ca515721\">\n.avia-image-container.av-k3k76qe3-b466b61110bad75cf9966f82ca515721 img.avia_image{\nbox-shadow:none;\n}\n.avia-image-container.av-k3k76qe3-b466b61110bad75cf9966f82ca515721 .av-image-caption-overlay-center{\ncolor:#ffffff;\n}\n<\/style>\n<div  class='avia-image-container av-k3k76qe3-b466b61110bad75cf9966f82ca515721 av-styling- avia-align-center  avia-builder-el-6  avia-builder-el-no-sibling '   itemprop=\"image\" itemscope=\"itemscope\" itemtype=\"https:\/\/schema.org\/ImageObject\" ><div class=\"avia-image-container-inner\"><div class=\"avia-image-overlay-wrap\"><img decoding=\"async\" fetchpriority=\"high\" class='wp-image- avia-img-lazy-loading-not- avia_image ' src=\"https:\/\/klett.cz\/bloggers\/wp-content\/uploads\/Minutove\u0301-rozpisy-1-300x251.png\" alt='' title=''   itemprop=\"thumbnailUrl\"  \/><\/div><\/div><\/div><\/div><\/p>\n\n<style type=\"text\/css\" data-created_by=\"avia_inline_auto\" id=\"style-css-av-497ior-1d09bc335a6327e5122d490f625a6cd0\">\n.flex_column.av-497ior-1d09bc335a6327e5122d490f625a6cd0{\nborder-radius:0px 0px 0px 0px;\npadding:0px 0px 0px 0px;\n}\n<\/style>\n<div  class='flex_column av-497ior-1d09bc335a6327e5122d490f625a6cd0 av_one_half  avia-builder-el-7  el_after_av_one_full  el_before_av_one_half  first flex_column_div av-zero-column-padding  column-top-margin'     ><div  class='avia-button-wrap av-k06rouoq-bea460ad72563454bb196150a2c387bd-wrap avia-button-center  avia-builder-el-8  avia-builder-el-no-sibling '><a href='https:\/\/klett.cz\/bloggers\/blog\/'  class='avia-button av-k06rouoq-bea460ad72563454bb196150a2c387bd av-link-btn avia-icon_select-yes-left-icon avia-size-x-large avia-position-center avia-color-theme-color'   aria-label=\"P\u0159ej\u00edt na archiv cvi\u010den\u00ed\"><span class='avia_button_icon avia_button_icon_left avia-iconfont avia-font-entypo-fontello' data-av_icon='\ue841' data-av_iconfont='entypo-fontello' ><\/span><span class='avia_iconbox_title' >P\u0159ej\u00edt na archiv cvi\u010den\u00ed<\/span><\/a><\/div><\/div>\n\n<style type=\"text\/css\" data-created_by=\"avia_inline_auto\" id=\"style-css-av-2grrvv-c69b2ffa7b767d68ec6b20fcad38e109\">\n.flex_column.av-2grrvv-c69b2ffa7b767d68ec6b20fcad38e109{\nborder-radius:0px 0px 0px 0px;\npadding:0px 0px 0px 0px;\n}\n<\/style>\n<div  class='flex_column av-2grrvv-c69b2ffa7b767d68ec6b20fcad38e109 av_one_half  avia-builder-el-9  el_after_av_one_half  avia-builder-el-last  flex_column_div av-zero-column-padding  column-top-margin'     ><div  class='avia-button-wrap av-k06rpjro-2fcf0f111ab7408c6f201eb4c3a2c3bf-wrap avia-button-center  avia-builder-el-10  avia-builder-el-no-sibling '><a href='https:\/\/klett.cz\/bloggers\/minutove-rozpisy\/'  class='avia-button av-k06rpjro-2fcf0f111ab7408c6f201eb4c3a2c3bf av-link-btn avia-icon_select-yes-left-icon avia-size-x-large avia-position-center avia-color-theme-color'   aria-label=\"P\u0159ej\u00edt na minutov\u00e9 rozpisy\"><span class='avia_button_icon avia_button_icon_left avia-iconfont avia-font-entypo-fontello' data-av_icon='\ue841' data-av_iconfont='entypo-fontello' ><\/span><span class='avia_iconbox_title' >P\u0159ej\u00edt na minutov\u00e9 rozpisy<\/span><\/a><\/div><\/div>\n","protected":false},"excerpt":{"rendered":"","protected":false},"author":4,"featured_media":0,"parent":0,"menu_order":0,"comment_status":"closed","ping_status":"closed","template":"","meta":{"footnotes":""},"class_list":["post-2059","page","type-page","status-publish","hentry"],"_links":{"self":[{"href":"https:\/\/klett.cz\/bloggers\/wp-json\/wp\/v2\/pages\/2059","targetHints":{"allow":["GET"]}}],"collection":[{"href":"https:\/\/klett.cz\/bloggers\/wp-json\/wp\/v2\/pages"}],"about":[{"href":"https:\/\/klett.cz\/bloggers\/wp-json\/wp\/v2\/types\/page"}],"author":[{"embeddable":true,"href":"https:\/\/klett.cz\/bloggers\/wp-json\/wp\/v2\/users\/4"}],"replies":[{"embeddable":true,"href":"https:\/\/klett.cz\/bloggers\/wp-json\/wp\/v2\/comments?post=2059"}],"version-history":[{"count":8,"href":"https:\/\/klett.cz\/bloggers\/wp-json\/wp\/v2\/pages\/2059\/revisions"}],"predecessor-version":[{"id":3150,"href":"https:\/\/klett.cz\/bloggers\/wp-json\/wp\/v2\/pages\/2059\/revisions\/3150"}],"wp:attachment":[{"href":"https:\/\/klett.cz\/bloggers\/wp-json\/wp\/v2\/media?parent=2059"}],"curies":[{"name":"wp","href":"https:\/\/api.w.org\/{rel}","templated":true}]}}