{"id":45,"date":"2018-10-11T10:48:04","date_gmt":"2018-10-11T08:48:04","guid":{"rendered":"https:\/\/klett.cz\/kmi\/?page_id=45"},"modified":"2026-04-13T15:31:09","modified_gmt":"2026-04-13T13:31:09","slug":"vzorky-zdarma","status":"publish","type":"page","link":"https:\/\/klett.cz\/bloggers-new\/vzorky-zdarma\/","title":{"rendered":"Vzorky zdarma"},"content":{"rendered":"<div  class='flex_column av-xbsx-3304dd59fbbb5efb6cee4d58b2a4d566 av_one_full  avia-builder-el-0  el_before_av_one_full  avia-builder-el-first  first flex_column_div  '     ><style type=\"text\/css\" data-created_by=\"avia_inline_auto\" id=\"style-css-av-mescitxv-d6f2ddfab08b38cfd0ae4e06956ae461\">\n.avia-image-container.av-mescitxv-d6f2ddfab08b38cfd0ae4e06956ae461 img.avia_image{\nbox-shadow:none;\n}\n.avia-image-container.av-mescitxv-d6f2ddfab08b38cfd0ae4e06956ae461 .av-image-caption-overlay-center{\ncolor:#ffffff;\n}\n<\/style>\n<div  class='avia-image-container av-mescitxv-d6f2ddfab08b38cfd0ae4e06956ae461 av-styling- avia-align-center  avia-builder-el-1  avia-builder-el-no-sibling '   itemprop=\"image\" itemscope=\"itemscope\" itemtype=\"https:\/\/schema.org\/ImageObject\" ><div class=\"avia-image-container-inner\"><div class=\"avia-image-overlay-wrap\"><img decoding=\"async\" fetchpriority=\"high\" class='wp-image-2854 avia-img-lazy-loading-not-2854 avia_image ' src=\"https:\/\/klett.cz\/bloggers-new\/wp-content\/uploads\/Divici-\u2013-nova-sada-pro-vyuku-od-prvni-tridy.png\" alt='' title='Bloggers New'  height=\"700\" width=\"1920\"  itemprop=\"thumbnailUrl\" srcset=\"https:\/\/klett.cz\/bloggers-new\/wp-content\/uploads\/Divici-\u2013-nova-sada-pro-vyuku-od-prvni-tridy.png 1920w, https:\/\/klett.cz\/bloggers-new\/wp-content\/uploads\/Divici-\u2013-nova-sada-pro-vyuku-od-prvni-tridy-300x109.png 300w, https:\/\/klett.cz\/bloggers-new\/wp-content\/uploads\/Divici-\u2013-nova-sada-pro-vyuku-od-prvni-tridy-1030x376.png 1030w, https:\/\/klett.cz\/bloggers-new\/wp-content\/uploads\/Divici-\u2013-nova-sada-pro-vyuku-od-prvni-tridy-768x280.png 768w, https:\/\/klett.cz\/bloggers-new\/wp-content\/uploads\/Divici-\u2013-nova-sada-pro-vyuku-od-prvni-tridy-1536x560.png 1536w, https:\/\/klett.cz\/bloggers-new\/wp-content\/uploads\/Divici-\u2013-nova-sada-pro-vyuku-od-prvni-tridy-1500x547.png 1500w, https:\/\/klett.cz\/bloggers-new\/wp-content\/uploads\/Divici-\u2013-nova-sada-pro-vyuku-od-prvni-tridy-705x257.png 705w\" sizes=\"(max-width: 1920px) 100vw, 1920px\" \/><\/div><\/div><\/div><\/div>\n<div  class='flex_column av-263u9-3e66be101c57921fc297721f4f9cb57b av_one_full  avia-builder-el-2  el_after_av_one_full  el_before_av_hr  first flex_column_div  column-top-margin'     ><section  class='av_textblock_section av-l5mfpbzi-a1fe47024c47126b867133329f102433 '   itemscope=\"itemscope\" itemtype=\"https:\/\/schema.org\/CreativeWork\" ><div class='avia_textblock'  itemprop=\"text\" ><h1 style=\"text-align: center;\">OBJEDNEJTE SI ZDARMA VZORKY Bloggers new<\/h1>\n<p style=\"text-align: center;\">Chcete se sezn\u00e1mit s materi\u00e1ly Bloggers new? Vypl\u0148te formul\u00e1\u0159 se \u017e\u00e1dost\u00ed a my v\u00e1m v\u00fdtisk doru\u010d\u00edme do \u0161koly.<\/p>\n<\/div><\/section><br \/>\n<section  class='av_textblock_section av-l5mfpqj8-187082366320c9d27f2be83ce495fb16 '   itemscope=\"itemscope\" itemtype=\"https:\/\/schema.org\/CreativeWork\" ><div class='avia_textblock'  itemprop=\"text\" ><p style=\"text-align: center;\">Vypln\u011bn\u00edm formul\u00e1\u0159e \u0161kole nevznik\u00e1 \u017e\u00e1dn\u00e1 povinnost ani z\u00e1vazek v\u016f\u010di nakladatelstv\u00ed Fraus Klett. V\u0161echny n\u00e1klady spojen\u00e9 se zasl\u00e1n\u00edm vzorov\u00fdch v\u00fdtisk\u016f pln\u011b hrad\u00ed nakladatelstv\u00ed Fraus Klett. Vzorky jsou ur\u010deny pouze pro u\u010ditele ciz\u00edch jazyk\u016f \u010di \u0159editele \u0161kol.<\/p>\n<\/div><\/section><\/p><\/div>\n\n<style type=\"text\/css\" data-created_by=\"avia_inline_auto\" id=\"style-css-av-14ort-eb0ba686c2352c81d7c2a04b303d7a2a\">\n#top .hr.hr-invisible.av-14ort-eb0ba686c2352c81d7c2a04b303d7a2a{\nheight:80px;\n}\n<\/style>\n<div  class='hr av-14ort-eb0ba686c2352c81d7c2a04b303d7a2a hr-invisible  avia-builder-el-5  el_after_av_one_full  el_before_av_one_full '><span class='hr-inner '><span class=\"hr-inner-style\"><\/span><\/span><\/div>\n<div  class='flex_column av-wc5l-e0650eb760a27626ea65b1ea719e41b4 av_one_full  avia-builder-el-6  el_after_av_hr  el_before_av_hr  first flex_column_div  '     ><form action=\"https:\/\/klett.cz\/bloggers-new\/vzorky-zdarma\/\" method=\"post\" data-fields-with-error=\"Found errors in the following field(s):\" class=\"avia_ajax_form av-form-labels-visible   avia-builder-el-7  avia-builder-el-no-sibling   \" data-avia-form-id=\"1\" data-avia-redirect=''  aria-label='Kontaktn\u00ed formul\u00e1\u0159' ><h4 class=''>Vypl\u0148te pros\u00edm n\u00e1sleduj\u00edc\u00ed \u00fadaje:<\/h4><fieldset><p id='element_avia_1_1' class=' first_form  form_element form_fullwidth av-form-empty-line '> <\/p><h3 id='element_avia_2_1' class=' first_form  form_element form_fullwidth av-form-headline '>Vyberte, o kter\u00fd vzorov\u00fd v\u00fdtisk m\u00e1te z\u00e1jem<\/h3><p class='  first_form  form_element form_fullwidth' id='element_avia_3_1'><input  name=\"avia_3_1\" class=\"input_checkbox \" type=\"checkbox\" id=\"avia_3_1\" value=\"true\"\/><label class=\"input_checkbox_label\" for=\"avia_3_1\">Vzorov\u00fd v\u00fdtisk Bloggers new 1 (rozes\u00edl\u00e1me ihned)<\/label><\/p><p class='  first_form  form_element form_fullwidth' id='element_avia_4_1'><label for=\"avia_4_1\">Vzorov\u00fd v\u00fdtisk Bloggers new 2 \u2013 zdarma (rozes\u00edl\u00e1me v srpnu 2026)<\/label> <input name=\"avia_4_1\" class=\"text_input \" type=\"text\" id=\"avia_4_1\" value=\"\" \/><\/p><h3 id='element_avia_5_1' class=' first_form  form_element form_fullwidth av-form-headline '>Va\u0161e \u00fadaje:<\/h3><p class='  first_form  form_element form_element_two_third' id='element_avia_6_1'><label for=\"avia_6_1\">N\u00e1zev \u0161koly <abbr class=\"required\" title=\"required\">*<\/abbr><\/label> <input name=\"avia_6_1\" class=\"text_input is_empty\" type=\"text\" id=\"avia_6_1\" value=\"\" \/><\/p><p class='  form_element form_element_third' id='element_avia_7_1'><label for=\"avia_7_1\"> I\u010cO (za \u00fa\u010delem ov\u011b\u0159en\u00ed spr\u00e1vnosti adresy \u0161koly) <abbr class=\"required\" title=\"required\">*<\/abbr><\/label> <input name=\"avia_7_1\" class=\"text_input is_empty\" type=\"text\" id=\"avia_7_1\" value=\"\" \/><\/p><p class='  first_form  form_element form_element_half' id='element_avia_8_1'><label for=\"avia_8_1\">Jm\u00e9no <abbr class=\"required\" title=\"required\">*<\/abbr><\/label> <input name=\"avia_8_1\" class=\"text_input is_empty\" type=\"text\" id=\"avia_8_1\" value=\"\" \/><\/p><p class='  form_element form_element_half' id='element_avia_9_1'><label for=\"avia_9_1\">P\u0159\u00edjmen\u00ed <abbr class=\"required\" title=\"required\">*<\/abbr><\/label> <input name=\"avia_9_1\" class=\"text_input is_empty\" type=\"text\" id=\"avia_9_1\" value=\"\" \/><\/p><p class='  first_form  form_element form_element_half' id='element_avia_10_1'><label for=\"avia_10_1\">E-Mail <abbr class=\"required\" title=\"required\">*<\/abbr><\/label> <input name=\"avia_10_1\" class=\"text_input is_email\" type=\"text\" id=\"avia_10_1\" value=\"\" \/><\/p><p class='  first_form  form_element form_fullwidth' id='element_avia_11_1'><label for=\"avia_11_1\">Kam m\u00e1me vzorov\u00fd v\u00fdtisk poslat?<\/label><select  name=\"avia_11_1\" class=\"select \" id=\"avia_11_1\"><option   value='na adresu \u0161koly'>na adresu \u0161koly<\/option><option   value='na soukromou adresu'>na soukromou adresu<\/option><\/select><\/p><p class='  first_form  form_element form_element_half' id='element_avia_12_1'><label for=\"avia_12_1\">Ulice <abbr class=\"required\" title=\"required\">*<\/abbr><\/label> <input name=\"avia_12_1\" class=\"text_input is_empty\" type=\"text\" id=\"avia_12_1\" value=\"\" \/><\/p><p class='  form_element form_element_fourth' id='element_avia_13_1'><label for=\"avia_13_1\">\u010c\u00edslo popisn\u00e9 <abbr class=\"required\" title=\"required\">*<\/abbr><\/label> <input name=\"avia_13_1\" class=\"text_input is_empty\" type=\"text\" id=\"avia_13_1\" value=\"\" \/><\/p><p class='  form_element form_element_fourth' id='element_avia_14_1'><label for=\"avia_14_1\">PS\u010c <abbr class=\"required\" title=\"required\">*<\/abbr><\/label> <input name=\"avia_14_1\" class=\"text_input is_number\" type=\"text\" id=\"avia_14_1\" value=\"\" \/><\/p><p class='  first_form  form_element form_element_half' id='element_avia_15_1'><label for=\"avia_15_1\">M\u011bsto <abbr class=\"required\" title=\"required\">*<\/abbr><\/label> <input name=\"avia_15_1\" class=\"text_input is_empty\" type=\"text\" id=\"avia_15_1\" value=\"\" \/><\/p><p class='  form_element form_element_half' id='element_avia_16_1'><label for=\"avia_16_1\">Telefon (za \u00fa\u010delem dopravy) <abbr class=\"required\" title=\"required\">*<\/abbr><\/label> <input name=\"avia_16_1\" class=\"text_input is_empty\" type=\"text\" id=\"avia_16_1\" value=\"\" \/><\/p><p class='  first_form  form_element form_fullwidth' id='element_avia_17_1'><input  name=\"avia_17_1\" class=\"input_checkbox \" type=\"checkbox\" id=\"avia_17_1\" value=\"true\"\/><label class=\"input_checkbox_label\" for=\"avia_17_1\">Souhlas\u00edm se zas\u00edl\u00e1n\u00edm informac\u00ed o sout\u011b\u017e\u00edch, dopl\u0148kov\u00fdch materi\u00e1lech, vzd\u011bl\u00e1vac\u00edch akc\u00ed a dal\u0161\u00edch zaj\u00edmav\u00fdch informac\u00ed na v\u00fd\u0161e uvedenou e-mailovou adresu.<\/label><\/p><p class='  first_form  form_element form_fullwidth' id='element_avia_18_1'><input  name=\"avia_18_1\" class=\"input_checkbox \" type=\"checkbox\" id=\"avia_18_1\" value=\"true\"\/><label class=\"input_checkbox_label\" for=\"avia_18_1\">Souhlas\u00edm s vyu\u017eit\u00edm m\u00e9ho telefonn\u00edho \u010d\u00edsla pro marketingov\u00e9 \u00fa\u010dely.<\/label><\/p><h3 id='element_avia_19_1' class=' first_form  form_element form_fullwidth av-form-headline '>Co pro v\u00e1s je\u0161t\u011b m\u016f\u017eeme ud\u011blat?<\/h3><p class='  first_form  form_element form_element_half' id='element_avia_20_1'><input  name=\"avia_20_1\" class=\"input_checkbox \" type=\"checkbox\" id=\"avia_20_1\" value=\"true\"\/><label class=\"input_checkbox_label\" for=\"avia_20_1\">P\u0159eji si, aby m\u011b kontaktoval odborn\u00fd konzultant a sd\u011blil mi v\u00edce informac\u00ed o sad\u011b Bloggers new<\/label><\/p><div id='avia_21_1' class='av-form-text'><p>\nOdesl\u00e1n\u00edm formul\u00e1\u0159e souhlas\u00edm se zpracov\u00e1n\u00edm osobn\u00edch \u00fadaj\u016f.\u00a0<a href=\"https:\/\/klett.cz\/osobniudaje\/zasady_zpracovani_osobnich_udaju.pdf\">Z\u00e1sady zpracov\u00e1n\u00ed osobn\u00edch \u00fadaj\u016f.<\/a><\/p>\n<\/div><p class=\"hidden\"><input type=\"text\" name=\"avia_22_1\" class=\"hidden \" id=\"avia_22_1\" value=\"\" \/><\/p><p class=\"form_element \"><input type=\"hidden\" value=\"1\" name=\"avia_generated_form1\" \/><input type=\"submit\" value=\"Odeslat\" class=\"button\"  data-sending-label=\"Sending\"\/><\/p><\/fieldset><\/form><div id=\"ajaxresponse_1\" class=\"ajaxresponse ajaxresponse_1 hidden\"><\/div><\/div>\n<style type=\"text\/css\" data-created_by=\"avia_inline_auto\" id=\"style-css-av-s5uh-73041cb8cdd0e375a8a894c582eddc01\">\n#top .hr.hr-invisible.av-s5uh-73041cb8cdd0e375a8a894c582eddc01{\nheight:80px;\n}\n<\/style>\n<div  class='hr av-s5uh-73041cb8cdd0e375a8a894c582eddc01 hr-invisible  avia-builder-el-8  el_after_av_one_full  el_before_av_one_full '><span class='hr-inner '><span class=\"hr-inner-style\"><\/span><\/span><\/div><\/p>\n\n<style type=\"text\/css\" data-created_by=\"avia_inline_auto\" id=\"style-css-av-77r9-ac790640ba6da33a5e40b0b8537f6948\">\n.flex_column.av-77r9-ac790640ba6da33a5e40b0b8537f6948{\nborder-width:1px;\nborder-color:#4ecac2;\nborder-style:solid;\nborder-radius:15px 15px 15px 15px;\npadding:25px 25px 25px 25px;\nbackground-color:#f5f5f5;\n}\n<\/style>\n<div  class='flex_column av-77r9-ac790640ba6da33a5e40b0b8537f6948 av_one_full  avia-builder-el-9  el_after_av_hr  avia-builder-el-last  first flex_column_div  '     ><section  class='av_textblock_section av-196nl-e86f6029f732f6a8f60555c825623a95 '   itemscope=\"itemscope\" itemtype=\"https:\/\/schema.org\/CreativeWork\" ><div class='avia_textblock'  itemprop=\"text\" ><h3 style=\"text-align: center;\"><strong>P\u0159ejete si dost\u00e1vat informace o novink\u00e1ch, produktech a n\u00e1mi po\u0159\u00e1dan\u00fdch akc\u00edch?\u00a0<\/strong><\/h3>\n<p style=\"text-align: center;\">Vypl\u0148te souhlas a my v\u00e1s budeme r\u00e1di kontaktovat.<\/p>\n<\/div><\/section><br \/>\n<div  class='avia-button-wrap av-ycrh-98695488917253802fb30be51d091aae-wrap avia-button-center  avia-builder-el-11  el_after_av_textblock  avia-builder-el-last '>\n<style type=\"text\/css\" data-created_by=\"avia_inline_auto\" id=\"style-css-av-ycrh-98695488917253802fb30be51d091aae\">\n#top #wrap_all .avia-button.av-ycrh-98695488917253802fb30be51d091aae{\nborder-radius:0 0 0 0;\ntransition:all 0.4s ease-in-out;\n}\n#top #wrap_all.avia-button.av-ycrh-98695488917253802fb30be51d091aae:hover .avia_button_background{\nborder-radius:0 0 0 0;\n}\n<\/style>\n<a href='https:\/\/www.klett.cz\/souhlas'  class='avia-button av-ycrh-98695488917253802fb30be51d091aae av-link-btn avia-icon_select-no avia-size-large avia-position-center avia-color-theme-color'  target=\"_blank\"  rel=\"noopener noreferrer\"  aria-label=\"Souhlas\"><span class='avia_iconbox_title' >Souhlas<\/span><\/a><\/div><\/p><\/div>\n","protected":false},"excerpt":{"rendered":"","protected":false},"author":2,"featured_media":0,"parent":0,"menu_order":0,"comment_status":"closed","ping_status":"closed","template":"","meta":{"footnotes":""},"class_list":["post-45","page","type-page","status-publish","hentry"],"_links":{"self":[{"href":"https:\/\/klett.cz\/bloggers-new\/wp-json\/wp\/v2\/pages\/45","targetHints":{"allow":["GET"]}}],"collection":[{"href":"https:\/\/klett.cz\/bloggers-new\/wp-json\/wp\/v2\/pages"}],"about":[{"href":"https:\/\/klett.cz\/bloggers-new\/wp-json\/wp\/v2\/types\/page"}],"author":[{"embeddable":true,"href":"https:\/\/klett.cz\/bloggers-new\/wp-json\/wp\/v2\/users\/2"}],"replies":[{"embeddable":true,"href":"https:\/\/klett.cz\/bloggers-new\/wp-json\/wp\/v2\/comments?post=45"}],"version-history":[{"count":54,"href":"https:\/\/klett.cz\/bloggers-new\/wp-json\/wp\/v2\/pages\/45\/revisions"}],"predecessor-version":[{"id":3018,"href":"https:\/\/klett.cz\/bloggers-new\/wp-json\/wp\/v2\/pages\/45\/revisions\/3018"}],"wp:attachment":[{"href":"https:\/\/klett.cz\/bloggers-new\/wp-json\/wp\/v2\/media?parent=45"}],"curies":[{"name":"wp","href":"https:\/\/api.w.org\/{rel}","templated":true}]}}