{"id":86,"date":"2018-02-07T16:57:31","date_gmt":"2018-02-07T15:57:31","guid":{"rendered":"http:\/\/klett.cz\/blog\/?page_id=86"},"modified":"2019-09-02T10:23:37","modified_gmt":"2019-09-02T08:23:37","slug":"domu","status":"publish","type":"page","link":"https:\/\/klett.cz\/blog\/","title":{"rendered":"Dom\u016f"},"content":{"rendered":"<div id='av_section_1'  class='avia-section av-bi25u-8ec831133dbec0b5e37e3888325cb708 main_color avia-section-default avia-no-shadow  avia-builder-el-0  avia-builder-el-no-sibling  avia-bg-style-scroll container_wrap sidebar_right'  ><div class='container av-section-cont-open' ><main  role=\"main\" itemprop=\"mainContentOfPage\"  class='template-page content  av-content-small alpha units'><div class='post-entry post-entry-type-page post-entry-86'><div class='entry-content-wrapper clearfix'>\n\n<style type=\"text\/css\" data-created_by=\"avia_inline_auto\" id=\"style-css-av-a3es6-527b0c0fd49efb5f1ba9fe6587f690ad\">\n.flex_column.av-a3es6-527b0c0fd49efb5f1ba9fe6587f690ad{\n-webkit-border-radius:0px 0px 0px 0px;\n-moz-border-radius:0px 0px 0px 0px;\nborder-radius:0px 0px 0px 0px;\npadding:0px 0px 0px 0px;\n}\n<\/style>\n<div class='flex_column av-a3es6-527b0c0fd49efb5f1ba9fe6587f690ad av_one_full  avia-builder-el-1  el_before_av_heading  avia-builder-el-first  first flex_column_div av-zero-column-padding '     ><style type=\"text\/css\" data-created_by=\"avia_inline_auto\" id=\"style-css-av-9ilh6-6de445bf7a9b0238c43e1fe80d7a0bbe\">\n.avia-image-container.av-9ilh6-6de445bf7a9b0238c43e1fe80d7a0bbe img.avia_image{\nbox-shadow:none;\n}\n.avia-image-container.av-9ilh6-6de445bf7a9b0238c43e1fe80d7a0bbe .av-image-caption-overlay-center{\ncolor:#ffffff;\n}\n<\/style>\n<div  class='avia-image-container av-9ilh6-6de445bf7a9b0238c43e1fe80d7a0bbe av-styling- avia-align-center  avia-builder-el-2  avia-builder-el-no-sibling '   itemprop=\"image\" itemscope=\"itemscope\" itemtype=\"https:\/\/schema.org\/ImageObject\" ><div class=\"avia-image-container-inner\"><div class=\"avia-image-overlay-wrap\"><img class='wp-image-3580 avia-img-lazy-loading-not-3580 avia_image ' src='https:\/\/klett.cz\/blog\/wp-content\/uploads\/shutterstock_1029506242_blog.png' alt='' title='shutterstock_1029506242_blog'  height=\"536\" width=\"1200\"  itemprop=\"thumbnailUrl\"  \/><\/div><\/div><\/div><\/div>\n<style type=\"text\/css\" data-created_by=\"avia_inline_auto\" id=\"style-css-av-av_heading-ce47b2209415989e673675e639c3f4f8\">\n#top .av-special-heading.av-av_heading-ce47b2209415989e673675e639c3f4f8{\npadding-bottom:10px;\n}\nbody .av-special-heading.av-av_heading-ce47b2209415989e673675e639c3f4f8 .av-special-heading-tag .heading-char{\nfont-size:25px;\n}\n.av-special-heading.av-av_heading-ce47b2209415989e673675e639c3f4f8 .av-subheading{\nfont-size:15px;\n}\n<\/style>\n<div  class='av-special-heading av-av_heading-ce47b2209415989e673675e639c3f4f8 av-special-heading-h3 blockquote modern-quote modern-centered  avia-builder-el-3  el_after_av_one_full  el_before_av_one_fifth '><h3 class='av-special-heading-tag'  itemprop=\"headline\"  >V\u00edtejte na blogu Klett nakladatelstv\u00ed<\/h3><div class=\"special-heading-border\"><div class=\"special-heading-inner-border\"><\/div><\/div><\/div>\n\n<style type=\"text\/css\" data-created_by=\"avia_inline_auto\" id=\"style-css-av-86d22-29176ab519633e5653e1768ba5e1eaba\">\n.flex_column.av-86d22-29176ab519633e5653e1768ba5e1eaba{\n-webkit-border-radius:0px 0px 0px 0px;\n-moz-border-radius:0px 0px 0px 0px;\nborder-radius:0px 0px 0px 0px;\npadding:0px 0px 0px 0px;\n}\n<\/style>\n<div class='flex_column av-86d22-29176ab519633e5653e1768ba5e1eaba av_one_fifth  avia-builder-el-4  el_after_av_heading  el_before_av_three_fifth  first flex_column_div av-zero-column-padding '     ><\/div>\n<style type=\"text\/css\" data-created_by=\"avia_inline_auto\" id=\"style-css-av-7kpqi-506c0fddce3cf36563d14a3b3deea46c\">\n.flex_column.av-7kpqi-506c0fddce3cf36563d14a3b3deea46c{\n-webkit-border-radius:0px 0px 0px 0px;\n-moz-border-radius:0px 0px 0px 0px;\nborder-radius:0px 0px 0px 0px;\npadding:0px 0px 0px 0px;\n}\n<\/style>\n<div class='flex_column av-7kpqi-506c0fddce3cf36563d14a3b3deea46c av_three_fifth  avia-builder-el-5  el_after_av_one_fifth  el_before_av_one_fifth  flex_column_div av-zero-column-padding '     ><section  class='av_textblock_section av-72f0m-e91313549969e456911bc4d1539e469e'  itemscope=\"itemscope\" itemtype=\"https:\/\/schema.org\/CreativeWork\" ><div class='avia_textblock'  itemprop=\"text\" ><h2 style=\"text-align: center;\"><strong>Inspirativn\u00ed blog pro u\u010ditele<\/strong><\/h2>\n<p style=\"text-align: center;\">N\u00e1pad vytv\u00e1\u0159et blog se v Klettu zrodil ji\u017e p\u0159ed n\u011bkolika lety. Zpo\u010d\u00e1tku jsme se zam\u011b\u0159ili na tvorbu cvi\u010den\u00ed a materi\u00e1l\u016f do v\u00fduky ciz\u00edch jazyk\u016f. Dnes se soust\u0159ed\u00edme zejm\u00e9na na psychologick\u00e1 t\u00e9mata, motivaci, tipy a trendy ve v\u00fduce. D\u00e1le s v\u00e1mi sd\u00edl\u00edme d\u011bn\u00ed v Klettu, v\u00fdsledky na\u0161\u00ed pr\u00e1ce i to, jak m\u016f\u017ee vypadat interaktivn\u00ed v\u00fduka v praxi.<\/p>\n<p style=\"text-align: center;\">Na na\u0161em blogu naleznete v\u0161echna jazykov\u00e1 cvi\u010den\u00ed do hodin n\u011bm\u010diny, ru\u0161tiny i angli\u010dtiny, kter\u00e1 jsme v minulosti vytvo\u0159ili. Sta\u010d\u00ed nav\u0161t\u00edvit sekci <a href=\"https:\/\/klett.cz\/blog\/archiv-jazykovych-cviceni\/\">Archiv jazykov\u00fdch cvi\u010den\u00ed<\/a>.<\/p>\n<p style=\"text-align: center;\">Zaujaly v\u00e1\u0161 na\u0161e \u010dl\u00e1nky? Je n\u011bco, co v\u00e1m na blogu chyb\u00ed? Za va\u0161e p\u0159ipom\u00ednky a koment\u00e1\u0159e budeme r\u00e1di. Napi\u0161te n\u00e1m na email info@klett.cz. Dal\u0161\u00ed novinky m\u016f\u017eete sledovat na na\u0161em <a href=\"https:\/\/www.facebook.com\/klett.cz\/\">Facebooku<\/a>.<\/p>\n<\/div><\/section><\/div>\n<style type=\"text\/css\" data-created_by=\"avia_inline_auto\" id=\"style-css-av-6ckui-e0758090117c4b42c4809d4582cae77c\">\n.flex_column.av-6ckui-e0758090117c4b42c4809d4582cae77c{\n-webkit-border-radius:0px 0px 0px 0px;\n-moz-border-radius:0px 0px 0px 0px;\nborder-radius:0px 0px 0px 0px;\npadding:0px 0px 0px 0px;\n}\n<\/style>\n<div class='flex_column av-6ckui-e0758090117c4b42c4809d4582cae77c av_one_fifth  avia-builder-el-7  el_after_av_three_fifth  avia-builder-el-last  flex_column_div av-zero-column-padding '     ><\/div><\/div><\/div><\/main><!-- close content main element --><\/div><\/div><div id='after_section_1'  class='main_color av_default_container_wrap container_wrap sidebar_right'  ><div class='container av-section-cont-open' ><div class='template-page content  av-content-small alpha units'><div class='post-entry post-entry-type-page post-entry-86'><div class='entry-content-wrapper clearfix'>\n","protected":false},"excerpt":{"rendered":"","protected":false},"author":2,"featured_media":0,"parent":0,"menu_order":0,"comment_status":"closed","ping_status":"closed","template":"","meta":{"_mi_skip_tracking":false},"_links":{"self":[{"href":"https:\/\/klett.cz\/blog\/wp-json\/wp\/v2\/pages\/86"}],"collection":[{"href":"https:\/\/klett.cz\/blog\/wp-json\/wp\/v2\/pages"}],"about":[{"href":"https:\/\/klett.cz\/blog\/wp-json\/wp\/v2\/types\/page"}],"author":[{"embeddable":true,"href":"https:\/\/klett.cz\/blog\/wp-json\/wp\/v2\/users\/2"}],"replies":[{"embeddable":true,"href":"https:\/\/klett.cz\/blog\/wp-json\/wp\/v2\/comments?post=86"}],"version-history":[{"count":24,"href":"https:\/\/klett.cz\/blog\/wp-json\/wp\/v2\/pages\/86\/revisions"}],"predecessor-version":[{"id":4746,"href":"https:\/\/klett.cz\/blog\/wp-json\/wp\/v2\/pages\/86\/revisions\/4746"}],"wp:attachment":[{"href":"https:\/\/klett.cz\/blog\/wp-json\/wp\/v2\/media?parent=86"}],"curies":[{"name":"wp","href":"https:\/\/api.w.org\/{rel}","templated":true}]}}