{"id":4699,"date":"2020-11-19T11:37:27","date_gmt":"2020-11-19T10:37:27","guid":{"rendered":"http:\/\/klett.cz\/blog\/?page_id=4699"},"modified":"2020-11-19T11:37:27","modified_gmt":"2020-11-19T10:37:27","slug":"jak-pracovat-s-portalem-mcourser-cz","status":"publish","type":"page","link":"https:\/\/klett.cz\/blog\/jak-pracovat-s-portalem-mcourser-cz\/","title":{"rendered":"Jak pracovat s port\u00e1lem mCourser.cz"},"content":{"rendered":"\n<style type=\"text\/css\" data-created_by=\"avia_inline_auto\" id=\"style-css-av-av_one_full-1e26125d131ba13f1accaa8241be1528\">\n.flex_column.av-av_one_full-1e26125d131ba13f1accaa8241be1528{\n-webkit-border-radius:0px 0px 0px 0px;\n-moz-border-radius:0px 0px 0px 0px;\nborder-radius:0px 0px 0px 0px;\npadding:0px 0px 0px 0px;\n}\n<\/style>\n<div class='flex_column av-av_one_full-1e26125d131ba13f1accaa8241be1528 av_one_full  avia-builder-el-0  el_before_av_one_third  avia-builder-el-first  first flex_column_div av-zero-column-padding '     ><section  class='av_textblock_section av-khonkxvw-9b7172ef30679fb593419f6609899716'  itemscope=\"itemscope\" itemtype=\"https:\/\/schema.org\/CreativeWork\" ><div class='avia_textblock'  itemprop=\"text\" ><h1>Jak pracovat s port\u00e1lem mCourser.cz<\/h1>\n<p>Na port\u00e1lu <a href=\"http:\/\/www.mcourser.cz\">mCourser.cz<\/a> najdete plnou interaktivn\u00ed podporu k <a href=\"https:\/\/klett.cz\/blog\/portal-plne-interaktivni-podpory-mcourser-cz\/\">vybran\u00fdm u\u010debn\u00edm sad\u00e1m<\/a>. \u010casto se pt\u00e1te, zda pr\u00e1ce s mCourserem nen\u00ed p\u0159\u00edli\u0161 slo\u017eit\u00e1 \u010di jak s n\u00edm spr\u00e1vn\u011b pracovat. P\u0159ipravili jsme pro v\u00e1s s\u00e9rii vide\u00ed, kter\u00e9 v\u00e1s provedou prac\u00ed s mCourserem krok po kroku a uk\u00e1\u017e\u00ed, jak ho snadno a efektivn\u011b pou\u017e\u00edvat.<\/p>\n<\/div><\/section><\/div>\n<style type=\"text\/css\" data-created_by=\"avia_inline_auto\" id=\"style-css-av-av_one_third-1e26125d131ba13f1accaa8241be1528\">\n.flex_column.av-av_one_third-1e26125d131ba13f1accaa8241be1528{\n-webkit-border-radius:0px 0px 0px 0px;\n-moz-border-radius:0px 0px 0px 0px;\nborder-radius:0px 0px 0px 0px;\npadding:0px 0px 0px 0px;\n}\n<\/style>\n<div class='flex_column av-av_one_third-1e26125d131ba13f1accaa8241be1528 av_one_third  avia-builder-el-2  el_after_av_one_full  el_before_av_one_third  first flex_column_div av-zero-column-padding column-top-margin'     ><style type=\"text\/css\" data-created_by=\"avia_inline_auto\" id=\"style-css-av-khooss7a-f65b4bcca3ca64439c7e8195b6989fe7\">\n.avia-image-container.av-khooss7a-f65b4bcca3ca64439c7e8195b6989fe7 img.avia_image{\nbox-shadow:none;\n}\n.avia-image-container.av-khooss7a-f65b4bcca3ca64439c7e8195b6989fe7 .av-caption-image-overlay-bg{\nopacity:0.4;\nbackground-color:#000000;\n}\n.avia-image-container.av-khooss7a-f65b4bcca3ca64439c7e8195b6989fe7 .av-image-caption-overlay-center{\ncolor:#ffffff;\nfont-size:25px;\n}\n<\/style>\n<div  class='avia-image-container av-khooss7a-f65b4bcca3ca64439c7e8195b6989fe7 av-styling- avia-align-center  avia-builder-el-3  avia-builder-el-no-sibling  noHover av-overlay-hover-deactivate'   itemprop=\"image\" itemscope=\"itemscope\" itemtype=\"https:\/\/schema.org\/ImageObject\" ><div class=\"avia-image-container-inner\"><div class=\"avia-image-overlay-wrap\"><a href=\"https:\/\/s3-eu-west-1.amazonaws.com\/rokus-video-transcode\/player\/index.html?video=cz\/1_mcourser_registrace\/stream\" class='avia_image' target=\"_blank\" rel=\"noopener noreferrer\"><div class=\"av-image-caption-overlay\"><div class=\"av-caption-image-overlay-bg\"><\/div><div class=\"av-image-caption-overlay-position\"><div class=\"av-image-caption-overlay-center\"><p>REGISTRACE<\/p>\n<\/div><\/div><\/div><img class='wp-image-4750 avia-img-lazy-loading-not-4750 avia_image ' src='https:\/\/klett.cz\/blog\/wp-content\/uploads\/Dlaz\u030cdice-blog_mCourser-1.png' alt='' title='Dlaz\u030cdice blog_mCourser (1)'  height=\"420\" width=\"660\"  itemprop=\"thumbnailUrl\"  \/><\/a><\/div><\/div><\/div><\/div>\n<style type=\"text\/css\" data-created_by=\"avia_inline_auto\" id=\"style-css-av-av_one_third-da852e3ef3e55b029d2629c41a20524d\">\n.flex_column.av-av_one_third-da852e3ef3e55b029d2629c41a20524d{\n-webkit-border-radius:0px 0px 0px 0px;\n-moz-border-radius:0px 0px 0px 0px;\nborder-radius:0px 0px 0px 0px;\npadding:0px 0px 0px 0px;\n}\n<\/style>\n<div class='flex_column av-av_one_third-da852e3ef3e55b029d2629c41a20524d av_one_third  avia-builder-el-4  el_after_av_one_third  el_before_av_one_third  flex_column_div av-zero-column-padding column-top-margin'     ><style type=\"text\/css\" data-created_by=\"avia_inline_auto\" id=\"style-css-av-khooss7a-9151dde29d6803d67af6ea3e4e8c7169\">\n.avia-image-container.av-khooss7a-9151dde29d6803d67af6ea3e4e8c7169 img.avia_image{\nbox-shadow:none;\n}\n.avia-image-container.av-khooss7a-9151dde29d6803d67af6ea3e4e8c7169 .av-caption-image-overlay-bg{\nopacity:0.4;\nbackground-color:#000000;\n}\n.avia-image-container.av-khooss7a-9151dde29d6803d67af6ea3e4e8c7169 .av-image-caption-overlay-center{\ncolor:#ffffff;\nfont-size:25px;\n}\n<\/style>\n<div  class='avia-image-container av-khooss7a-9151dde29d6803d67af6ea3e4e8c7169 av-styling- avia-align-center  avia-builder-el-5  avia-builder-el-no-sibling  noHover av-overlay-hover-deactivate'   itemprop=\"image\" itemscope=\"itemscope\" itemtype=\"https:\/\/schema.org\/ImageObject\" ><div class=\"avia-image-container-inner\"><div class=\"avia-image-overlay-wrap\"><a href=\"https:\/\/s3-eu-west-1.amazonaws.com\/rokus-video-transcode\/player\/index.html?video=cz\/2_mcourser_ztracene_heslo_a_u_ivatelske_jmeno\/stream\" class='avia_image' target=\"_blank\" rel=\"noopener noreferrer\"><div class=\"av-image-caption-overlay\"><div class=\"av-caption-image-overlay-bg\"><\/div><div class=\"av-image-caption-overlay-position\"><div class=\"av-image-caption-overlay-center\"><p>ZTRACEN\u00c9 HESLO<br \/>\nA U\u017dIVATELSK\u00c9 JM\u00c9NO<\/p>\n<\/div><\/div><\/div><img class='wp-image-4750 avia-img-lazy-loading-not-4750 avia_image ' src='https:\/\/klett.cz\/blog\/wp-content\/uploads\/Dlaz\u030cdice-blog_mCourser-1.png' alt='' title='Dlaz\u030cdice blog_mCourser (1)'  height=\"420\" width=\"660\"  itemprop=\"thumbnailUrl\"  \/><\/a><\/div><\/div><\/div><\/div>\n<style type=\"text\/css\" data-created_by=\"avia_inline_auto\" id=\"style-css-av-av_one_third-da852e3ef3e55b029d2629c41a20524d\">\n.flex_column.av-av_one_third-da852e3ef3e55b029d2629c41a20524d{\n-webkit-border-radius:0px 0px 0px 0px;\n-moz-border-radius:0px 0px 0px 0px;\nborder-radius:0px 0px 0px 0px;\npadding:0px 0px 0px 0px;\n}\n<\/style>\n<div class='flex_column av-av_one_third-da852e3ef3e55b029d2629c41a20524d av_one_third  avia-builder-el-6  el_after_av_one_third  el_before_av_one_third  flex_column_div av-zero-column-padding column-top-margin'     ><style type=\"text\/css\" data-created_by=\"avia_inline_auto\" id=\"style-css-av-khooss7a-b3f00f2563eb45235ff35cabfd2fb64c\">\n.avia-image-container.av-khooss7a-b3f00f2563eb45235ff35cabfd2fb64c img.avia_image{\nbox-shadow:none;\n}\n.avia-image-container.av-khooss7a-b3f00f2563eb45235ff35cabfd2fb64c .av-caption-image-overlay-bg{\nopacity:0.4;\nbackground-color:#000000;\n}\n.avia-image-container.av-khooss7a-b3f00f2563eb45235ff35cabfd2fb64c .av-image-caption-overlay-center{\ncolor:#ffffff;\nfont-size:25px;\n}\n<\/style>\n<div  class='avia-image-container av-khooss7a-b3f00f2563eb45235ff35cabfd2fb64c av-styling- avia-align-center  avia-builder-el-7  avia-builder-el-no-sibling  noHover av-overlay-hover-deactivate'   itemprop=\"image\" itemscope=\"itemscope\" itemtype=\"https:\/\/schema.org\/ImageObject\" ><div class=\"avia-image-container-inner\"><div class=\"avia-image-overlay-wrap\"><a href=\"https:\/\/s3-eu-west-1.amazonaws.com\/rokus-video-transcode\/player\/index.html?video=cz\/3_mcourser_aktivace_interaktivky_bloggers\/stream\" class='avia_image' target=\"_blank\" rel=\"noopener noreferrer\"><div class=\"av-image-caption-overlay\"><div class=\"av-caption-image-overlay-bg\"><\/div><div class=\"av-image-caption-overlay-position\"><div class=\"av-image-caption-overlay-center\"><p>AKTIVACE INTERAKTIVN\u00cd U\u010cEBNICE<\/p>\n<\/div><\/div><\/div><img class='wp-image-4750 avia-img-lazy-loading-not-4750 avia_image ' src='https:\/\/klett.cz\/blog\/wp-content\/uploads\/Dlaz\u030cdice-blog_mCourser-1.png' alt='' title='Dlaz\u030cdice blog_mCourser (1)'  height=\"420\" width=\"660\"  itemprop=\"thumbnailUrl\"  \/><\/a><\/div><\/div><\/div><\/div>\n<style type=\"text\/css\" data-created_by=\"avia_inline_auto\" id=\"style-css-av-av_one_third-1e26125d131ba13f1accaa8241be1528\">\n.flex_column.av-av_one_third-1e26125d131ba13f1accaa8241be1528{\n-webkit-border-radius:0px 0px 0px 0px;\n-moz-border-radius:0px 0px 0px 0px;\nborder-radius:0px 0px 0px 0px;\npadding:0px 0px 0px 0px;\n}\n<\/style>\n<div class='flex_column av-av_one_third-1e26125d131ba13f1accaa8241be1528 av_one_third  avia-builder-el-8  el_after_av_one_third  el_before_av_one_third  first flex_column_div av-zero-column-padding column-top-margin'     ><style type=\"text\/css\" data-created_by=\"avia_inline_auto\" id=\"style-css-av-khooss7a-9ee5f770bd6abda4b28610c011ef947f\">\n.avia-image-container.av-khooss7a-9ee5f770bd6abda4b28610c011ef947f img.avia_image{\nbox-shadow:none;\n}\n.avia-image-container.av-khooss7a-9ee5f770bd6abda4b28610c011ef947f .av-caption-image-overlay-bg{\nopacity:0.4;\nbackground-color:#000000;\n}\n.avia-image-container.av-khooss7a-9ee5f770bd6abda4b28610c011ef947f .av-image-caption-overlay-center{\ncolor:#ffffff;\nfont-size:25px;\n}\n<\/style>\n<div  class='avia-image-container av-khooss7a-9ee5f770bd6abda4b28610c011ef947f av-styling- avia-align-center  avia-builder-el-9  avia-builder-el-no-sibling  noHover av-overlay-hover-deactivate'   itemprop=\"image\" itemscope=\"itemscope\" itemtype=\"https:\/\/schema.org\/ImageObject\" ><div class=\"avia-image-container-inner\"><div class=\"avia-image-overlay-wrap\"><a href=\"https:\/\/s3-eu-west-1.amazonaws.com\/rokus-video-transcode\/player\/index.html?video=cz\/4_mcourser_propojeni_ak_a_u_itel\/stream\" class='avia_image' target=\"_blank\" rel=\"noopener noreferrer\"><div class=\"av-image-caption-overlay\"><div class=\"av-caption-image-overlay-bg\"><\/div><div class=\"av-image-caption-overlay-position\"><div class=\"av-image-caption-overlay-center\"><p>PROPOJEN\u00cd \u017d\u00c1KA<br \/>\nA U\u010cITELE<\/p>\n<\/div><\/div><\/div><img class='wp-image-4750 avia-img-lazy-loading-not-4750 avia_image ' src='https:\/\/klett.cz\/blog\/wp-content\/uploads\/Dlaz\u030cdice-blog_mCourser-1.png' alt='' title='Dlaz\u030cdice blog_mCourser (1)'  height=\"420\" width=\"660\"  itemprop=\"thumbnailUrl\"  \/><\/a><\/div><\/div><\/div><\/div>\n<style type=\"text\/css\" data-created_by=\"avia_inline_auto\" id=\"style-css-av-av_one_third-da852e3ef3e55b029d2629c41a20524d\">\n.flex_column.av-av_one_third-da852e3ef3e55b029d2629c41a20524d{\n-webkit-border-radius:0px 0px 0px 0px;\n-moz-border-radius:0px 0px 0px 0px;\nborder-radius:0px 0px 0px 0px;\npadding:0px 0px 0px 0px;\n}\n<\/style>\n<div class='flex_column av-av_one_third-da852e3ef3e55b029d2629c41a20524d av_one_third  avia-builder-el-10  el_after_av_one_third  el_before_av_one_third  flex_column_div av-zero-column-padding column-top-margin'     ><style type=\"text\/css\" data-created_by=\"avia_inline_auto\" id=\"style-css-av-khooss7a-545be0da150cd1265f1745f522c36303\">\n.avia-image-container.av-khooss7a-545be0da150cd1265f1745f522c36303 img.avia_image{\nbox-shadow:none;\n}\n.avia-image-container.av-khooss7a-545be0da150cd1265f1745f522c36303 .av-caption-image-overlay-bg{\nopacity:0.4;\nbackground-color:#000000;\n}\n.avia-image-container.av-khooss7a-545be0da150cd1265f1745f522c36303 .av-image-caption-overlay-center{\ncolor:#ffffff;\nfont-size:25px;\n}\n<\/style>\n<div  class='avia-image-container av-khooss7a-545be0da150cd1265f1745f522c36303 av-styling- avia-align-center  avia-builder-el-11  avia-builder-el-no-sibling  noHover av-overlay-hover-deactivate'   itemprop=\"image\" itemscope=\"itemscope\" itemtype=\"https:\/\/schema.org\/ImageObject\" ><div class=\"avia-image-container-inner\"><div class=\"avia-image-overlay-wrap\"><a href=\"https:\/\/s3-eu-west-1.amazonaws.com\/rokus-video-transcode\/player\/index.html?video=cz\/5_mcourser_spu_t_ni_interaktivky_bloggers\/stream\" class='avia_image' target=\"_blank\" rel=\"noopener noreferrer\"><div class=\"av-image-caption-overlay\"><div class=\"av-caption-image-overlay-bg\"><\/div><div class=\"av-image-caption-overlay-position\"><div class=\"av-image-caption-overlay-center\"><p>SPU\u0160T\u011aN\u00cd INTERAKTIVN\u00cd U\u010cEBNICE<\/p>\n<\/div><\/div><\/div><img class='wp-image-4750 avia-img-lazy-loading-not-4750 avia_image ' src='https:\/\/klett.cz\/blog\/wp-content\/uploads\/Dlaz\u030cdice-blog_mCourser-1.png' alt='' title='Dlaz\u030cdice blog_mCourser (1)'  height=\"420\" width=\"660\"  itemprop=\"thumbnailUrl\"  \/><\/a><\/div><\/div><\/div><\/div>\n<style type=\"text\/css\" data-created_by=\"avia_inline_auto\" id=\"style-css-av-av_one_third-da852e3ef3e55b029d2629c41a20524d\">\n.flex_column.av-av_one_third-da852e3ef3e55b029d2629c41a20524d{\n-webkit-border-radius:0px 0px 0px 0px;\n-moz-border-radius:0px 0px 0px 0px;\nborder-radius:0px 0px 0px 0px;\npadding:0px 0px 0px 0px;\n}\n<\/style>\n<div class='flex_column av-av_one_third-da852e3ef3e55b029d2629c41a20524d av_one_third  avia-builder-el-12  el_after_av_one_third  el_before_av_one_third  flex_column_div av-zero-column-padding column-top-margin'     ><style type=\"text\/css\" data-created_by=\"avia_inline_auto\" id=\"style-css-av-khooss7a-9c7609225230bb256445a421cf26c906\">\n.avia-image-container.av-khooss7a-9c7609225230bb256445a421cf26c906 img.avia_image{\nbox-shadow:none;\n}\n.avia-image-container.av-khooss7a-9c7609225230bb256445a421cf26c906 .av-caption-image-overlay-bg{\nopacity:0.4;\nbackground-color:#000000;\n}\n.avia-image-container.av-khooss7a-9c7609225230bb256445a421cf26c906 .av-image-caption-overlay-center{\ncolor:#ffffff;\nfont-size:25px;\n}\n<\/style>\n<div  class='avia-image-container av-khooss7a-9c7609225230bb256445a421cf26c906 av-styling- avia-align-center  avia-builder-el-13  avia-builder-el-no-sibling  noHover av-overlay-hover-deactivate'   itemprop=\"image\" itemscope=\"itemscope\" itemtype=\"https:\/\/schema.org\/ImageObject\" ><div class=\"avia-image-container-inner\"><div class=\"avia-image-overlay-wrap\"><a href=\"https:\/\/s3-eu-west-1.amazonaws.com\/rokus-video-transcode\/player\/index.html?video=cz\/6_mcourser_zadani_domaciho_ukolu_bloggers\/stream\" class='avia_image' target=\"_blank\" rel=\"noopener noreferrer\"><div class=\"av-image-caption-overlay\"><div class=\"av-caption-image-overlay-bg\"><\/div><div class=\"av-image-caption-overlay-position\"><div class=\"av-image-caption-overlay-center\"><p>ZAD\u00c1N\u00cd DOM\u00c1C\u00cdHO \u00daKOLU<\/p>\n<\/div><\/div><\/div><img class='wp-image-4750 avia-img-lazy-loading-not-4750 avia_image ' src='https:\/\/klett.cz\/blog\/wp-content\/uploads\/Dlaz\u030cdice-blog_mCourser-1.png' alt='' title='Dlaz\u030cdice blog_mCourser (1)'  height=\"420\" width=\"660\"  itemprop=\"thumbnailUrl\"  \/><\/a><\/div><\/div><\/div><\/div>\n<style type=\"text\/css\" data-created_by=\"avia_inline_auto\" id=\"style-css-av-av_one_third-1e26125d131ba13f1accaa8241be1528\">\n.flex_column.av-av_one_third-1e26125d131ba13f1accaa8241be1528{\n-webkit-border-radius:0px 0px 0px 0px;\n-moz-border-radius:0px 0px 0px 0px;\nborder-radius:0px 0px 0px 0px;\npadding:0px 0px 0px 0px;\n}\n<\/style>\n<div class='flex_column av-av_one_third-1e26125d131ba13f1accaa8241be1528 av_one_third  avia-builder-el-14  el_after_av_one_third  el_before_av_one_third  first flex_column_div av-zero-column-padding column-top-margin'     ><style type=\"text\/css\" data-created_by=\"avia_inline_auto\" id=\"style-css-av-khooss7a-8081613d752921449737e5d6fa783525\">\n.avia-image-container.av-khooss7a-8081613d752921449737e5d6fa783525 img.avia_image{\nbox-shadow:none;\n}\n.avia-image-container.av-khooss7a-8081613d752921449737e5d6fa783525 .av-caption-image-overlay-bg{\nopacity:0.4;\nbackground-color:#000000;\n}\n.avia-image-container.av-khooss7a-8081613d752921449737e5d6fa783525 .av-image-caption-overlay-center{\ncolor:#ffffff;\nfont-size:25px;\n}\n<\/style>\n<div  class='avia-image-container av-khooss7a-8081613d752921449737e5d6fa783525 av-styling- avia-align-center  avia-builder-el-15  avia-builder-el-no-sibling  noHover av-overlay-hover-deactivate'   itemprop=\"image\" itemscope=\"itemscope\" itemtype=\"https:\/\/schema.org\/ImageObject\" ><div class=\"avia-image-container-inner\"><div class=\"avia-image-overlay-wrap\"><a href=\"https:\/\/s3-eu-west-1.amazonaws.com\/rokus-video-transcode\/player\/index.html?video=cz\/7_mcourser_vypln_ni_domaciho_ukolu_bloggers\/stream\" class='avia_image' target=\"_blank\" rel=\"noopener noreferrer\"><div class=\"av-image-caption-overlay\"><div class=\"av-caption-image-overlay-bg\"><\/div><div class=\"av-image-caption-overlay-position\"><div class=\"av-image-caption-overlay-center\"><p>VYPLN\u011aN\u00cd DOM\u00c1C\u00cdHO \u00daKOLU<\/p>\n<\/div><\/div><\/div><img class='wp-image-4750 avia-img-lazy-loading-not-4750 avia_image ' src='https:\/\/klett.cz\/blog\/wp-content\/uploads\/Dlaz\u030cdice-blog_mCourser-1.png' alt='' title='Dlaz\u030cdice blog_mCourser (1)'  height=\"420\" width=\"660\"  itemprop=\"thumbnailUrl\"  \/><\/a><\/div><\/div><\/div><\/div>\n<style type=\"text\/css\" data-created_by=\"avia_inline_auto\" id=\"style-css-av-av_one_third-da852e3ef3e55b029d2629c41a20524d\">\n.flex_column.av-av_one_third-da852e3ef3e55b029d2629c41a20524d{\n-webkit-border-radius:0px 0px 0px 0px;\n-moz-border-radius:0px 0px 0px 0px;\nborder-radius:0px 0px 0px 0px;\npadding:0px 0px 0px 0px;\n}\n<\/style>\n<div class='flex_column av-av_one_third-da852e3ef3e55b029d2629c41a20524d av_one_third  avia-builder-el-16  el_after_av_one_third  el_before_av_one_third  flex_column_div av-zero-column-padding column-top-margin'     ><style type=\"text\/css\" data-created_by=\"avia_inline_auto\" id=\"style-css-av-khooss7a-2a4bbc668c2ba16f74549cf41164faaa\">\n.avia-image-container.av-khooss7a-2a4bbc668c2ba16f74549cf41164faaa img.avia_image{\nbox-shadow:none;\n}\n.avia-image-container.av-khooss7a-2a4bbc668c2ba16f74549cf41164faaa .av-caption-image-overlay-bg{\nopacity:0.4;\nbackground-color:#000000;\n}\n.avia-image-container.av-khooss7a-2a4bbc668c2ba16f74549cf41164faaa .av-image-caption-overlay-center{\ncolor:#ffffff;\nfont-size:25px;\n}\n<\/style>\n<div  class='avia-image-container av-khooss7a-2a4bbc668c2ba16f74549cf41164faaa av-styling- avia-align-center  avia-builder-el-17  avia-builder-el-no-sibling  noHover av-overlay-hover-deactivate'   itemprop=\"image\" itemscope=\"itemscope\" itemtype=\"https:\/\/schema.org\/ImageObject\" ><div class=\"avia-image-container-inner\"><div class=\"avia-image-overlay-wrap\"><a href=\"https:\/\/s3-eu-west-1.amazonaws.com\/rokus-video-transcode\/player\/index.html?video=cz\/8_mcourser_zobrazeni_statistik_bloggers\/stream\" class='avia_image' target=\"_blank\" rel=\"noopener noreferrer\"><div class=\"av-image-caption-overlay\"><div class=\"av-caption-image-overlay-bg\"><\/div><div class=\"av-image-caption-overlay-position\"><div class=\"av-image-caption-overlay-center\"><p>ZOBRAZEN\u00cd STATISTIK<\/p>\n<\/div><\/div><\/div><img class='wp-image-4750 avia-img-lazy-loading-not-4750 avia_image ' src='https:\/\/klett.cz\/blog\/wp-content\/uploads\/Dlaz\u030cdice-blog_mCourser-1.png' alt='' title='Dlaz\u030cdice blog_mCourser (1)'  height=\"420\" width=\"660\"  itemprop=\"thumbnailUrl\"  \/><\/a><\/div><\/div><\/div><\/div>\n<style type=\"text\/css\" data-created_by=\"avia_inline_auto\" id=\"style-css-av-av_one_third-da852e3ef3e55b029d2629c41a20524d\">\n.flex_column.av-av_one_third-da852e3ef3e55b029d2629c41a20524d{\n-webkit-border-radius:0px 0px 0px 0px;\n-moz-border-radius:0px 0px 0px 0px;\nborder-radius:0px 0px 0px 0px;\npadding:0px 0px 0px 0px;\n}\n<\/style>\n<div class='flex_column av-av_one_third-da852e3ef3e55b029d2629c41a20524d av_one_third  avia-builder-el-18  el_after_av_one_third  avia-builder-el-last  flex_column_div av-zero-column-padding column-top-margin'     ><style type=\"text\/css\" data-created_by=\"avia_inline_auto\" id=\"style-css-av-khooss7a-9fc6042a3bde6a25be3b3ffa941ca98e\">\n.avia-image-container.av-khooss7a-9fc6042a3bde6a25be3b3ffa941ca98e img.avia_image{\nbox-shadow:none;\n}\n.avia-image-container.av-khooss7a-9fc6042a3bde6a25be3b3ffa941ca98e .av-caption-image-overlay-bg{\nopacity:0.4;\nbackground-color:#000000;\n}\n.avia-image-container.av-khooss7a-9fc6042a3bde6a25be3b3ffa941ca98e .av-image-caption-overlay-center{\ncolor:#ffffff;\nfont-size:25px;\n}\n<\/style>\n<div  class='avia-image-container av-khooss7a-9fc6042a3bde6a25be3b3ffa941ca98e av-styling- avia-align-center  avia-builder-el-19  avia-builder-el-no-sibling  noHover av-overlay-hover-deactivate'   itemprop=\"image\" itemscope=\"itemscope\" itemtype=\"https:\/\/schema.org\/ImageObject\" ><div class=\"avia-image-container-inner\"><div class=\"avia-image-overlay-wrap\"><a href=\"https:\/\/s3-eu-west-1.amazonaws.com\/rokus-video-transcode\/player\/index.html?video=cz\/9_mcourser_messenger_a_chat\/stream\" class='avia_image' target=\"_blank\" rel=\"noopener noreferrer\"><div class=\"av-image-caption-overlay\"><div class=\"av-caption-image-overlay-bg\"><\/div><div class=\"av-image-caption-overlay-position\"><div class=\"av-image-caption-overlay-center\"><p>MESSENGER A CHAT<\/p>\n<\/div><\/div><\/div><img class='wp-image-4750 avia-img-lazy-loading-not-4750 avia_image ' src='https:\/\/klett.cz\/blog\/wp-content\/uploads\/Dlaz\u030cdice-blog_mCourser-1.png' alt='' title='Dlaz\u030cdice blog_mCourser (1)'  height=\"420\" width=\"660\"  itemprop=\"thumbnailUrl\"  \/><\/a><\/div><\/div><\/div><\/div><\/p>\n","protected":false},"excerpt":{"rendered":"","protected":false},"author":7,"featured_media":0,"parent":0,"menu_order":0,"comment_status":"closed","ping_status":"closed","template":"","meta":{"_mi_skip_tracking":false},"_links":{"self":[{"href":"https:\/\/klett.cz\/blog\/wp-json\/wp\/v2\/pages\/4699"}],"collection":[{"href":"https:\/\/klett.cz\/blog\/wp-json\/wp\/v2\/pages"}],"about":[{"href":"https:\/\/klett.cz\/blog\/wp-json\/wp\/v2\/types\/page"}],"author":[{"embeddable":true,"href":"https:\/\/klett.cz\/blog\/wp-json\/wp\/v2\/users\/7"}],"replies":[{"embeddable":true,"href":"https:\/\/klett.cz\/blog\/wp-json\/wp\/v2\/comments?post=4699"}],"version-history":[{"count":6,"href":"https:\/\/klett.cz\/blog\/wp-json\/wp\/v2\/pages\/4699\/revisions"}],"predecessor-version":[{"id":4755,"href":"https:\/\/klett.cz\/blog\/wp-json\/wp\/v2\/pages\/4699\/revisions\/4755"}],"wp:attachment":[{"href":"https:\/\/klett.cz\/blog\/wp-json\/wp\/v2\/media?parent=4699"}],"curies":[{"name":"wp","href":"https:\/\/api.w.org\/{rel}","templated":true}]}}