{"id":4478,"date":"2020-09-26T13:36:53","date_gmt":"2020-09-26T11:36:53","guid":{"rendered":"http:\/\/klett.cz\/blog\/?page_id=4478"},"modified":"2020-10-15T16:35:17","modified_gmt":"2020-10-15T14:35:17","slug":"webinare-klett-nakladatelstvi","status":"publish","type":"page","link":"https:\/\/klett.cz\/blog\/webinare-klett-nakladatelstvi\/","title":{"rendered":"Webin\u00e1\u0159e Klett nakladatelstv\u00ed"},"content":{"rendered":"\n<style type=\"text\/css\" data-created_by=\"avia_inline_auto\" id=\"style-css-av-g89m8u-6b8e377e66ce795c3e0ca57d6e7f128a\">\n.flex_column.av-g89m8u-6b8e377e66ce795c3e0ca57d6e7f128a{\n-webkit-border-radius:0px 0px 0px 0px;\n-moz-border-radius:0px 0px 0px 0px;\nborder-radius:0px 0px 0px 0px;\npadding:0px 0px 0px 0px;\n}\n<\/style>\n<div class='flex_column av-g89m8u-6b8e377e66ce795c3e0ca57d6e7f128a av_one_full  avia-builder-el-0  el_before_av_one_full  avia-builder-el-first  first flex_column_div av-zero-column-padding '     ><section  class='av_textblock_section av-kfjjqfc6-ab6059e49010ee32cf64292ecb7f4094'  itemscope=\"itemscope\" itemtype=\"https:\/\/schema.org\/CreativeWork\" ><div class='avia_textblock'  itemprop=\"text\" ><h1>Webin\u00e1\u0159e Klett nakladatelstv\u00ed<\/h1>\n<p>Webin\u00e1\u0159e pro u\u010ditele n\u011bmeck\u00e9ho, rusk\u00e9ho a anglick\u00e9ho jazyka prob\u00edhaj\u00ed oby\u010dejn\u011b od z\u00e1\u0159\u00ed do kv\u011btna, tj. t\u00e9m\u011b\u0159 po celou dobu trv\u00e1n\u00ed \u0161koln\u00edho roku. Webin\u00e1\u0159e zaji\u0161\u0165uj\u00ed zku\u0161en\u00e9 lektorky s\u00a0mnohaletou prax\u00ed v\u00fduky ciz\u00edch jazyk\u016f na z\u00e1kladn\u00edch a st\u0159edn\u00edch \u0161kol\u00e1ch. Prost\u0159ed\u00ed, ve kter\u00e9m webin\u00e1\u0159e prob\u00edhaj\u00ed, se jmenuje <u>ClickMeeting<\/u>. Jedn\u00e1 se o jednoduchou a stabiln\u00ed platformu, kter\u00e1 je p\u0159\u00edmo ur\u010dena pro tento typ videop\u0159enos\u016f. Lektor m\u00e1 v\u017edy zapnut\u00e9 video i audio, \u00fa\u010dastn\u00edk si m\u016f\u017ee zvolit dle sv\u00e9 vlastn\u00ed preference.<\/p>\n<p>Webin\u00e1\u0159\u016f se mohou \u00fa\u010dastnit jak vyu\u010duj\u00edc\u00ed, kte\u0159\u00ed b\u011bhem v\u00fduky pou\u017e\u00edvaj\u00ed u\u010debnice Klett nakladatelstv\u00ed, tak i ti, kte\u0159\u00ed je nevyu\u017e\u00edvaj\u00ed. Po\u010det \u00fa\u010dastn\u00edk\u016f je omezen. Pokud je napln\u011bna kapacita webin\u00e1\u0159e, nen\u00ed mo\u017en\u00e9 ji\u017e p\u0159ij\u00edmat nov\u00e9 z\u00e1jemce.<\/p>\n<\/div><\/section><\/div>\n\n<style type=\"text\/css\" data-created_by=\"avia_inline_auto\" id=\"style-css-av-el6zlq-9c405231dba595d816c97a6c789679b6\">\n.flex_column.av-el6zlq-9c405231dba595d816c97a6c789679b6{\n-webkit-border-radius:0px 0px 0px 0px;\n-moz-border-radius:0px 0px 0px 0px;\nborder-radius:0px 0px 0px 0px;\npadding:0px 0px 0px 0px;\n}\n<\/style>\n<div class='flex_column av-el6zlq-9c405231dba595d816c97a6c789679b6 av_one_full  avia-builder-el-2  el_after_av_one_full  el_before_av_one_full  first flex_column_div av-zero-column-padding column-top-margin'     ><style type=\"text\/css\" data-created_by=\"avia_inline_auto\" id=\"style-css-av-kfjjrn4s-3ecb0acac60f9bcb2555e284bd0d0fba\">\n.avia-image-container.av-kfjjrn4s-3ecb0acac60f9bcb2555e284bd0d0fba img.avia_image{\nbox-shadow:none;\n}\n.avia-image-container.av-kfjjrn4s-3ecb0acac60f9bcb2555e284bd0d0fba .av-image-caption-overlay-center{\ncolor:#ffffff;\n}\n<\/style>\n<div  class='avia-image-container av-kfjjrn4s-3ecb0acac60f9bcb2555e284bd0d0fba av-styling- avia-align-center  avia-builder-el-3  avia-builder-el-no-sibling '   itemprop=\"image\" itemscope=\"itemscope\" itemtype=\"https:\/\/schema.org\/ImageObject\" ><div class=\"avia-image-container-inner\"><div class=\"avia-image-overlay-wrap\"><img class='wp-image-4445 avia-img-lazy-loading-not-4445 avia_image ' src='https:\/\/klett.cz\/blog\/wp-content\/uploads\/Na\u0301vrh-bez-na\u0301zvu-7.png' alt='' title='Na\u0301vrh bez na\u0301zvu (7)'  height=\"420\" width=\"660\"  itemprop=\"thumbnailUrl\"  \/><\/div><\/div><\/div><\/div>\n\n<style type=\"text\/css\" data-created_by=\"avia_inline_auto\" id=\"style-css-av-bziuzy-85a7c85e72c602bd64162fb567df3b85\">\n.flex_column.av-bziuzy-85a7c85e72c602bd64162fb567df3b85{\n-webkit-border-radius:0px 0px 0px 0px;\n-moz-border-radius:0px 0px 0px 0px;\nborder-radius:0px 0px 0px 0px;\npadding:0px 0px 0px 0px;\n}\n<\/style>\n<div class='flex_column av-bziuzy-85a7c85e72c602bd64162fb567df3b85 av_one_full  avia-builder-el-4  el_after_av_one_full  el_before_av_one_half  first flex_column_div av-zero-column-padding column-top-margin'     ><section  class='av_textblock_section av-kfjju151-96f67e389c996c6cd4def683b9f39b51'  itemscope=\"itemscope\" itemtype=\"https:\/\/schema.org\/CreativeWork\" ><div class='avia_textblock'  itemprop=\"text\" ><p>Nab\u00edz\u00edme\u00a0n\u011bkolik typ\u016f webin\u00e1\u0159\u016f:<\/p>\n<h2><strong>Akreditovan\u00e9 webin\u00e1\u0159e<\/strong><\/h2>\n<p>Akreditovan\u00e9 webin\u00e1\u0159e zpravidla prob\u00edhaj\u00ed od \u0159\u00edjna do dubna. V sou\u010dasn\u00e9 dob\u011b jsou p\u0159ipraveny pro n\u011bmeck\u00fd a rusk\u00fd jazyk. Jedn\u00e1 se o webin\u00e1\u0159e, kter\u00e9 jsou rozd\u011bleny do dvou \u010d\u00e1st\u00ed. Ka\u017ed\u00e1 z t\u011bchto \u010d\u00e1st\u00ed trv\u00e1 90 minut (2 x 45 minut), p\u0159i\u010dem\u017e pro zd\u00e1rn\u00e9 dokon\u010den\u00ed webin\u00e1\u0159e je pot\u0159eba z\u00fa\u010dastnit se prvn\u00ed i druh\u00e9 navazuj\u00edc\u00ed \u010d\u00e1sti. Vzhledem k tomu, \u017ee kapacita akreditovan\u00fdch webin\u00e1\u0159\u016f je v\u00fdrazn\u011bji omezena, doporu\u010dujeme okam\u017eitou registraci, tj. ihned po obdr\u017een\u00ed pozv\u00e1nky.<\/p>\n<p>Webin\u00e1\u0159e jsou zpoplatn\u011bny, nen\u00ed-li uvedeno jinak. Fakturu obvykle odes\u00edl\u00e1me na adresu \u0161koly cca 7 dn\u00ed po registraci na dan\u00fd webin\u00e1\u0159. Podm\u00ednkou \u00fa\u010dasti na webin\u00e1\u0159i je zaplacen\u00fd \u00fa\u010dastnick\u00fd poplatek. Ka\u017ed\u00fd \u00fa\u010dastn\u00edk obdr\u017e\u00ed po jeho absolvov\u00e1n\u00ed certifik\u00e1t.<\/p>\n<\/div><\/section><\/div>\n<style type=\"text\/css\" data-created_by=\"avia_inline_auto\" id=\"style-css-av-b8xfem-769404b11ed546610104a7236280f481\">\n.flex_column.av-b8xfem-769404b11ed546610104a7236280f481{\n-webkit-border-radius:0px 0px 0px 0px;\n-moz-border-radius:0px 0px 0px 0px;\nborder-radius:0px 0px 0px 0px;\npadding:0px 0px 0px 0px;\n}\n<\/style>\n<div class='flex_column av-b8xfem-769404b11ed546610104a7236280f481 av_one_half  avia-builder-el-6  el_after_av_one_full  el_before_av_one_half  first flex_column_div av-zero-column-padding column-top-margin'     ><div  class='avia-button-wrap av-kfjkf4ja-df32bab642f7ca73996c0c86023c02b8-wrap avia-button-center  avia-builder-el-7  avia-builder-el-no-sibling '><a href='https:\/\/klett.cz\/seminare\/index.php?id=55' class='avia-button av-kfjkf4ja-df32bab642f7ca73996c0c86023c02b8 avia-icon_select-no avia-size-x-large avia-position-center avia-color-theme-color' target=\"_blank\" rel=\"noopener noreferrer\"><span class='avia_iconbox_title' >Akreditovan\u00e9 webin\u00e1\u0159e pro n\u011bm\u010din\u00e1\u0159e<\/span><\/a><\/div><\/div><\/p>\n\n<style type=\"text\/css\" data-created_by=\"avia_inline_auto\" id=\"style-css-av-8uy7xq-9b26b7b07ee1cccc097793703a36b746\">\n.flex_column.av-8uy7xq-9b26b7b07ee1cccc097793703a36b746{\n-webkit-border-radius:0px 0px 0px 0px;\n-moz-border-radius:0px 0px 0px 0px;\nborder-radius:0px 0px 0px 0px;\npadding:0px 0px 0px 0px;\n}\n<\/style>\n<div class='flex_column av-8uy7xq-9b26b7b07ee1cccc097793703a36b746 av_one_half  avia-builder-el-8  el_after_av_one_half  el_before_av_hr  flex_column_div av-zero-column-padding column-top-margin'     ><div  class='avia-button-wrap av-kfjkf4ja-15983e0aa124837aeb3f9cc6c89df565-wrap avia-button-center  avia-builder-el-9  avia-builder-el-no-sibling '><a href='https:\/\/klett.cz\/seminare\/index.php?id=56' class='avia-button av-kfjkf4ja-15983e0aa124837aeb3f9cc6c89df565 avia-icon_select-no avia-size-x-large avia-position-center avia-color-theme-color' target=\"_blank\" rel=\"noopener noreferrer\"><span class='avia_iconbox_title' >Akreditovan\u00e9 webin\u00e1\u0159e pro ru\u0161tin\u00e1\u0159e<\/span><\/a><\/div><\/div>\n\n<style type=\"text\/css\" data-created_by=\"avia_inline_auto\" id=\"style-css-av-kfjll9z6-2531d950f54056b87cd67b5a66f00c65\">\n#top .hr.hr-invisible.av-kfjll9z6-2531d950f54056b87cd67b5a66f00c65{\nheight:80px;\n}\n<\/style>\n<div  class='hr av-kfjll9z6-2531d950f54056b87cd67b5a66f00c65 hr-invisible  avia-builder-el-10  el_after_av_one_half  el_before_av_one_full '><span class='hr-inner '><span class=\"hr-inner-style\"><\/span><\/span><\/div>\n\n<style type=\"text\/css\" data-created_by=\"avia_inline_auto\" id=\"style-css-av-6vzcmm-04740d8e78f97f746943818b07749f8c\">\n.flex_column.av-6vzcmm-04740d8e78f97f746943818b07749f8c{\n-webkit-border-radius:0px 0px 0px 0px;\n-moz-border-radius:0px 0px 0px 0px;\nborder-radius:0px 0px 0px 0px;\npadding:0px 0px 0px 0px;\n}\n<\/style>\n<div class='flex_column av-6vzcmm-04740d8e78f97f746943818b07749f8c av_one_full  avia-builder-el-11  el_after_av_hr  el_before_av_one_third  first flex_column_div av-zero-column-padding '     ><section  class='av_textblock_section av-kfjjwovz-d865095ab64b89caacb0fd5ab3a22e69'  itemscope=\"itemscope\" itemtype=\"https:\/\/schema.org\/CreativeWork\" ><div class='avia_textblock'  itemprop=\"text\" ><h2><strong>Neakreditovan\u00e9 webin\u00e1\u0159e<\/strong><\/h2>\n<p>Nab\u00edz\u00edme \u0161irokou \u0161k\u00e1lu neakreditovan\u00fdch webin\u00e1\u0159\u016f pro u\u010ditele n\u011bmeck\u00e9ho, rusk\u00e9ho a anglick\u00e9ho jazyka. Tyto webin\u00e1\u0159e jsou v\u011bt\u0161inou tematicky rozd\u011bleny: v sou\u010dasn\u00e9 dob\u011b preferujeme webin\u00e1\u0159e s t\u00e9matikou ICT a distan\u010dn\u00ed v\u00fduky, nicm\u00e9n\u011b sna\u017e\u00edme se tak\u00e9 reagovat na aktu\u00e1ln\u00ed obdob\u00ed, ve kter\u00e9m se webin\u00e1\u0159e konaj\u00ed, nap\u0159. aktivity spojen\u00e9 s V\u00e1nocemi apod.<\/p>\n<p>Tyto webin\u00e1\u0159e jsou zdarma, doba trv\u00e1n\u00ed je p\u0159ibli\u017en\u011b 60 minut. Po\u010d\u00edt\u00e1me s vy\u0161\u0161\u00edm po\u010dtem \u00fa\u010dastn\u00edk\u016f, co\u017e bohu\u017eel omezuje mo\u017enost kladen\u00ed slo\u017eit\u011bj\u0161\u00edch dotaz\u016f.<\/p>\n<\/div><\/section><\/div>\n<style type=\"text\/css\" data-created_by=\"avia_inline_auto\" id=\"style-css-av-8vol0e-ef4c4d0cb4c8566944a5de7fba036e3e\">\n.flex_column.av-8vol0e-ef4c4d0cb4c8566944a5de7fba036e3e{\n-webkit-border-radius:0px 0px 0px 0px;\n-moz-border-radius:0px 0px 0px 0px;\nborder-radius:0px 0px 0px 0px;\npadding:0px 0px 0px 0px;\n}\n<\/style>\n<div class='flex_column av-8vol0e-ef4c4d0cb4c8566944a5de7fba036e3e av_one_third  avia-builder-el-13  el_after_av_one_full  el_before_av_one_third  first flex_column_div av-zero-column-padding column-top-margin'     ><div  class='avia-button-wrap av-kfjkh9gi-49d9d45eaed070c07f1d6e7bd20e00c2-wrap avia-button-center  avia-builder-el-14  avia-builder-el-no-sibling '><a href='https:\/\/klett.cz\/seminare\/index.php?id=31' class='avia-button av-kfjkh9gi-49d9d45eaed070c07f1d6e7bd20e00c2 avia-icon_select-no avia-size-x-large avia-position-center avia-color-theme-color' target=\"_blank\" rel=\"noopener noreferrer\"><span class='avia_iconbox_title' >WEBIN\u00c1\u0158E PRO N\u011aM\u010cIN\u00c1\u0158E<\/span><\/a><\/div><\/div><\/p>\n\n<style type=\"text\/css\" data-created_by=\"avia_inline_auto\" id=\"style-css-av-77ng32-304ddf5683233654e43685ea0839680f\">\n.flex_column.av-77ng32-304ddf5683233654e43685ea0839680f{\n-webkit-border-radius:0px 0px 0px 0px;\n-moz-border-radius:0px 0px 0px 0px;\nborder-radius:0px 0px 0px 0px;\npadding:0px 0px 0px 0px;\n}\n<\/style>\n<div class='flex_column av-77ng32-304ddf5683233654e43685ea0839680f av_one_third  avia-builder-el-15  el_after_av_one_third  el_before_av_one_third  flex_column_div av-zero-column-padding column-top-margin'     ><div  class='avia-button-wrap av-kfjkh9gi-451f0e119d9f02f708622e604216efd1-wrap avia-button-center  avia-builder-el-16  avia-builder-el-no-sibling '><a href='https:\/\/klett.cz\/seminare\/index.php?id=37' class='avia-button av-kfjkh9gi-451f0e119d9f02f708622e604216efd1 avia-icon_select-no avia-size-x-large avia-position-center avia-color-theme-color' target=\"_blank\" rel=\"noopener noreferrer\"><span class='avia_iconbox_title' >WEBIN\u00c1\u0158E PRO RU\u0160TIN\u00c1\u0158E<\/span><\/a><\/div><\/div>\n\n<style type=\"text\/css\" data-created_by=\"avia_inline_auto\" id=\"style-css-av-5nzuge-29ee803657c1634acab53911ee118e29\">\n.flex_column.av-5nzuge-29ee803657c1634acab53911ee118e29{\n-webkit-border-radius:0px 0px 0px 0px;\n-moz-border-radius:0px 0px 0px 0px;\nborder-radius:0px 0px 0px 0px;\npadding:0px 0px 0px 0px;\n}\n<\/style>\n<div class='flex_column av-5nzuge-29ee803657c1634acab53911ee118e29 av_one_third  avia-builder-el-17  el_after_av_one_third  el_before_av_hr  flex_column_div av-zero-column-padding column-top-margin'     ><div  class='avia-button-wrap av-kfjkh9gi-4f28f6458826375352abec64d254af7a-wrap avia-button-center  avia-builder-el-18  avia-builder-el-no-sibling '><a href='https:\/\/klett.cz\/seminare\/index.php?id=53' class='avia-button av-kfjkh9gi-4f28f6458826375352abec64d254af7a avia-icon_select-no avia-size-x-large avia-position-center avia-color-theme-color' target=\"_blank\" rel=\"noopener noreferrer\"><span class='avia_iconbox_title' >WEBIN\u00c1\u0158E PRO ANGLI\u010cTIN\u00c1\u0158E<\/span><\/a><\/div><\/div>\n\n<style type=\"text\/css\" data-created_by=\"avia_inline_auto\" id=\"style-css-av-kfjll9z6-2531d950f54056b87cd67b5a66f00c65\">\n#top .hr.hr-invisible.av-kfjll9z6-2531d950f54056b87cd67b5a66f00c65{\nheight:80px;\n}\n<\/style>\n<div  class='hr av-kfjll9z6-2531d950f54056b87cd67b5a66f00c65 hr-invisible  avia-builder-el-19  el_after_av_one_third  el_before_av_one_full '><span class='hr-inner '><span class=\"hr-inner-style\"><\/span><\/span><\/div>\n\n<style type=\"text\/css\" data-created_by=\"avia_inline_auto\" id=\"style-css-av-5r889q-557ca2c519f268310bfec46b224c5dde\">\n.flex_column.av-5r889q-557ca2c519f268310bfec46b224c5dde{\n-webkit-border-radius:0px 0px 0px 0px;\n-moz-border-radius:0px 0px 0px 0px;\nborder-radius:0px 0px 0px 0px;\npadding:0px 0px 0px 0px;\n}\n<\/style>\n<div class='flex_column av-5r889q-557ca2c519f268310bfec46b224c5dde av_one_full  avia-builder-el-20  el_after_av_hr  el_before_av_one_full  first flex_column_div av-zero-column-padding '     ><section  class='av_textblock_section av-kfjk1k9g-9f99b2311ff9d8e3e3ca633ea1c7c38b'  itemscope=\"itemscope\" itemtype=\"https:\/\/schema.org\/CreativeWork\" ><div class='avia_textblock'  itemprop=\"text\" ><h2><strong>Webin\u00e1\u0159e v\u011bnovan\u00e9 interaktivn\u00edmu port\u00e1lu mCourser.cz<\/strong><\/h2>\n<p>Na\u0161e nejmodern\u011bj\u0161\u00ed u\u010debnice ciz\u00edch jazyk\u016f jsou pln\u011b digit\u00e1ln\u011b podporov\u00e1ny. Kompletn\u00ed podpora pro u\u010ditele a \u017e\u00e1ky je soust\u0159ed\u011bna na port\u00e1lu <a href=\"http:\/\/www.mcourser.cz\"><u>www.mcourser.cz<\/u><\/a>. Webin\u00e1\u0159e na toto t\u00e9ma jsou rozd\u011bleny do dvou \u010d\u00e1st\u00ed: v prvn\u00ed p\u0159edstavujeme vyu\u010duj\u00edc\u00edm proces registrace a p\u0159ihl\u00e1\u0161en\u00ed, stejn\u011b tak odem\u010den\u00ed a aktivaci u\u010debnic. Ve druh\u00e9 \u2013 s n\u00e1zvem Pokro\u010dil\u00e9 funkce mCourser.cz \u2013 se d\u00edky Klett Learning Management Syst\u00e9mu zam\u011b\u0159ujeme na spu\u0161t\u011bn\u00ed virtu\u00e1ln\u00ed t\u0159\u00eddy s napojen\u00edm \u017e\u00e1k\u016f, zad\u00e1v\u00e1n\u00ed dom\u00e1c\u00edch \u00fakol\u016f a vyhodnocov\u00e1n\u00ed \u017e\u00e1kovsk\u00fdch \u00fasp\u011bch\u016f.<\/p>\n<\/div><\/section><\/div>\n<style type=\"text\/css\" data-created_by=\"avia_inline_auto\" id=\"style-css-av-3svnfi-862a5f9ec6cbaaec2387c7f439004e21\">\n.flex_column.av-3svnfi-862a5f9ec6cbaaec2387c7f439004e21{\n-webkit-border-radius:0px 0px 0px 0px;\n-moz-border-radius:0px 0px 0px 0px;\nborder-radius:0px 0px 0px 0px;\npadding:0px 0px 0px 0px;\n}\n<\/style>\n<div class='flex_column av-3svnfi-862a5f9ec6cbaaec2387c7f439004e21 av_one_full  avia-builder-el-22  el_after_av_one_full  el_before_av_hr  first flex_column_div av-zero-column-padding column-top-margin'     ><div  class='avia-button-wrap av-kfjkll9q-9ec2025e7588329a6705a4824d3eefbd-wrap avia-button-center  avia-builder-el-23  avia-builder-el-no-sibling '><a href='https:\/\/klett.cz\/seminare\/index.php?id=51' class='avia-button av-kfjkll9q-9ec2025e7588329a6705a4824d3eefbd avia-icon_select-no avia-size-x-large avia-position-center avia-color-theme-color' target=\"_blank\" rel=\"noopener noreferrer\"><span class='avia_iconbox_title' >ZOBRAZIT WEBIN\u00c1\u0158E K INTERAKTIVN\u00cdMU POR\u00c1LU<\/span><\/a><\/div><\/div><\/p>\n\n<style type=\"text\/css\" data-created_by=\"avia_inline_auto\" id=\"style-css-av-kfjll9z6-2531d950f54056b87cd67b5a66f00c65\">\n#top .hr.hr-invisible.av-kfjll9z6-2531d950f54056b87cd67b5a66f00c65{\nheight:80px;\n}\n<\/style>\n<div  class='hr av-kfjll9z6-2531d950f54056b87cd67b5a66f00c65 hr-invisible  avia-builder-el-24  el_after_av_one_full  el_before_av_one_full '><span class='hr-inner '><span class=\"hr-inner-style\"><\/span><\/span><\/div>\n\n<style type=\"text\/css\" data-created_by=\"avia_inline_auto\" id=\"style-css-av-fg2vy-815c1b490914227bc532f850cac9cc08\">\n.flex_column.av-fg2vy-815c1b490914227bc532f850cac9cc08{\n-webkit-border-radius:0px 0px 0px 0px;\n-moz-border-radius:0px 0px 0px 0px;\nborder-radius:0px 0px 0px 0px;\npadding:0px 0px 0px 0px;\n}\n<\/style>\n<div class='flex_column av-fg2vy-815c1b490914227bc532f850cac9cc08 av_one_full  avia-builder-el-25  el_after_av_hr  el_before_av_one_full  first flex_column_div av-zero-column-padding '     ><section  class='av_textblock_section av-kfjk42j1-8b7ed29c77eb9972aa62838b5e64cc64'  itemscope=\"itemscope\" itemtype=\"https:\/\/schema.org\/CreativeWork\" ><div class='avia_textblock'  itemprop=\"text\" ><h2><strong>P\u0159edstaven\u00ed na\u0161ich u\u010debnic<\/strong><\/h2>\n<p>V p\u0159\u00edpad\u011b, \u017ee pot\u0159ebujete v\u00edce informac\u00ed o na\u0161ich v\u00fdukov\u00fdch sad\u00e1ch nebo si pot\u0159ebujete ujasnit koncepci a strukturu dan\u00e9 sady, p\u0159ihlaste se na na\u0161e komer\u010dn\u011b zam\u011b\u0159en\u00e9 webin\u00e1\u0159e. Odborn\u00ed konzultanti z va\u0161eho regionu v\u00e1s provedou danou v\u00fdukovou sadou a odpov\u00ed na v\u0161echny p\u0159\u00edpadn\u00e9 dotazy.<\/p>\n<p>Webin\u00e1\u0159e najdete na na\u0161em webu pod jednotliv\u00fdmi jazyky.<\/p>\n<\/div><\/section><\/div>\n<style type=\"text\/css\" data-created_by=\"avia_inline_auto\" id=\"style-css-av-213wtq-c987b411c1c884704f92a11dc859d197\">\n.flex_column.av-213wtq-c987b411c1c884704f92a11dc859d197{\n-webkit-border-radius:0px 0px 0px 0px;\n-moz-border-radius:0px 0px 0px 0px;\nborder-radius:0px 0px 0px 0px;\npadding:0px 0px 0px 0px;\n}\n<\/style>\n<div class='flex_column av-213wtq-c987b411c1c884704f92a11dc859d197 av_one_full  avia-builder-el-27  el_after_av_one_full  el_before_av_hr  first flex_column_div av-zero-column-padding column-top-margin'     ><div  class='avia-button-wrap av-kfjkll9q-25d6157bc1b9e77096feea89cf450e19-wrap avia-button-center  avia-builder-el-28  avia-builder-el-no-sibling '><a href='https:\/\/klett.cz\/seminare\/' class='avia-button av-kfjkll9q-25d6157bc1b9e77096feea89cf450e19 avia-icon_select-no avia-size-x-large avia-position-center avia-color-theme-color' target=\"_blank\" rel=\"noopener noreferrer\"><span class='avia_iconbox_title' >P\u0158EJ\u00cdT NA WEBIN\u00c1\u0158E<\/span><\/a><\/div><\/div><\/p>\n\n<style type=\"text\/css\" data-created_by=\"avia_inline_auto\" id=\"style-css-av-kfjll9z6-2531d950f54056b87cd67b5a66f00c65\">\n#top .hr.hr-invisible.av-kfjll9z6-2531d950f54056b87cd67b5a66f00c65{\nheight:80px;\n}\n<\/style>\n<div  class='hr av-kfjll9z6-2531d950f54056b87cd67b5a66f00c65 hr-invisible  avia-builder-el-29  el_after_av_one_full  el_before_av_one_full '><span class='hr-inner '><span class=\"hr-inner-style\"><\/span><\/span><\/div>\n\n<style type=\"text\/css\" data-created_by=\"avia_inline_auto\" id=\"style-css-av-2e8y5a-c153b680c0eef34bcde803c9d98a6db0\">\n.flex_column.av-2e8y5a-c153b680c0eef34bcde803c9d98a6db0{\n-webkit-border-radius:0px 0px 0px 0px;\n-moz-border-radius:0px 0px 0px 0px;\nborder-radius:0px 0px 0px 0px;\npadding:0px 0px 0px 0px;\n}\n<\/style>\n<div class='flex_column av-2e8y5a-c153b680c0eef34bcde803c9d98a6db0 av_one_full  avia-builder-el-30  el_after_av_hr  avia-builder-el-last  first flex_column_div av-zero-column-padding '     ><section  class='av_textblock_section av-kfjk7kb3-37f5c7d482c35f8c71ee1d2e00848809'  itemscope=\"itemscope\" itemtype=\"https:\/\/schema.org\/CreativeWork\" ><div class='avia_textblock'  itemprop=\"text\" ><h1>Semin\u00e1\u0159e Klett nakladatelstv\u00ed<\/h1>\n<p>V sou\u010dasn\u00e9 nep\u0159ehledn\u00e9 situaci s Covid-19 nepl\u00e1nujeme \u017e\u00e1dn\u00e9 semin\u00e1\u0159e ani konference.<\/p>\n<\/div><\/section><\/div>\n","protected":false},"excerpt":{"rendered":"","protected":false},"author":7,"featured_media":0,"parent":0,"menu_order":0,"comment_status":"closed","ping_status":"closed","template":"","meta":{"_mi_skip_tracking":false},"_links":{"self":[{"href":"https:\/\/klett.cz\/blog\/wp-json\/wp\/v2\/pages\/4478"}],"collection":[{"href":"https:\/\/klett.cz\/blog\/wp-json\/wp\/v2\/pages"}],"about":[{"href":"https:\/\/klett.cz\/blog\/wp-json\/wp\/v2\/types\/page"}],"author":[{"embeddable":true,"href":"https:\/\/klett.cz\/blog\/wp-json\/wp\/v2\/users\/7"}],"replies":[{"embeddable":true,"href":"https:\/\/klett.cz\/blog\/wp-json\/wp\/v2\/comments?post=4478"}],"version-history":[{"count":7,"href":"https:\/\/klett.cz\/blog\/wp-json\/wp\/v2\/pages\/4478\/revisions"}],"predecessor-version":[{"id":4554,"href":"https:\/\/klett.cz\/blog\/wp-json\/wp\/v2\/pages\/4478\/revisions\/4554"}],"wp:attachment":[{"href":"https:\/\/klett.cz\/blog\/wp-json\/wp\/v2\/media?parent=4478"}],"curies":[{"name":"wp","href":"https:\/\/api.w.org\/{rel}","templated":true}]}}