{"id":4448,"date":"2020-09-23T14:41:52","date_gmt":"2020-09-23T12:41:52","guid":{"rendered":"http:\/\/klett.cz\/blog\/?page_id=4448"},"modified":"2020-11-20T13:19:34","modified_gmt":"2020-11-20T12:19:34","slug":"portal-plne-interaktivni-podpory-mcourser-cz","status":"publish","type":"page","link":"https:\/\/klett.cz\/blog\/portal-plne-interaktivni-podpory-mcourser-cz\/","title":{"rendered":"Port\u00e1l pln\u00e9 interaktivn\u00ed podpory mCourser.cz"},"content":{"rendered":"\n<style type=\"text\/css\" data-created_by=\"avia_inline_auto\" id=\"style-css-av-yanvk-7e1331a04270367b5b619f9277438a3e\">\n.flex_column.av-yanvk-7e1331a04270367b5b619f9277438a3e{\n-webkit-border-radius:0px 0px 0px 0px;\n-moz-border-radius:0px 0px 0px 0px;\nborder-radius:0px 0px 0px 0px;\npadding:0px 0px 0px 0px;\n}\n<\/style>\n<div class='flex_column av-yanvk-7e1331a04270367b5b619f9277438a3e av_one_full  avia-builder-el-0  el_before_av_one_full  avia-builder-el-first  first flex_column_div av-zero-column-padding '     ><section  class='av_textblock_section av-kffda9c6-5233ce9e390cae96986f8731950c6a23'  itemscope=\"itemscope\" itemtype=\"https:\/\/schema.org\/CreativeWork\" ><div class='avia_textblock'  itemprop=\"text\" ><h1>Port\u00e1l s\u00a0interaktivn\u00ed podporou mCourser.cz<\/h1>\n<\/div><\/section><\/div>\n\n<style type=\"text\/css\" data-created_by=\"avia_inline_auto\" id=\"style-css-av-6eykf4-9f645060c26f0fff45327489832c399c\">\n.flex_column.av-6eykf4-9f645060c26f0fff45327489832c399c{\n-webkit-border-radius:0px 0px 0px 0px;\n-moz-border-radius:0px 0px 0px 0px;\nborder-radius:0px 0px 0px 0px;\npadding:0px 0px 0px 0px;\n}\n<\/style>\n<div class='flex_column av-6eykf4-9f645060c26f0fff45327489832c399c av_one_full  avia-builder-el-2  el_after_av_one_full  el_before_av_one_full  first flex_column_div av-zero-column-padding column-top-margin'     ><section  class='av_textblock_section av-kffdhfuz-e7659f91251eda7460cbf1be90ff160b'  itemscope=\"itemscope\" itemtype=\"https:\/\/schema.org\/CreativeWork\" ><div class='avia_textblock'  itemprop=\"text\" ><p>Port\u00e1l <a href=\"https:\/\/www.mcourser.cz\/\">mCourser.cz<\/a> nab\u00edz\u00ed nejmodern\u011bj\u0161\u00ed interaktivn\u00ed podporu k na\u0161im u\u010debnic\u00edm angli\u010dtiny, n\u011bm\u010diny a ru\u0161tiny. V sou\u010dasn\u00e9 dob\u011b podporuje tyto v\u00fdukov\u00e9 sady:<\/p>\n<ul>\n<li><strong>angli\u010dtina: Bloggers<\/strong><\/li>\n<li><strong>n\u011bm\u010dina: Klett Maximal interaktiv, Direkt interaktiv a d.leicht<\/strong><\/li>\n<li><strong>ru\u0161tina: Klassnyje druzja<\/strong><\/li>\n<\/ul>\n<\/div><\/section><\/div>\n\n<style type=\"text\/css\" data-created_by=\"avia_inline_auto\" id=\"style-css-av-s51hc-e8545c0fa33abf838d1c6f2aa62516ae\">\n.flex_column.av-s51hc-e8545c0fa33abf838d1c6f2aa62516ae{\n-webkit-border-radius:0px 0px 0px 0px;\n-moz-border-radius:0px 0px 0px 0px;\nborder-radius:0px 0px 0px 0px;\npadding:0px 0px 0px 0px;\n}\n<\/style>\n<div class='flex_column av-s51hc-e8545c0fa33abf838d1c6f2aa62516ae av_one_full  avia-builder-el-4  el_after_av_one_full  el_before_av_one_full  first flex_column_div av-zero-column-padding column-top-margin'     ><style type=\"text\/css\" data-created_by=\"avia_inline_auto\" id=\"style-css-av-kffdc1qi-a33b9dc0c7827a3586150ce3e150d3d0\">\n.avia-image-container.av-kffdc1qi-a33b9dc0c7827a3586150ce3e150d3d0 img.avia_image{\nbox-shadow:none;\n}\n.avia-image-container.av-kffdc1qi-a33b9dc0c7827a3586150ce3e150d3d0 .av-image-caption-overlay-center{\ncolor:#ffffff;\n}\n<\/style>\n<div  class='avia-image-container av-kffdc1qi-a33b9dc0c7827a3586150ce3e150d3d0 av-styling- avia-align-center  avia-builder-el-5  avia-builder-el-no-sibling '   itemprop=\"image\" itemscope=\"itemscope\" itemtype=\"https:\/\/schema.org\/ImageObject\" ><div class=\"avia-image-container-inner\"><div class=\"avia-image-overlay-wrap\"><img class='wp-image-4441 avia-img-lazy-loading-not-4441 avia_image ' src='https:\/\/klett.cz\/blog\/wp-content\/uploads\/mCourser_660x420.jpg' alt='' title='mCourser_660x420'  height=\"420\" width=\"660\"  itemprop=\"thumbnailUrl\"  \/><\/div><\/div><\/div><\/div>\n\n<style type=\"text\/css\" data-created_by=\"avia_inline_auto\" id=\"style-css-av-3zif34-aa8cddd642dbdd666862fc69b55301ad\">\n.flex_column.av-3zif34-aa8cddd642dbdd666862fc69b55301ad{\n-webkit-border-radius:0px 0px 0px 0px;\n-moz-border-radius:0px 0px 0px 0px;\nborder-radius:0px 0px 0px 0px;\npadding:0px 0px 0px 0px;\n}\n<\/style>\n<div class='flex_column av-3zif34-aa8cddd642dbdd666862fc69b55301ad av_one_full  avia-builder-el-6  el_after_av_one_full  el_before_av_one_full  first flex_column_div av-zero-column-padding column-top-margin'     ><section  class='av_textblock_section av-kffdjgay-67608e7d7eb1d0f7f9c387af5ec338fd'  itemscope=\"itemscope\" itemtype=\"https:\/\/schema.org\/CreativeWork\" ><div class='avia_textblock'  itemprop=\"text\" ><p>Port\u00e1l mCourser.cz nab\u00edz\u00ed n\u011bkolik model\u016f vyu\u017eit\u00ed.<\/p>\n<h4><strong>U\u010ditel se sv\u00fdmi \u017e\u00e1ky pracuje s\u00a0ti\u0161t\u011bnou verz\u00ed u\u010debnice a pracovn\u00edho se\u0161itu Klett nakladatelstv\u00ed, ale p\u0159eje si vyu\u017e\u00edvat i port\u00e1l mCourser.cz.<\/strong><\/h4>\n<p>Pokud postupujete ve v\u00fduce podle ti\u0161t\u011bn\u00fdch u\u010debnic a pracovn\u00edch se\u0161it\u016f, m\u016f\u017eete vyu\u017e\u00edvat port\u00e1l mCourser.cz bezplatn\u011b. To plat\u00ed jak pro vyu\u010duj\u00edc\u00ed, tak pro \u017e\u00e1ky. Vyu\u010duj\u00edc\u00ed pracuje s\u00a0port\u00e1lem b\u011bhem hodiny, tj. zobrazuje jednotliv\u00e9 aktivity na interaktivn\u00ed tabuli, p\u0159\u00edpadn\u011b b\u011b\u017en\u00e9 tabuli s\u00a0p\u0159ipojen\u00fdm projektorem. K tomu je pot\u0159eba bezplatn\u00e1 registrace u\u010ditele na port\u00e1lu <a href=\"https:\/\/www.mcourser.cz\/\">mCourser.cz<\/a> a aktivace unik\u00e1tn\u00edho u\u010ditelsk\u00e9ho k\u00f3du, kter\u00fd je um\u00edst\u011bn v\u00a0metodick\u00e9 p\u0159\u00edru\u010dce. P\u0159\u00edpadn\u011b si jej lze vy\u017e\u00e1dat zdarma na e-mailu <a href=\"mailto:nakladatelstvi@klett.cz\">nakladatelstvi@klett.cz<\/a>, ale pouze v p\u0159\u00edpad\u011b, \u017ee ve v\u00fduce vyu\u010duj\u00edc\u00ed vyu\u017e\u00edv\u00e1 ti\u0161t\u011bn\u00e9 u\u010debnice a pracovn\u00ed se\u0161ity. Platnost u\u010ditelsk\u00e9ho k\u00f3du nen\u00ed \u010dasov\u011b nijak omezena.<\/p>\n<h4><strong>U\u010ditel vyu\u017e\u00edv\u00e1 port\u00e1l mCourser.cz ve sv\u00e9 t\u0159\u00edd\u011b, ale p\u0159eje si,\u00a0aby ho vyu\u017e\u00edvali i \u017e\u00e1ci<\/strong><\/h4>\n<p>S port\u00e1lem mCourser.cz mohou pracovat i \u017e\u00e1ci. A to ti, kte\u0159\u00ed si zakoupili pracovn\u00ed se\u0161it z Klett nakladatelstv\u00ed. Bezplatn\u011b se registruj\u00ed na port\u00e1lu <a href=\"https:\/\/www.mcourser.cz\/\">mCourser.cz<\/a> a k\u00a0aktivaci dan\u00e9ho d\u00edlu u\u010debnice vyu\u017eij\u00ed unik\u00e1tn\u00ed k\u00f3d z\u00a0ti\u0161t\u011bn\u00e9ho pracovn\u00edho se\u0161itu. K\u00f3d je platn\u00fd 18 m\u011bs\u00edc\u016f od data aktivace, nikoliv od data zakoupen\u00ed u\u010debnice \/ pracovn\u00edho se\u0161itu.<\/p>\n<h4><strong>Pln\u00e9 propojen\u00ed u\u010ditele se \u017e\u00e1ky \u2013 Klett LMS<\/strong><\/h4>\n<p>Vyu\u010duj\u00edc\u00ed se m\u016f\u017ee spojit se sv\u00fdmi \u017e\u00e1ky ve virtu\u00e1ln\u00ed u\u010debn\u011b. Po napojen\u00ed m\u016f\u017ee jednodu\u0161e zad\u00e1vat dom\u00e1c\u00ed \u00fakoly a spravovat v\u00fdsledky sv\u00fdch \u017e\u00e1k\u016f.<\/p>\n<\/div><\/section><\/div>\n\n<style type=\"text\/css\" data-created_by=\"avia_inline_auto\" id=\"style-css-av-3029q8-f93cfb2763b16c743b17c1e2f2035e82\">\n.flex_column.av-3029q8-f93cfb2763b16c743b17c1e2f2035e82{\n-webkit-border-radius:0px 0px 0px 0px;\n-moz-border-radius:0px 0px 0px 0px;\nborder-radius:0px 0px 0px 0px;\npadding:0px 0px 0px 0px;\n}\n<\/style>\n<div class='flex_column av-3029q8-f93cfb2763b16c743b17c1e2f2035e82 av_one_full  avia-builder-el-8  el_after_av_one_full  el_before_av_one_full  first flex_column_div av-zero-column-padding column-top-margin'     ><div  class='avia-button-wrap av-kffdkk50-3bcfae34fd0901018eeeaf948cc68540-wrap avia-button-center  avia-builder-el-9  avia-builder-el-no-sibling '><a href='https:\/\/www.mcourser.cz\/' class='avia-button av-kffdkk50-3bcfae34fd0901018eeeaf948cc68540 avia-icon_select-yes-left-icon avia-size-x-large avia-position-center avia-color-theme-color' target=\"_blank\" rel=\"noopener noreferrer\"><span class='avia_button_icon avia_button_icon_left' aria-hidden='true' data-av_icon='\ue85d' data-av_iconfont='entypo-fontello'><\/span><span class='avia_iconbox_title' >P\u0158EJ\u00cdT NA PORT\u00c1L MCOURSER.CZ<\/span><\/a><\/div><\/div>\n\n<style type=\"text\/css\" data-created_by=\"avia_inline_auto\" id=\"style-css-av-4gjuf4-77acceac56016cbea3015c8c4039427a\">\n.flex_column.av-4gjuf4-77acceac56016cbea3015c8c4039427a{\n-webkit-border-radius:0px 0px 0px 0px;\n-moz-border-radius:0px 0px 0px 0px;\nborder-radius:0px 0px 0px 0px;\npadding:0px 0px 0px 0px;\n}\n<\/style>\n<div class='flex_column av-4gjuf4-77acceac56016cbea3015c8c4039427a av_one_full  avia-builder-el-10  el_after_av_one_full  el_before_av_one_full  first flex_column_div av-zero-column-padding column-top-margin'     ><section  class='av_textblock_section av-khq8868t-d3174bc8fe7edb1ff4e964fcf2909ea4'  itemscope=\"itemscope\" itemtype=\"https:\/\/schema.org\/CreativeWork\" ><div class='avia_textblock'  itemprop=\"text\" ><h1>Video instrukce, jak pracovat s mCourserem<\/h1>\n<p>Zaj\u00edm\u00e1 v\u00e1s, jak snadno a efektivn\u011b pracovat s port\u00e1lem mCourser? Pod\u00edvejte se na kr\u00e1tk\u00e9 video n\u00e1vody, kter\u00e9 v\u00e1s provedou spr\u00e1vou port\u00e1lu krok po kroku.<\/p>\n<\/div><\/section><\/div>\n\n<style type=\"text\/css\" data-created_by=\"avia_inline_auto\" id=\"style-css-av-2k2zuo-bd20cbd50f42f3aa6f0bbeaa239d60b8\">\n.flex_column.av-2k2zuo-bd20cbd50f42f3aa6f0bbeaa239d60b8{\n-webkit-border-radius:0px 0px 0px 0px;\n-moz-border-radius:0px 0px 0px 0px;\nborder-radius:0px 0px 0px 0px;\npadding:0px 0px 0px 0px;\n}\n<\/style>\n<div class='flex_column av-2k2zuo-bd20cbd50f42f3aa6f0bbeaa239d60b8 av_one_full  avia-builder-el-12  el_after_av_one_full  avia-builder-el-last  first flex_column_div av-zero-column-padding column-top-margin'     ><div  class='avia-button-wrap av-khq88om1-a4a2f65057a59f279faf9c959791f4f1-wrap avia-button-center  avia-builder-el-13  avia-builder-el-no-sibling '><a href='https:\/\/klett.cz\/blog\/jak-pracovat-s-portalem-mcourser-cz\/'  class='avia-button av-khq88om1-a4a2f65057a59f279faf9c959791f4f1 avia-icon_select-yes-left-icon avia-size-x-large avia-position-center avia-color-theme-color'  ><span class='avia_button_icon avia_button_icon_left' aria-hidden='true' data-av_icon='\ue897' data-av_iconfont='entypo-fontello'><\/span><span class='avia_iconbox_title' >JAK PRACOVAT S PORT\u00c1LEM MCOURSER.CZ<\/span><\/a><\/div><\/div>\n","protected":false},"excerpt":{"rendered":"","protected":false},"author":7,"featured_media":0,"parent":0,"menu_order":0,"comment_status":"closed","ping_status":"closed","template":"","meta":{"_mi_skip_tracking":false},"_links":{"self":[{"href":"https:\/\/klett.cz\/blog\/wp-json\/wp\/v2\/pages\/4448"}],"collection":[{"href":"https:\/\/klett.cz\/blog\/wp-json\/wp\/v2\/pages"}],"about":[{"href":"https:\/\/klett.cz\/blog\/wp-json\/wp\/v2\/types\/page"}],"author":[{"embeddable":true,"href":"https:\/\/klett.cz\/blog\/wp-json\/wp\/v2\/users\/7"}],"replies":[{"embeddable":true,"href":"https:\/\/klett.cz\/blog\/wp-json\/wp\/v2\/comments?post=4448"}],"version-history":[{"count":9,"href":"https:\/\/klett.cz\/blog\/wp-json\/wp\/v2\/pages\/4448\/revisions"}],"predecessor-version":[{"id":4758,"href":"https:\/\/klett.cz\/blog\/wp-json\/wp\/v2\/pages\/4448\/revisions\/4758"}],"wp:attachment":[{"href":"https:\/\/klett.cz\/blog\/wp-json\/wp\/v2\/media?parent=4448"}],"curies":[{"name":"wp","href":"https:\/\/api.w.org\/{rel}","templated":true}]}}