{"id":615,"date":"2024-07-08T13:40:11","date_gmt":"2024-07-08T11:40:11","guid":{"rendered":"https:\/\/klett.cz\/aventura\/?page_id=615"},"modified":"2024-07-08T13:45:52","modified_gmt":"2024-07-08T11:45:52","slug":"interaktivni-vyuka","status":"publish","type":"page","link":"https:\/\/klett.cz\/aventura\/interaktivni-vyuka\/","title":{"rendered":"Interaktivn\u00ed v\u00fduka"},"content":{"rendered":"<div  class='flex_column av-g9hmv-e131758744c994c02150b66f8422d752 av_one_full  avia-builder-el-0  el_before_av_one_full  avia-builder-el-first  first flex_column_div  '     ><section  class='av_textblock_section av-ly3azk40-00d046147e520672eb77ad7ba1d26d1a '   itemscope=\"itemscope\" itemtype=\"https:\/\/schema.org\/CreativeWork\" ><div class='avia_textblock'  itemprop=\"text\" ><h1 style=\"text-align: center;\">Interaktivn\u00ed v\u00fduka na port\u00e1lu IZZI<\/h1>\n<\/div><\/section><\/div>\n<div  class='flex_column av-32tb-76643a591b82521e2edcd8a4797e5eb5 av_one_full  avia-builder-el-2  el_after_av_one_full  el_before_av_one_full  first flex_column_div  column-top-margin'     ><style type=\"text\/css\" data-created_by=\"avia_inline_auto\" id=\"style-css-av-lycwnzrk-99353bdc9221b2196dd86359a9708376\">\n.avia-image-container.av-lycwnzrk-99353bdc9221b2196dd86359a9708376 img.avia_image{\nbox-shadow:none;\n}\n.avia-image-container.av-lycwnzrk-99353bdc9221b2196dd86359a9708376 .av-image-caption-overlay-center{\ncolor:#ffffff;\n}\n<\/style>\n<div  class='avia-image-container av-lycwnzrk-99353bdc9221b2196dd86359a9708376 av-styling- avia-align-center  avia-builder-el-3  avia-builder-el-no-sibling '   itemprop=\"image\" itemscope=\"itemscope\" itemtype=\"https:\/\/schema.org\/ImageObject\" ><div class=\"avia-image-container-inner\"><div class=\"avia-image-overlay-wrap\"><img decoding=\"async\" fetchpriority=\"high\" class='wp-image-621 avia-img-lazy-loading-not-621 avia_image ' src=\"https:\/\/klett.cz\/aventura\/wp-content\/uploads\/Aventura_1.png\" alt='' title='Aventura_1'  height=\"515\" width=\"700\"  itemprop=\"thumbnailUrl\" srcset=\"https:\/\/klett.cz\/aventura\/wp-content\/uploads\/Aventura_1.png 700w, https:\/\/klett.cz\/aventura\/wp-content\/uploads\/Aventura_1-300x221.png 300w\" sizes=\"(max-width: 700px) 100vw, 700px\" \/><\/div><\/div><\/div><\/div>\n<div  class='flex_column av-8v6fz-52deea1319db3d84d57d138264753586 av_one_full  avia-builder-el-4  el_after_av_one_full  el_before_av_one_full  first flex_column_div  column-top-margin'     ><section  class='av_textblock_section av-ly3azx5y-bd41b8a6abec3a494693a0399f4602a6 '   itemscope=\"itemscope\" itemtype=\"https:\/\/schema.org\/CreativeWork\" ><div class='avia_textblock'  itemprop=\"text\" ><p style=\"text-align: center;\">Interaktivn\u00ed podpora na port\u00e1lu IZZI je intuitivn\u00ed a vhodn\u00e1 pro ka\u017edodenn\u00ed vyu\u017eit\u00ed ve t\u0159\u00edd\u011b na interaktivn\u00ed tabuli (\u010di b\u011b\u017en\u00e9 tabuli napojen\u00e9 na projektor) nebo na po\u010d\u00edta\u010di, chytr\u00e9m telefonu \u010di tabletu.<\/p>\n<\/div><\/section><\/div>\n\n<style type=\"text\/css\" data-created_by=\"avia_inline_auto\" id=\"style-css-av-bpezz-84edb40b144e147e76c0d62cc3b341d0\">\n.flex_column.av-bpezz-84edb40b144e147e76c0d62cc3b341d0{\nborder-width:4px;\nborder-color:#dd832b;\nborder-style:solid;\nborder-radius:0 0 0 0;\npadding:20px 20px 20px 20px;\n}\n<\/style>\n<div  class='flex_column av-bpezz-84edb40b144e147e76c0d62cc3b341d0 av_one_full  avia-builder-el-6  el_after_av_one_full  el_before_av_two_fifth  first flex_column_div  column-top-margin'     ><section  class='av_textblock_section av-ly3b2jgx-ee554f17abeb0f85a3ce48d4b411ca45 '   itemscope=\"itemscope\" itemtype=\"https:\/\/schema.org\/CreativeWork\" ><div class='avia_textblock'  itemprop=\"text\" ><h2 style=\"text-align: center;\">P\u0159\u00edstup do interaktivn\u00edho port\u00e1lu IZZI zdarma<\/h2>\n<p style=\"text-align: center;\">U\u010ditel\u00e9 i \u017e\u00e1ci maj\u00ed p\u0159\u00edstup do cel\u00e9 interaktivn\u00ed podpory Nueva Aventura zdarma. Sta\u010d\u00ed nav\u0161t\u00edvit port\u00e1l <a href=\"https:\/\/cz.izzi.digital\/#\/\" target=\"_blank\" rel=\"noopener\">cz.izzi. digita<\/a>l, zvolit u\u010debnici nebo pracovn\u00ed se\u0161it Nueva Aventura, vybrat p\u0159\u00edslu\u0161nou lekci a pustit se do z\u00e1bavn\u00e9ho u\u010den\u00ed.<\/p>\n<\/div><\/section><\/div>\n<div  class='flex_column av-pt5jr-8d5cc5f5c92b1951906602421977d9fe av_two_fifth  avia-builder-el-8  el_after_av_one_full  el_before_av_three_fifth  first flex_column_div  column-top-margin'     ><style type=\"text\/css\" data-created_by=\"avia_inline_auto\" id=\"style-css-av-kvx5b-a79afec4893c0aa6a301c1bb68cf9729\">\n.avia-image-container.av-kvx5b-a79afec4893c0aa6a301c1bb68cf9729 img.avia_image{\nbox-shadow:none;\n}\n.avia-image-container.av-kvx5b-a79afec4893c0aa6a301c1bb68cf9729 .av-image-caption-overlay-center{\ncolor:#ffffff;\n}\n<\/style>\n<div  class='avia-image-container av-kvx5b-a79afec4893c0aa6a301c1bb68cf9729 av-styling- avia-align-right  avia-builder-el-9  avia-builder-el-no-sibling '   itemprop=\"image\" itemscope=\"itemscope\" itemtype=\"https:\/\/schema.org\/ImageObject\" ><div class=\"avia-image-container-inner\"><div class=\"avia-image-overlay-wrap\"><img decoding=\"async\" fetchpriority=\"high\" class='wp-image-620 avia-img-lazy-loading-not-620 avia_image ' src=\"https:\/\/klett.cz\/aventura\/wp-content\/uploads\/Ucitelka_a_tabule_1-1030x928.png\" alt='' title='Ucitelka_a_tabule_1'  height=\"928\" width=\"1030\"  itemprop=\"thumbnailUrl\" srcset=\"https:\/\/klett.cz\/aventura\/wp-content\/uploads\/Ucitelka_a_tabule_1-1030x928.png 1030w, https:\/\/klett.cz\/aventura\/wp-content\/uploads\/Ucitelka_a_tabule_1-300x270.png 300w, https:\/\/klett.cz\/aventura\/wp-content\/uploads\/Ucitelka_a_tabule_1-768x692.png 768w, https:\/\/klett.cz\/aventura\/wp-content\/uploads\/Ucitelka_a_tabule_1-1536x1384.png 1536w, https:\/\/klett.cz\/aventura\/wp-content\/uploads\/Ucitelka_a_tabule_1-2048x1845.png 2048w, https:\/\/klett.cz\/aventura\/wp-content\/uploads\/Ucitelka_a_tabule_1-1500x1351.png 1500w, https:\/\/klett.cz\/aventura\/wp-content\/uploads\/Ucitelka_a_tabule_1-705x635.png 705w\" sizes=\"(max-width: 1030px) 100vw, 1030px\" \/><\/div><\/div><\/div><\/div>\n<div  class='flex_column av-hr46v-9bd7f6b5b151e15ab92fbb68c74611a2 av_three_fifth  avia-builder-el-10  el_after_av_two_fifth  el_before_av_one_full  flex_column_div  column-top-margin'     ><p>\n<style type=\"text\/css\" data-created_by=\"avia_inline_auto\" id=\"style-css-av-lycwrjuv-70037ac4f91a318fa64e5b2bace2dabf\">\n#top .hr.hr-invisible.av-lycwrjuv-70037ac4f91a318fa64e5b2bace2dabf{\nheight:50px;\n}\n<\/style>\n<div  class='hr av-lycwrjuv-70037ac4f91a318fa64e5b2bace2dabf hr-invisible  avia-builder-el-11  el_before_av_textblock  avia-builder-el-first '><span class='hr-inner '><span class=\"hr-inner-style\"><\/span><\/span><\/div><br \/>\n<section  class='av_textblock_section av-ly3b5jeu-d0b416792260e28ead14dc9d754613c7 '   itemscope=\"itemscope\" itemtype=\"https:\/\/schema.org\/CreativeWork\" ><div class='avia_textblock'  itemprop=\"text\" ><h2>Pro\u010d pou\u017e\u00edvat interaktivn\u00ed port\u00e1l aneb co v\u0161e IZZI nab\u00edz\u00ed?<\/h2>\n<ul>\n<li>K dispozici jsou interaktivn\u00ed cvi\u010den\u00ed, poslechy a videa z u\u010debnice a pracovn\u00edho se\u0161itu<\/li>\n<li>D\u00edky elektronick\u00e9 verzi na port\u00e1lu IZZI maj\u00ed \u017e\u00e1ci p\u0159\u00edstup k u\u010debnici i pracovn\u00edmu se\u0161itu kdykoliv a kdekoliv<\/li>\n<li>U\u010ditel se m\u016f\u017ee se svy\u0301mi \u017e\u00e1ky propojit ve virtu\u00e1ln\u00ed t\u0159\u00edd\u011b<\/li>\n<\/ul>\n<\/div><\/section><\/p><\/div>\n<div  class='flex_column av-7ervb-c7bcfd89d5641e56a4ed49ca2388495a av_one_full  avia-builder-el-13  el_after_av_three_fifth  avia-builder-el-last  first flex_column_div  '     ><p>\n<style type=\"text\/css\" data-created_by=\"avia_inline_auto\" id=\"style-css-av-lycwt5xw-4c422963151ba91e1053d96fba89f8a6\">\n#top .hr.hr-invisible.av-lycwt5xw-4c422963151ba91e1053d96fba89f8a6{\nheight:40px;\n}\n<\/style>\n<div  class='hr av-lycwt5xw-4c422963151ba91e1053d96fba89f8a6 hr-invisible  avia-builder-el-14  el_before_av_button  avia-builder-el-first '><span class='hr-inner '><span class=\"hr-inner-style\"><\/span><\/span><\/div><br \/>\n<div  class='avia-button-wrap av-ly3b6hbq-2b4c51f749a2673d1dd95d80fb5e98b9-wrap avia-button-center  avia-builder-el-15  el_after_av_hr  avia-builder-el-last '><a href='https:\/\/cz.izzi.digital\/DOS\/377588\/377597.html'  class='avia-button av-ly3b6hbq-2b4c51f749a2673d1dd95d80fb5e98b9 av-link-btn avia-icon_select-no avia-size-x-large avia-position-center avia-color-theme-color'  target=\"_blank\"  rel=\"noopener noreferrer\"  aria-label=\"VYZKOU\u0160ET INTERAKTIVN\u00cd V\u00ddUKU NUEVA AVENTURA\"><span class='avia_iconbox_title' >VYZKOU\u0160ET INTERAKTIVN\u00cd V\u00ddUKU NUEVA AVENTURA<\/span><\/a><\/div><\/p><\/div>\n","protected":false},"excerpt":{"rendered":"","protected":false},"author":4,"featured_media":0,"parent":0,"menu_order":0,"comment_status":"closed","ping_status":"closed","template":"","meta":{"footnotes":""},"class_list":["post-615","page","type-page","status-publish","hentry"],"_links":{"self":[{"href":"https:\/\/klett.cz\/aventura\/wp-json\/wp\/v2\/pages\/615","targetHints":{"allow":["GET"]}}],"collection":[{"href":"https:\/\/klett.cz\/aventura\/wp-json\/wp\/v2\/pages"}],"about":[{"href":"https:\/\/klett.cz\/aventura\/wp-json\/wp\/v2\/types\/page"}],"author":[{"embeddable":true,"href":"https:\/\/klett.cz\/aventura\/wp-json\/wp\/v2\/users\/4"}],"replies":[{"embeddable":true,"href":"https:\/\/klett.cz\/aventura\/wp-json\/wp\/v2\/comments?post=615"}],"version-history":[{"count":12,"href":"https:\/\/klett.cz\/aventura\/wp-json\/wp\/v2\/pages\/615\/revisions"}],"predecessor-version":[{"id":629,"href":"https:\/\/klett.cz\/aventura\/wp-json\/wp\/v2\/pages\/615\/revisions\/629"}],"wp:attachment":[{"href":"https:\/\/klett.cz\/aventura\/wp-json\/wp\/v2\/media?parent=615"}],"curies":[{"name":"wp","href":"https:\/\/api.w.org\/{rel}","templated":true}]}}