{"id":33,"date":"2018-10-11T10:46:53","date_gmt":"2018-10-11T08:46:53","guid":{"rendered":"https:\/\/klett.cz\/kmi\/?page_id=33"},"modified":"2025-07-24T18:05:51","modified_gmt":"2025-07-24T16:05:51","slug":"kontakty","status":"publish","type":"page","link":"https:\/\/klett.cz\/aventura\/kontakty\/","title":{"rendered":"Kontakty"},"content":{"rendered":"<section  class='av_textblock_section av-jyx08icl-386b5307549e33cba8813f6ef21df9f2 '   itemscope=\"itemscope\" itemtype=\"https:\/\/schema.org\/CreativeWork\" ><div class='avia_textblock'  itemprop=\"text\" ><h1 style=\"text-align: center;\">Kontakt<\/h1>\n<\/div><\/section>\n<\/div><\/div><\/div><!-- close content main div --><\/div><\/div><div id='av_section_1'  class='avia-section av-aoeol-b048fec950386b8298a0524d861d54b6 main_color avia-section-default avia-no-border-styling  avia-builder-el-1  el_after_av_textblock  avia-builder-el-last  avia-bg-style-scroll container_wrap sidebar_right'  ><div class='container av-section-cont-open' ><div class='template-page content  av-content-small alpha units'><div class='post-entry post-entry-type-page post-entry-33'><div class='entry-content-wrapper clearfix'>\n\n<style type=\"text\/css\" data-created_by=\"avia_inline_auto\" id=\"style-css-av-662gx-935ff72a2ade6c6305fecdd3df1018b9\">\n.flex_column.av-662gx-935ff72a2ade6c6305fecdd3df1018b9{\nborder-radius:0px 0px 0px 0px;\npadding:0px 0px 0px 0px;\n}\n<\/style>\n<div  class='flex_column av-662gx-935ff72a2ade6c6305fecdd3df1018b9 av_one_half  avia-builder-el-2  el_before_av_one_half  avia-builder-el-first  first flex_column_div av-zero-column-padding  '     ><form action=\"https:\/\/klett.cz\/aventura\/kontakty\/\" method=\"post\" data-fields-with-error=\"Found errors in the following field(s):\" class=\"avia_ajax_form av-form-labels-visible   avia-builder-el-3  avia-builder-el-no-sibling  av-custom-form-color av-dark-form \" data-avia-form-id=\"1\" data-avia-redirect='' ><h3 class=''>Napi\u0161te n\u00e1m<\/h3><fieldset><p class='  first_form  form_element form_element_half' id='element_avia_1_1'><label for=\"avia_1_1\">Jm\u00e9no <abbr class=\"required\" title=\"required\">*<\/abbr><\/label> <input name=\"avia_1_1\" class=\"text_input is_empty\" type=\"text\" id=\"avia_1_1\" value=\"\" \/><\/p><p class='  form_element form_element_half' id='element_avia_2_1'><label for=\"avia_2_1\">P\u0159ijmen\u00ed <abbr class=\"required\" title=\"required\">*<\/abbr><\/label> <input name=\"avia_2_1\" class=\"text_input is_empty\" type=\"text\" id=\"avia_2_1\" value=\"\" \/><\/p><p class='  first_form  form_element form_element_half' id='element_avia_3_1'><label for=\"avia_3_1\">E-mail <abbr class=\"required\" title=\"required\">*<\/abbr><\/label> <input name=\"avia_3_1\" class=\"text_input is_empty\" type=\"text\" id=\"avia_3_1\" value=\"\" \/><\/p><p class='  form_element form_element_half' id='element_avia_4_1'><label for=\"avia_4_1\">N\u00e1zev \u0161koly <abbr class=\"required\" title=\"required\">*<\/abbr><\/label> <input name=\"avia_4_1\" class=\"text_input is_empty\" type=\"text\" id=\"avia_4_1\" value=\"\" \/><\/p><p class='  first_form  form_element form_fullwidth av-last-visible-form-element' id='element_avia_5_1'><label for=\"avia_5_1\" class=\"textare_label hidden textare_label_avia_5_1\">Zde napi\u0161te zpr\u00e1vu <abbr class=\"required\" title=\"required\">*<\/abbr><\/label><textarea  name=\"avia_5_1\" class=\"text_area is_empty\" cols=\"40\" rows=\"7\" id=\"avia_5_1\" ><\/textarea><\/p><p class=\"hidden\"><input type=\"text\" name=\"avia_6_1\" class=\"hidden \" id=\"avia_6_1\" value=\"\" \/><\/p><p class=\"form_element \"><input type=\"hidden\" value=\"1\" name=\"avia_generated_form1\" \/><input type=\"submit\" value=\"Odeslat\" class=\"button\"  data-sending-label=\"Sending\"\/><\/p><\/fieldset><\/form><div id=\"ajaxresponse_1\" class=\"ajaxresponse ajaxresponse_1 hidden\"><\/div><\/div>\n<style type=\"text\/css\" data-created_by=\"avia_inline_auto\" id=\"style-css-av-1yzyt-63644e3b32bc3dbff42fcd3f8e1732d7\">\n.flex_column.av-1yzyt-63644e3b32bc3dbff42fcd3f8e1732d7{\nborder-radius:0px 0px 0px 0px;\npadding:0px 0px 0px 0px;\n}\n<\/style>\n<div  class='flex_column av-1yzyt-63644e3b32bc3dbff42fcd3f8e1732d7 av_one_half  avia-builder-el-4  el_after_av_one_half  el_before_av_one_half  flex_column_div av-zero-column-padding  '     ><p>\n<style type=\"text\/css\" data-created_by=\"avia_inline_auto\" id=\"style-css-av-kcn9uj0t-e460ab86804eb238432250dcee24390f\">\n#top .hr.hr-invisible.av-kcn9uj0t-e460ab86804eb238432250dcee24390f{\nheight:50px;\n}\n<\/style>\n<div  class='hr av-kcn9uj0t-e460ab86804eb238432250dcee24390f hr-invisible  avia-builder-el-5  el_before_av_image  avia-builder-el-first '><span class='hr-inner '><span class=\"hr-inner-style\"><\/span><\/span><\/div><br \/>\n\n<style type=\"text\/css\" data-created_by=\"avia_inline_auto\" id=\"style-css-av-15ywl-68b15aff4a8016c2730f1e396f1e4c99\">\n.avia-image-container.av-15ywl-68b15aff4a8016c2730f1e396f1e4c99 img.avia_image{\nbox-shadow:none;\n}\n.avia-image-container.av-15ywl-68b15aff4a8016c2730f1e396f1e4c99 .av-image-caption-overlay-center{\ncolor:#ffffff;\n}\n<\/style>\n<div  class='avia-image-container av-15ywl-68b15aff4a8016c2730f1e396f1e4c99 av-styling- avia-align-center  avia-builder-el-6  el_after_av_hr  avia-builder-el-last '   itemprop=\"image\" itemscope=\"itemscope\" itemtype=\"https:\/\/schema.org\/ImageObject\" ><div class=\"avia-image-container-inner\"><div class=\"avia-image-overlay-wrap\"><img decoding=\"async\" fetchpriority=\"high\" class='wp-image-547 avia-img-lazy-loading-not-547 avia_image ' src=\"https:\/\/klett.cz\/aventura\/wp-content\/uploads\/Aventura_Nueva_Logo_oranzove.png\" alt='' title='Aventura_Nueva_Logo_oranzove'  height=\"310\" width=\"746\"  itemprop=\"thumbnailUrl\" srcset=\"https:\/\/klett.cz\/aventura\/wp-content\/uploads\/Aventura_Nueva_Logo_oranzove.png 746w, https:\/\/klett.cz\/aventura\/wp-content\/uploads\/Aventura_Nueva_Logo_oranzove-300x125.png 300w, https:\/\/klett.cz\/aventura\/wp-content\/uploads\/Aventura_Nueva_Logo_oranzove-705x293.png 705w\" sizes=\"(max-width: 746px) 100vw, 746px\" \/><\/div><\/div><\/div><\/p><\/div>\n<style type=\"text\/css\" data-created_by=\"avia_inline_auto\" id=\"style-css-av-9vhh9-98534d5dffe4d3f22b0e3e56dfcea189\">\n.flex_column.av-9vhh9-98534d5dffe4d3f22b0e3e56dfcea189{\nborder-radius:0px 0px 0px 0px;\npadding:0px 0px 0px 0px;\n}\n<\/style>\n<div  class='flex_column av-9vhh9-98534d5dffe4d3f22b0e3e56dfcea189 av_one_half  avia-builder-el-7  el_after_av_one_half  el_before_av_one_half  first flex_column_div av-zero-column-padding  column-top-margin'     ><section  class='av_textblock_section av-8e8kx-21278ab66722afddd59349f46ee7c5de '   itemscope=\"itemscope\" itemtype=\"https:\/\/schema.org\/CreativeWork\" ><div class='avia_textblock'  itemprop=\"text\" ><p><strong>Klett nakladatelstv\u00ed s.r.o.<\/strong><br \/>\nPob\u0159e\u017en\u00ed 620\/3<\/p>\n<p>186 00 Praha 8 \u2013 Karl\u00edn<\/p>\n<p><strong>E-mail: <a href=\"mailto:info@fraus-klett.cz\">info@fraus-klett.cz<\/a><\/strong><br \/>\n<strong>Telefon: +420 233 084 111<\/strong><\/p>\n<\/div><\/section><\/div>\n<style type=\"text\/css\" data-created_by=\"avia_inline_auto\" id=\"style-css-av-806vd-a1cc3350277cb9832004871136080799\">\n.flex_column.av-806vd-a1cc3350277cb9832004871136080799{\nborder-radius:0px 0px 0px 0px;\npadding:0px 0px 0px 0px;\n}\n<\/style>\n<div  class='flex_column av-806vd-a1cc3350277cb9832004871136080799 av_one_half  avia-builder-el-9  el_after_av_one_half  avia-builder-el-last  flex_column_div av-zero-column-padding  column-top-margin'     ><section  class='av_textblock_section av-790xt-1b8e6b71e08acde75d70dbb47acaea7f '   itemscope=\"itemscope\" itemtype=\"https:\/\/schema.org\/CreativeWork\" ><div class='avia_textblock'  itemprop=\"text\" ><p><iframe loading=\"lazy\" style=\"border: 0;\" src=\"https:\/\/www.google.com\/maps\/embed?pb=!1m18!1m12!1m3!1d2559.648684423032!2d14.4387978768127!3d50.09286411304598!2m3!1f0!2f0!3f0!3m2!1i1024!2i768!4f13.1!3m3!1m2!1s0x470b94bc1819fc0f%3A0x67f246781815c625!2zUG9ixZllxb5uw60gNjIwLzMsIDE4NiAwMCBLYXJsw61u!5e0!3m2!1scs!2scz!4v1753372974202!5m2!1scs!2scz\" width=\"600\" height=\"450\" allowfullscreen=\"allowfullscreen\"><\/iframe><\/p>\n<\/div><\/section><\/div><\/div><\/div><\/div><!-- close content main div --><\/div><\/div><div id='after_section_1'  class='main_color av_default_container_wrap container_wrap sidebar_right'  ><div class='container av-section-cont-open' ><div class='template-page content  av-content-small alpha units'><div class='post-entry post-entry-type-page post-entry-33'><div class='entry-content-wrapper clearfix'>\n","protected":false},"excerpt":{"rendered":"","protected":false},"author":2,"featured_media":0,"parent":0,"menu_order":0,"comment_status":"closed","ping_status":"closed","template":"","meta":{"footnotes":""},"class_list":["post-33","page","type-page","status-publish","hentry"],"_links":{"self":[{"href":"https:\/\/klett.cz\/aventura\/wp-json\/wp\/v2\/pages\/33","targetHints":{"allow":["GET"]}}],"collection":[{"href":"https:\/\/klett.cz\/aventura\/wp-json\/wp\/v2\/pages"}],"about":[{"href":"https:\/\/klett.cz\/aventura\/wp-json\/wp\/v2\/types\/page"}],"author":[{"embeddable":true,"href":"https:\/\/klett.cz\/aventura\/wp-json\/wp\/v2\/users\/2"}],"replies":[{"embeddable":true,"href":"https:\/\/klett.cz\/aventura\/wp-json\/wp\/v2\/comments?post=33"}],"version-history":[{"count":14,"href":"https:\/\/klett.cz\/aventura\/wp-json\/wp\/v2\/pages\/33\/revisions"}],"predecessor-version":[{"id":664,"href":"https:\/\/klett.cz\/aventura\/wp-json\/wp\/v2\/pages\/33\/revisions\/664"}],"wp:attachment":[{"href":"https:\/\/klett.cz\/aventura\/wp-json\/wp\/v2\/media?parent=33"}],"curies":[{"name":"wp","href":"https:\/\/api.w.org\/{rel}","templated":true}]}}